{"id":90,"date":"2011-02-09T12:29:52","date_gmt":"2011-02-09T10:29:52","guid":{"rendered":"https:\/\/webs.uab.cat\/mutagenesi\/tesis-de-llicenciatura-i-treballs-de-magister-de-1980-1989\/"},"modified":"2011-02-09T12:29:52","modified_gmt":"2011-02-09T10:29:52","slug":"tesis-de-llicenciatura-i-treballs-de-magister-de-1980-1989","status":"publish","type":"page","link":"https:\/\/webs.uab.cat\/mutagenesi\/tesis-de-llicenciatura-i-treballs-de-magister-de-1980-1989\/","title":{"rendered":"Tesis de Llicenciatura i Treballs de M\u00e0ster de 1980 a 1990"},"content":{"rendered":"<p><strong>1.<\/strong> Potencial mutag\u00e9nico del bromuro de etidio en Drosophila. Julia L\u00f3pez de Sep\u00falveda y Rull. Tesi de Llicenciatura (1980).<\/p>\n<p><strong>2.<\/strong> Genotoxicidad del naranja de acridina y de la acriflavina en Drosophila. Pilar Alba Navarro. Tesi de Llicenciatura (1983).<\/p>\n<p><strong>3.<\/strong> An\u00e1lisis de los efectos gen\u00e9ticos producidos por diferentes mut\u00e1genos qu\u00edmicos en Drosophila melanogaster. Maria Dolores Ferr\u00e9s Marc\u00f3. Tesi de Llicenciatura (1983).<\/p>\n<p><strong>4.<\/strong> Estudio de la mutagenicidad de los insecticidas malati\u00f3n y tiodan en Drosophila melanogaster. M\u00aa Antonia Vel\u00e1zquez Henar. Tesi de Llicenciatura (1983).<\/p>\n<p><strong>5.<\/strong> Toxicitat i dany gen\u00e8tic causat pels insecticides fenvalerat i cipermetr\u00edn a Drosophila melanogaster. Montserrat Batiste-Alentorn Guill\u00e9n. Tesi de Llicenciatura (1986).<\/p>\n<p><strong>6. <\/strong>Estudis dels efectes sobre la viabilitat indu\u00efts pels insecticides malation i diclorvos a Drosophila melanogaster. H\u00e8ctor Andreu S\u00e1nchez. Tesi de Llicenciatura (1986).<\/p>\n<p><strong>7.<\/strong> Evaluaci\u00f3n del da\u00f1o gen\u00e9tico inducido por los insecticidas piretroides cipermetr\u00edn y fenvalerato en cultivos de linfocitos humanos. Elisabet Carbonell Teruel. Tesi de Llicenciatura (1988).<\/p>\n<p><strong>8.<\/strong> Utilizaci\u00f3n de una cepa de Drosophila melanogaster portadora del alelo white-ivory tetraplicado en estudios de genotoxicidad. Ana Egido Machin. Tesi de Llicenciatura (1990).<\/p>\n","protected":false},"excerpt":{"rendered":"<p>1. Potencial mutag\u00e9nico del bromuro de etidio en Drosophila. Julia L\u00f3pez de Sep\u00falveda y Rull. Tesi de Llicenciatura (1980). 2. Genotoxicidad del naranja de acridina y de la acriflavina en Drosophila. Pilar Alba Navarro. Tesi de Llicenciatura (1983). 3. An\u00e1lisis de los efectos gen\u00e9ticos producidos por diferentes mut\u00e1genos qu\u00edmicos en Drosophila melanogaster. Maria Dolores Ferr\u00e9s [&hellip;]<\/p>\n","protected":false},"author":20,"featured_media":0,"parent":0,"menu_order":0,"comment_status":"closed","ping_status":"closed","template":"","meta":{"footnotes":""},"class_list":["post-90","page","type-page","status-publish","hentry"],"_links":{"self":[{"href":"https:\/\/webs.uab.cat\/mutagenesi\/wp-json\/wp\/v2\/pages\/90","targetHints":{"allow":["GET"]}}],"collection":[{"href":"https:\/\/webs.uab.cat\/mutagenesi\/wp-json\/wp\/v2\/pages"}],"about":[{"href":"https:\/\/webs.uab.cat\/mutagenesi\/wp-json\/wp\/v2\/types\/page"}],"author":[{"embeddable":true,"href":"https:\/\/webs.uab.cat\/mutagenesi\/wp-json\/wp\/v2\/users\/20"}],"replies":[{"embeddable":true,"href":"https:\/\/webs.uab.cat\/mutagenesi\/wp-json\/wp\/v2\/comments?post=90"}],"version-history":[{"count":0,"href":"https:\/\/webs.uab.cat\/mutagenesi\/wp-json\/wp\/v2\/pages\/90\/revisions"}],"wp:attachment":[{"href":"https:\/\/webs.uab.cat\/mutagenesi\/wp-json\/wp\/v2\/media?parent=90"}],"curies":[{"name":"wp","href":"https:\/\/api.w.org\/{rel}","templated":true}]}}