{"id":96,"date":"2011-02-09T13:13:44","date_gmt":"2011-02-09T11:13:44","guid":{"rendered":"https:\/\/webs.uab.cat\/mutagenesi\/tesis-doctorals-de-1999-2003\/"},"modified":"2011-02-09T13:13:44","modified_gmt":"2011-02-09T11:13:44","slug":"tesis-doctorals-de-1999-2003","status":"publish","type":"page","link":"https:\/\/webs.uab.cat\/mutagenesi\/tesis-doctorals-de-1999-2003\/","title":{"rendered":"Tesis doctorals de 2001 a 2010"},"content":{"rendered":"<p>\n<strong>14.<\/strong> Relaci\u00f3n entre heterogeneidad intragen\u00f3mica y formaci\u00f3n de aberraciones cromos\u00f3micas. Silvia Puerto Navarro. Directors: J. Surrall\u00e9s i&nbsp;R. Marcos. Lectura: 30-3-2001.<\/p>\n<p><strong>15. <\/strong>Animal test alternatives in metal toxicolgy research. A study by &#8220;in vitro&#8221; cellular systems. Barbara Cocco. Director: E. Sabbioni. Tutor: R. Marcos. Lectura: 20-12-2001.<\/p>\n<p><strong>16. <\/strong>Biomonitorizaci\u00f3n citogen\u00e9tica de cuatro poblaciones agr\u00edcolas europeas expuestas a plaguicidas, mediante el ensayo de micron\u00facleos. Susana Pastor Benito. Directors: A. Creus i&nbsp;R. Marcos. Lectura:17-1-2003.<\/p>\n<p><strong>17.<\/strong> In vitro rodent models as alternative methods in assessing cytotoxicity and carcinogenic potential of metal compounds. Francesca Mazzotti. Director: E. Sabbioni. Tutor: R. Marcos. Lectura: 21-7-2003.<\/p>\n<p><strong>18.<\/strong> Estudio de la inestabilidad gen\u00f3mica espont\u00e1nea en inducida en mutantes deficientes en la reparaci\u00f3n del DNA de Drosophila melanogaster. Arturo L\u00f3pez Castel. Directors: A. Vel\u00e1zquez i&nbsp;N. Xamena. Lectura: 11-12-2003.<\/p>\n<p><strong>19. <\/strong>Estudio de la inestabilidad de repeticiones de trinucle\u00f3tidos asociadas a enfermedades gen\u00e9ticas humanas. Laura Fern\u00e1ndez L\u00f3pez. Directors: A. Vel\u00e1zquez i&nbsp;J. Surrall\u00e9s. Lectura: 23-6-2004.<\/p>\n<p><strong>20.<\/strong> Gen\u00e9tica y biolog\u00eda molecular de la anemia de Fanconi. Elsa Call\u00e9n Mor\u00e9u. Directors: A. Creus i&nbsp;J. Surrall\u00e9s. Lectura: 17-12-2004.<\/p>\n<p><strong>21.<\/strong> Estudio de la genotoxicidad de varios metales en Drosophila melanogaster utilizando el ensayo SMART de alas. Mostapha Rizki. Directors: A. Creus i&nbsp;R. Marcos. Lectura: 20-4-2005.<\/p>\n<p><strong>22.<\/strong> Biomonitorizaci\u00f3n genot\u00f3xica de poblaciones humanas expuestas ambientalmente al ars\u00e9nico. Valeria Mart\u00ednez Gonz\u00e1lez. Directors: A. Creus i&nbsp;R. Marcos. Lectura: 13-6-2005.<\/p>\n<p><strong>23.<\/strong> Polimorfismos gen\u00e9ticos y c\u00e1ncer de tiroides. Giselle P\u00e9rez Machado. Director: R. Marcos. Lectura: 10-7-2006.<\/p>\n<p><strong>24. <\/strong>Factores gen\u00e9ticos de susceptibilidad al c\u00e1ncer de tiroides y riesgo gen\u00e9tico del tratamiento con 131I. Aida Baida Gil. Directors: A. Vel\u00e1zquez i&nbsp;R. Marcos. Lectura: 8-9-2006.<\/p>\n<p><strong>25.<\/strong> Evaluaci\u00f3n del potencial genot\u00f3xico de derivados furiletil\u00e9nicos aplicando ensayos in vitro e in vivo. Jorge I. Gonz\u00e1lez Borroto. Directors: R. Marcos i&nbsp;A. Creus. Lectura: 29-1-2007.<\/p>\n<p><strong>26.<\/strong> Origen del fenotipo zeste en machos de la cepa M115 de D. melanogaster y causas de su reversi\u00f3n: el elemento transponible FB-NOF. Mart\u00ed Badal Soler. Directors: O. Cabr\u00e9 i&nbsp;N. Xamena. Lectura: 8-6-2007.<\/p>\n<p><strong>27.<\/strong> Variaci\u00f3n epigen\u00e9tica y expresi\u00f3n del par de genes w y CG32795 en distintas cepas mutantes zeste1 de Drosophila melanogaster. Anna Portela Mestres Directors: O. Cabr\u00e9 i&nbsp;N. Xamena Lectura: 27-7-2007.<\/p>\n<p><strong>28.<\/strong> Estudio de biomonitorizaci\u00f3n de una poblaci\u00f3n de trabajadores expuestos a ars\u00e9nico y caracterizaci\u00f3n de los posibles mecanismos moduladores del da\u00f1o genot\u00f3xico. Leiliane Paiva Sousa. Directors: R. Marcos i&nbsp;A. Creus. Lectura: 27-11-2007.<\/p>\n<p><strong>29.<\/strong> Estudio del papel de distintos genes, incluido el AS3MT, en el metabolismo y la toxicidad del ars\u00e9nico. Alba Hern\u00e1ndez Bonilla. Director: R. Marcos. Lectura: 25-1-2008.<\/p>\n<p><strong>30. <\/strong>Metallomics in in vitro toxicological research. Massimo Farina. Director: E. Sabbioni. Tutor: R. Marcos. Lectura: 24-11-2008.<\/p>\n<p><strong>31.<\/strong> Estudio del potencial genot\u00f3xico del E-5842, un f\u00e1rmaco experimental antipsic\u00f3tico con afinidad por el receptor sigma, y del mecanismo de inducci\u00f3n de eritrocitos micronucleados en rat\u00f3n mediante hipotermia. Antonio Guzm\u00e1n Cano. Director: R. Marcos. Lectura: 15-12-2008.<\/p>\n<p><strong>32. <\/strong>Utilidad del ensayo de linfoma de rat\u00f3n en la determinaci\u00f3n de los mecanismos de genotoxicidad del ars\u00e9nico. Espectro mutacional del tri\u00f3xido de ars\u00e9nico. Carolina Soriano T\u00e1rraga. Directors: R. Marcos i&nbsp;A. Creus. Lectura: 27-2-2009.<\/p>\n<p><strong>33.<\/strong> Evaluaci\u00f3n genot\u00f3xica de algunos metales pesados en Drosophila melanogaster mediante los ensayos SMART de alas y Cometa. Erico R. Carmona Ort\u00edz. Directors: R. Marcos i&nbsp;A. Creus. Lectura: 25-9-2009.<\/p>\n<p><strong>34.<\/strong> Optimizaciones metodol\u00f3gicas del ensayo del cometa y su aplicaci\u00f3n en biomonitorizaci\u00f3n humana. Liliana A. Z\u00fa\u00f1iga Venegas. Directors: R. Marcos i&nbsp;A. Creus. Lectura: 30-11-2009.<\/p>\n<p><strong>35.<\/strong> Da\u00f1o gen\u00e9tico y radiosensibilidad en pacientes con insuficiencia renal cr\u00f3nica evaluados mediante el ensayo de micron\u00facleos. Silvia Berenice Sandoval Loera. Director: R. Marcos. Lectura: 15-12-2009.<\/p>\n<p><strong>36. <\/strong>An\u00e1lisis de la variabilidad gen\u00e9tica de la anemia de Fanconi. Maria Castell\u00e0 Castell\u00e0. Director: J. Surrall\u00e9s. Lectura: 17-12-2009.<\/p>\n<p><strong>37.<\/strong> Estudios de asociaci\u00f3n en el c\u00e1ncer de tiroides. Papel de los genes TSHR, TPO, NIS, THRA, THRB y RET. Eddy Ren\u00e9 Gonz\u00e1lez Flores. Director: R. Marcos. Lectura: 21-12-2009.<\/p>\n<p><strong>38. <\/strong>Riesgo genot\u00f3xico de los subproductos de la desinfecci\u00f3n del agua. Danae Marcela Liviac Mu\u00f1oz. Directors: R. Marcos i&nbsp;A. Creus. Lectura: 8-7-2010.<\/p>\n<p>&nbsp;<\/p>\n<p>&nbsp;<\/p>\n","protected":false},"excerpt":{"rendered":"<p>14. Relaci\u00f3n entre heterogeneidad intragen\u00f3mica y formaci\u00f3n de aberraciones cromos\u00f3micas. Silvia Puerto Navarro. Directors: J. Surrall\u00e9s i&nbsp;R. Marcos. Lectura: 30-3-2001. 15. Animal test alternatives in metal toxicolgy research. A study by &#8220;in vitro&#8221; cellular systems. Barbara Cocco. Director: E. Sabbioni. Tutor: R. Marcos. Lectura: 20-12-2001. 16. Biomonitorizaci\u00f3n citogen\u00e9tica de cuatro poblaciones agr\u00edcolas europeas expuestas a [&hellip;]<\/p>\n","protected":false},"author":20,"featured_media":0,"parent":0,"menu_order":0,"comment_status":"closed","ping_status":"closed","template":"","meta":{"footnotes":""},"class_list":["post-96","page","type-page","status-publish","hentry"],"_links":{"self":[{"href":"https:\/\/webs.uab.cat\/mutagenesi\/wp-json\/wp\/v2\/pages\/96","targetHints":{"allow":["GET"]}}],"collection":[{"href":"https:\/\/webs.uab.cat\/mutagenesi\/wp-json\/wp\/v2\/pages"}],"about":[{"href":"https:\/\/webs.uab.cat\/mutagenesi\/wp-json\/wp\/v2\/types\/page"}],"author":[{"embeddable":true,"href":"https:\/\/webs.uab.cat\/mutagenesi\/wp-json\/wp\/v2\/users\/20"}],"replies":[{"embeddable":true,"href":"https:\/\/webs.uab.cat\/mutagenesi\/wp-json\/wp\/v2\/comments?post=96"}],"version-history":[{"count":0,"href":"https:\/\/webs.uab.cat\/mutagenesi\/wp-json\/wp\/v2\/pages\/96\/revisions"}],"wp:attachment":[{"href":"https:\/\/webs.uab.cat\/mutagenesi\/wp-json\/wp\/v2\/media?parent=96"}],"curies":[{"name":"wp","href":"https:\/\/api.w.org\/{rel}","templated":true}]}}