{"id":97,"date":"2011-02-09T13:14:47","date_gmt":"2011-02-09T11:14:47","guid":{"rendered":"https:\/\/webs.uab.cat\/mutagenesi\/tesis-doctorals-de-2004\/"},"modified":"2011-02-09T13:14:47","modified_gmt":"2011-02-09T11:14:47","slug":"tesis-doctorals-de-2004","status":"publish","type":"page","link":"https:\/\/webs.uab.cat\/mutagenesi\/tesis-doctorals-de-2004\/","title":{"rendered":"Tesis doctorals de 2011 a 2020"},"content":{"rendered":"<p><strong>39. <\/strong>Susceptibilidad gen\u00e9tica al c\u00e1ncer de tiroides: estudios de asociaci\u00f3n de las regiones del genoma 1p12 y 8q. Abdelmounaim Akdi. &nbsp;Directors: A. Vel\u00e1zquez i&nbsp;R. Marcos. Lectura: 13-4-2011.<\/p>\n<p><strong>40.<\/strong> Da\u00f1o gen\u00f3mico en pacientes con insuficiencia renal cr\u00f3nica y su relaci\u00f3n con el tratamiento sustitutivo. Elitsa Georgieva Stoyanova. &nbsp;Director: R. Marcos. Lectura: 25-7-2011.<\/p>\n<p><strong>41.<\/strong> Da\u00f1o gen\u00e9tico en madres y en sus reci\u00e9n nacidos. Factores moduladores. Naouale El-Yamani.&nbsp;Director: R. Marcos. Lectura: 4-11-2011.<\/p>\n<p><strong>42. <\/strong>Implicaci\u00f3n de los factores nucleares hep\u00e1ticos en el proceso de carcinog\u00e9nesis mediado por el ars\u00e9nico. Ana Pastoret Calder\u00f3. Directors: R. Marcos i A. Hern\u00e1ndez. Lectura: 20-7-2012.<\/p>\n<p><strong>43.<\/strong> Expresi\u00f3n y regulaci\u00f3n de los genes WDR3 y TBX15 en c\u00e1ncer. Esteban Mariano Gim\u00e9nez. Directora: A. Vel\u00e1zquez. Lectura: 14-9-2012.<\/p>\n<p><strong>44.<\/strong> Radiosensibilidad y factores gen\u00e9ticos de riesgo en el c\u00e1ncer de tiroides. Wilser Andr\u00e9s Garc\u00eda Quispes. Director: R. Marcos. Lectura: 16-10-2012.<\/p>\n<p><strong>45.<\/strong> El proyecto NanoGenotox: Hacia el desarrollo de una metodolog\u00eda robusta para la determinaci\u00f3n del potencial genot\u00f3xico de los nanomateriales. Gerard Vales Segura. Director: R. Marcos. Lectura: 12-11-2013.<\/p>\n<p><strong>46. <\/strong>Estudi in vitro del paper del dany oxidatiu com a mecanisme d\u2019acci\u00f3 en la carcinog\u00e8nesi associada a l\u2019ars\u00e8nic. Jordi Bach Griera. Directors: A. Hern\u00e1ndez i&nbsp;R. Marcos. Lectura: 16-11-2015.<\/p>\n<p><strong>47.<\/strong> Dany gen\u00e8tic i la seva modulaci\u00f3 en pacients amb malaltia renal cr\u00f3nica. Lara Rodr\u00edguez Ribera. Directors: S. Pastor i&nbsp;R. Marcos. Lectura: 19-11-2015.<\/p>\n<p><strong>48.<\/strong> Los factores de transcripci\u00f3n TBX15 e YY1 en c\u00e1ncer. Funci\u00f3n y regulaci\u00f3n de TBX15. Expresi\u00f3n de YY1 en c\u00e1ncer de tiroides. Jessica Arribas Arranz. Directora: A. Vel\u00e1zquez. Lectura: 27-11-2015.<\/p>\n<p><strong>49.<\/strong> Da\u00f1o gen\u00f3mico como biomarcador de la enfermedad renal cr\u00f3nica. Zuray F. Corredor Mancilla. Directors: S. Pastor i&nbsp;R. Marcos. Lectura: 30-6-2016.<\/p>\n<p><strong>50.<\/strong> Desarrollo de un modelo in vitro de barrera intestinal para la evaluaci\u00f3n del riesgo de nanomateriales. Laura Vila Vecilla. Directors: A. Hern\u00e1ndez i&nbsp;R. Marcos. Lectura: 9-11-2016.<\/p>\n<p><strong>51.<\/strong> Biological effects of nanomaterials in Drosophila melanogaster (diptera, insecta) as in vivo model. Mohamed Alaraby. Directors: R. Marcos i&nbsp;A. Hern\u00e1ndez. Lectura: 12-12-2016.<\/p>\n<p><strong>52.<\/strong> El ensayo de micron\u00facleos en c\u00e9lulas uroteliales como indicador diagn\u00f3stico\/pron\u00f3stico de riesgo genot\u00f3xico\/carcinog\u00e9nico. Felicidad Espinoza Soto. Director: R. Marcos. Lectura: 11-1-2017.<\/p>\n<p><strong>53.<\/strong> In vitro studies on the biological effects of cerium oxide nanoparticles. Laura Rubio Lorente. Directors: R. Marcos i&nbsp;A. Hern\u00e1ndez. Lectura: 13-2-2017.<\/p>\n<p><strong>54. <\/strong>Estudi dels potencials mecanismes involucrats en la carcinog\u00e8nesi de l\u2019arsenic Jana Peremart\u00ed Brosel. Directors: A. Hern\u00e1ndez i&nbsp;R. Marcos. Lectura: 21-3-2017.<\/p>\n<p><strong>55.&nbsp;<\/strong>Assessing the carcinogenic risk of water disinfection by-products. Use of in vitro models to evaluate halonitromethanes and haloacetic acids. Al\u00edcia Mars\u00e0 Salvany. Directors: A. Hern\u00e1ndez, Constanza Cort\u00e9s i R. Marcos. Lectura: 28-11-2017.<\/p>\n<p><strong>56<\/strong>. The applicability of <em>in vitro<\/em> models of the intestinal barrier for the risk assessment of engineered nanomaterials used as food additives. Alba Garc\u00eda Rodr\u00edguez. Directors: C. Cort\u00e9s i R. Marcos. Lectura: 16-03-2018.<\/p>\n","protected":false},"excerpt":{"rendered":"<p>39. Susceptibilidad gen\u00e9tica al c\u00e1ncer de tiroides: estudios de asociaci\u00f3n de las regiones del genoma 1p12 y 8q. Abdelmounaim Akdi. &nbsp;Directors: A. Vel\u00e1zquez i&nbsp;R. Marcos. Lectura: 13-4-2011. 40. Da\u00f1o gen\u00f3mico en pacientes con insuficiencia renal cr\u00f3nica y su relaci\u00f3n con el tratamiento sustitutivo. Elitsa Georgieva Stoyanova. &nbsp;Director: R. Marcos. Lectura: 25-7-2011. 41. Da\u00f1o gen\u00e9tico en [&hellip;]<\/p>\n","protected":false},"author":20,"featured_media":0,"parent":0,"menu_order":0,"comment_status":"closed","ping_status":"closed","template":"","meta":{"footnotes":""},"class_list":["post-97","page","type-page","status-publish","hentry"],"_links":{"self":[{"href":"https:\/\/webs.uab.cat\/mutagenesi\/wp-json\/wp\/v2\/pages\/97","targetHints":{"allow":["GET"]}}],"collection":[{"href":"https:\/\/webs.uab.cat\/mutagenesi\/wp-json\/wp\/v2\/pages"}],"about":[{"href":"https:\/\/webs.uab.cat\/mutagenesi\/wp-json\/wp\/v2\/types\/page"}],"author":[{"embeddable":true,"href":"https:\/\/webs.uab.cat\/mutagenesi\/wp-json\/wp\/v2\/users\/20"}],"replies":[{"embeddable":true,"href":"https:\/\/webs.uab.cat\/mutagenesi\/wp-json\/wp\/v2\/comments?post=97"}],"version-history":[{"count":0,"href":"https:\/\/webs.uab.cat\/mutagenesi\/wp-json\/wp\/v2\/pages\/97\/revisions"}],"wp:attachment":[{"href":"https:\/\/webs.uab.cat\/mutagenesi\/wp-json\/wp\/v2\/media?parent=97"}],"curies":[{"name":"wp","href":"https:\/\/api.w.org\/{rel}","templated":true}]}}