{"id":48,"date":"2015-05-07T11:28:59","date_gmt":"2015-05-07T11:28:59","guid":{"rendered":"https:\/\/webs.uab.cat\/nasca\/proyecto-la-puntilla\/"},"modified":"2025-04-10T16:25:34","modified_gmt":"2025-04-10T16:25:34","slug":"proyecto-la-puntilla","status":"publish","type":"page","link":"https:\/\/webs.uab.cat\/nasca\/","title":{"rendered":"Proyecto La Puntilla"},"content":{"rendered":"\n<figure class=\"wp-block-image\"><a href=\"http:\/\/jornades.uab.cat\/nasca\/content\/mapa-de-la-puntilla\"><img decoding=\"async\" src=\"http:\/\/jornades.uab.cat\/nasca\/sites\/jornades.uab.cat.nasca\/files\/images\/mapapuntilla1.png\" alt=\"\" title=\"\" \/><\/a><\/figure>\n\n\n\n<p><\/p>\n\n\n\n<p class=\"rtejustify\">El proyecto se propone conocer las condiciones de vida y las relaciones sociales entre las mujeres y hombres y entre los distintos colectivos de las comunidades que viv\u00edan en el valle de Nasca entre los a\u00f1os 1500 Ane y 400 Dne.<br>El marco de referencia tradicional se corresponde con los denominados \u201cPeriodo Formativo\u201d y \u201cPeriodo de los Desarrollos Regionales\u201d. Aunque el paradigma hist\u00f3rico-cultural sit\u00faa en estos momentos las llamadas \u201cCultura Paracas\u201d y \u201cCultura Nasca\u201d, estas viejas construcciones te\u00f3ricas no resultan de utilidad como encuadres cronol\u00f3gicos, debido a la coexistencia temporal de muchas de las caracter\u00edsticas utilizadas en su definici\u00f3n, y resultan inciertas a la hora de dar explicaciones satisfactorias.<br>Nuestro objetivo es abordar, desde la arqueolog\u00eda, la realidad de la vida social en las comunidades de esas etapas de la historia de la Costa Sur del Per\u00fa, su contexto ecol\u00f3gico y clim\u00e1tico, sus tecnolog\u00edas y sus pr\u00e1cticas econ\u00f3micas, sus formas pol\u00edticas, que conllevan la aparici\u00f3n de un estado en la regi\u00f3n, y su ideolog\u00eda, a trav\u00e9s de sus representaciones y sus pr\u00e1cticas funerarias.<\/p>\n\n\n\n<p>&nbsp;<\/p>\n","protected":false},"excerpt":{"rendered":"<p>El proyecto se propone conocer las condiciones de vida y las relaciones sociales entre las mujeres y hombres y entre los distintos colectivos de las comunidades que viv\u00edan en el valle de Nasca entre los a\u00f1os 1500 Ane y 400 Dne.El marco de referencia tradicional se corresponde con los denominados \u201cPeriodo Formativo\u201d y \u201cPeriodo de [&hellip;]<\/p>\n","protected":false},"author":20,"featured_media":0,"parent":0,"menu_order":0,"comment_status":"closed","ping_status":"closed","template":"","meta":{"footnotes":""},"class_list":["post-48","page","type-page","status-publish","hentry"],"_links":{"self":[{"href":"https:\/\/webs.uab.cat\/nasca\/wp-json\/wp\/v2\/pages\/48","targetHints":{"allow":["GET"]}}],"collection":[{"href":"https:\/\/webs.uab.cat\/nasca\/wp-json\/wp\/v2\/pages"}],"about":[{"href":"https:\/\/webs.uab.cat\/nasca\/wp-json\/wp\/v2\/types\/page"}],"author":[{"embeddable":true,"href":"https:\/\/webs.uab.cat\/nasca\/wp-json\/wp\/v2\/users\/20"}],"replies":[{"embeddable":true,"href":"https:\/\/webs.uab.cat\/nasca\/wp-json\/wp\/v2\/comments?post=48"}],"version-history":[{"count":1,"href":"https:\/\/webs.uab.cat\/nasca\/wp-json\/wp\/v2\/pages\/48\/revisions"}],"predecessor-version":[{"id":149,"href":"https:\/\/webs.uab.cat\/nasca\/wp-json\/wp\/v2\/pages\/48\/revisions\/149"}],"wp:attachment":[{"href":"https:\/\/webs.uab.cat\/nasca\/wp-json\/wp\/v2\/media?parent=48"}],"curies":[{"name":"wp","href":"https:\/\/api.w.org\/{rel}","templated":true}]}}