{"id":49,"date":"2015-05-07T11:29:26","date_gmt":"2015-05-07T11:29:26","guid":{"rendered":"https:\/\/webs.uab.cat\/nasca\/la-investigacion\/"},"modified":"2015-05-07T11:29:26","modified_gmt":"2015-05-07T11:29:26","slug":"la-investigacion","status":"publish","type":"page","link":"https:\/\/webs.uab.cat\/nasca\/la-investigacion\/","title":{"rendered":"La Investigaci\u00f3n"},"content":{"rendered":"<p><strong>L\u00edneas de investigaci\u00f3n del proyecto<\/strong><\/p>\n<p class=\"rtejustify\">Las investigaciones tienen como objetivo desarrollar estudios sociol\u00f3gicos e hist\u00f3ricos desde la Arqueolog\u00eda. En consecuencia, las claves te\u00f3ricas, est\u00e1n sujetas a proposiciones materialistas, feministas y realistas con el objetivo de conocer las sociedades del pasado. Para propiciar una Arqueolog\u00eda Social y conocer la din\u00e1mica de las comunidades de la cuenca de Nasca, debemos contar con unos criterios te\u00f3rico-metodol\u00f3gicos coherentes con esos objetivos.<br \/>\nAs\u00ed, la metodolog\u00eda del proyecto se vincula a la Teor\u00eda de los Conjuntos Arqueol\u00f3gicos (registros de campo), la Teor\u00eda de las Situaciones Hist\u00f3ricas (demarcaci\u00f3n de Horizontes de Sincron\u00eda), la Teor\u00eda de las Pr\u00e1cticas Sociales (an\u00e1lisis de los Espacios Sociales), y la Teor\u00eda de la Producci\u00f3n de la Vida Social (lecturas sociol\u00f3gicas)<\/p>\n<p>1) Ampliaci\u00f3n de las pruebas emp\u00edricas (excavaciones y anal\u00edticas)<br \/>\n2) Demarcaci\u00f3n cronom\u00e9trica de horizontes sociales y revisi\u00f3n de la periodizaci\u00f3n regional.<br \/>\n3) Caracterizaci\u00f3n de lugares sociales (definici\u00f3n de actividades y de pr\u00e1cticas sociales en unidades, comunidades y territorios).<br \/>\n4) Redes relacionales que involucran a sujetos y a objetos sociales.<br \/>\n5) Condiciones de reproducci\u00f3n social, detectando indicadores de la existencia o no de explotaci\u00f3n social y dominio coercitivo.<\/p>\n","protected":false},"excerpt":{"rendered":"<p>L\u00edneas de investigaci\u00f3n del proyecto Las investigaciones tienen como objetivo desarrollar estudios sociol\u00f3gicos e hist\u00f3ricos desde la Arqueolog\u00eda. En consecuencia, las claves te\u00f3ricas, est\u00e1n sujetas a proposiciones materialistas, feministas y realistas con el objetivo de conocer las sociedades del pasado. Para propiciar una Arqueolog\u00eda Social y conocer la din\u00e1mica de las comunidades de la cuenca [&hellip;]<\/p>\n","protected":false},"author":20,"featured_media":0,"parent":0,"menu_order":0,"comment_status":"closed","ping_status":"closed","template":"","meta":{"footnotes":""},"class_list":["post-49","page","type-page","status-publish","hentry"],"_links":{"self":[{"href":"https:\/\/webs.uab.cat\/nasca\/wp-json\/wp\/v2\/pages\/49","targetHints":{"allow":["GET"]}}],"collection":[{"href":"https:\/\/webs.uab.cat\/nasca\/wp-json\/wp\/v2\/pages"}],"about":[{"href":"https:\/\/webs.uab.cat\/nasca\/wp-json\/wp\/v2\/types\/page"}],"author":[{"embeddable":true,"href":"https:\/\/webs.uab.cat\/nasca\/wp-json\/wp\/v2\/users\/20"}],"replies":[{"embeddable":true,"href":"https:\/\/webs.uab.cat\/nasca\/wp-json\/wp\/v2\/comments?post=49"}],"version-history":[{"count":0,"href":"https:\/\/webs.uab.cat\/nasca\/wp-json\/wp\/v2\/pages\/49\/revisions"}],"wp:attachment":[{"href":"https:\/\/webs.uab.cat\/nasca\/wp-json\/wp\/v2\/media?parent=49"}],"curies":[{"name":"wp","href":"https:\/\/api.w.org\/{rel}","templated":true}]}}