{"id":51,"date":"2015-05-07T11:30:36","date_gmt":"2015-05-07T11:30:36","guid":{"rendered":"https:\/\/webs.uab.cat\/nasca\/cronologia\/"},"modified":"2015-05-07T11:30:36","modified_gmt":"2015-05-07T11:30:36","slug":"cronologia","status":"publish","type":"page","link":"https:\/\/webs.uab.cat\/nasca\/cronologia\/","title":{"rendered":"Cronolog\u00eda"},"content":{"rendered":"<p align=\"justify\">La informaci\u00f3n que tenemos de El Trigal y de otros sitios arqueol\u00f3gicos de La Puntilla nos permite definir una serie de fases puestas de manifiesto a trav\u00e9s de las evidencias materiales:<br \/><strong>-Trigal 1<\/strong> (Asentamiento Inicial): 1200-800 cal ANE Primera ocupaci\u00f3n constatada en El Trigal III<br \/><strong>-Trigal 2<\/strong> (Horizonte de Cerro de El Trigal I): 700-450 cal ANE. Primer asentamiento del Cerro de El Trigal. Fase del Edificio de los Almacenes y construcci\u00f3n del sistema defensivo.<br \/><strong>-Trigal 3<\/strong> (Horizonte de Cerro de El Trigal II): 450-150 cal ANE. Segundo asentamiento del Cerro El Trigal. Fase del Edificio de los Patios.<br \/><strong>-Trigal 4<\/strong> (Horizonte de La Puntilla I): 100 cal ANE-50 cal DNE. Tras el desalojo del Cerro, se ubica en El Trigal III un nuevo asentamiento. Las ocupaci\u00f3n del sitio de La Puntilla 1 ilustra esta etapa.<br \/><strong>-Trigal 5<\/strong> (Horizonte de Cahuachi): 50-400 cal DNE. Es la etapa de centralizaci\u00f3n territorial del Estado de Cahuachi. En El Trigal III existe un asentamiento que forma parte del territorio rural. Un complejo arquitect\u00f3nico, con estancias, patios y corredores, donde se realizaron tambi\u00e9n enterramientos, parece constituir un gran enclave dom\u00e9stico.<br \/><strong>-Abandono<\/strong>: 400-1400 cal DNE. Con el abandono del centro pol\u00edtico-ideol\u00f3gico de Cahuachi, tambi\u00e9n se abandon\u00f3 El Trigal III, en el marco de la desaparici\u00f3n del estado regional. No conocemos la ubicaci\u00f3n del poblamiento en La Puntilla durante un milenio. No obstante, al otro lado del r\u00edo Aja, la zona arqueol\u00f3gica de La Tiza, nos informa de la persistencia de los asentamientos en la comarca.<br \/><strong>-Trigal 6<\/strong> (Horizonte de Expansi\u00f3n Imperial Inka): 1400-1500 cal DNE. En el marco de la desestabilizaci\u00f3n pol\u00edtica y poblacional que gener\u00f3 la expansi\u00f3n imperial Inka hacia la costa, sabemos que hubo frecuentaciones y posibles establecimientos, de car\u00e1cter precario, en los cerros de La Puntilla, como ocurri\u00f3 en Cerro de El Trigal entorno al 1450 cal ANE.<br \/><strong>-Trigal 7<\/strong>&nbsp;Siglos XVI-XX cal DNE. La zona de El Trigal fue objeto de actividades agroganaderas. Sabemos que hubo unos establos de ganado caprino en el Cerro de El Trigal, y existen otras evidencias de frecuentaciones.<br \/><strong>-Trigal 8<\/strong> Siglo XX: La existencia a lo largo del siglo XX de la hacienda de El Trigal y las infraestructuras asociadas (acequias, aterrazamientos), junto a la existencia de un bosque de huarangos en El Trigal III, supuso una afectaci\u00f3n importante a los dep\u00f3sitos arqueol\u00f3gicos. Adem\u00e1s durante el siglo XX se realizaron intensas actividades clantestinas de excavaciones (\u201chuaqueo\u201d), que afectaron sobre todo a las tumbas de El Trigal III.<\/p>\n","protected":false},"excerpt":{"rendered":"<p>La informaci\u00f3n que tenemos de El Trigal y de otros sitios arqueol\u00f3gicos de La Puntilla nos permite definir una serie de fases puestas de manifiesto a trav\u00e9s de las evidencias materiales:-Trigal 1 (Asentamiento Inicial): 1200-800 cal ANE Primera ocupaci\u00f3n constatada en El Trigal III-Trigal 2 (Horizonte de Cerro de El Trigal I): 700-450 cal ANE. [&hellip;]<\/p>\n","protected":false},"author":20,"featured_media":0,"parent":0,"menu_order":0,"comment_status":"closed","ping_status":"closed","template":"","meta":{"footnotes":""},"class_list":["post-51","page","type-page","status-publish","hentry"],"_links":{"self":[{"href":"https:\/\/webs.uab.cat\/nasca\/wp-json\/wp\/v2\/pages\/51","targetHints":{"allow":["GET"]}}],"collection":[{"href":"https:\/\/webs.uab.cat\/nasca\/wp-json\/wp\/v2\/pages"}],"about":[{"href":"https:\/\/webs.uab.cat\/nasca\/wp-json\/wp\/v2\/types\/page"}],"author":[{"embeddable":true,"href":"https:\/\/webs.uab.cat\/nasca\/wp-json\/wp\/v2\/users\/20"}],"replies":[{"embeddable":true,"href":"https:\/\/webs.uab.cat\/nasca\/wp-json\/wp\/v2\/comments?post=51"}],"version-history":[{"count":0,"href":"https:\/\/webs.uab.cat\/nasca\/wp-json\/wp\/v2\/pages\/51\/revisions"}],"wp:attachment":[{"href":"https:\/\/webs.uab.cat\/nasca\/wp-json\/wp\/v2\/media?parent=51"}],"curies":[{"name":"wp","href":"https:\/\/api.w.org\/{rel}","templated":true}]}}