{"id":54,"date":"2015-05-07T11:34:23","date_gmt":"2015-05-07T11:34:23","guid":{"rendered":"https:\/\/webs.uab.cat\/nasca\/sector-iii\/"},"modified":"2022-08-05T12:01:26","modified_gmt":"2022-08-05T12:01:26","slug":"sector-iii","status":"publish","type":"page","link":"https:\/\/webs.uab.cat\/nasca\/sector-iii\/","title":{"rendered":"Sector III"},"content":{"rendered":"\n<p><a href=\"https:\/\/webs.uab.cat\/nasca\/excavacion\/\" data-type=\"page\" data-id=\"50\">Excavaci\u00f3n<\/a>&nbsp;\u00bb Sector III<\/p>\n\n\n\n<figure class=\"wp-block-image is-resized\"><img loading=\"lazy\" decoding=\"async\" src=\"http:\/\/jornades.uab.cat\/nasca\/sites\/jornades.uab.cat.nasca\/files\/images\/trigal1_0.jpg\" alt=\"\" width=\"698\" height=\"530\" title=\"\"\/><\/figure>\n\n\n\n<p>&nbsp;<span class=\"inline inline-none\"><\/span><\/p>\n\n\n\n<p>En El Trigal III durante las excavaciones de 2006-2007 se constat\u00f3 la existencia de una serie de tumbas en varios espacios diferenciados, en lo que err\u00f3neamente, seg\u00fan hemos comprobado en las \u00faltimas excavaciones, se consider\u00f3 un cementerio o necr\u00f3polis, es decir un espacio delimitado, exclusivo y especializado, para pr\u00e1cticas funerarias (Castro-Mart\u00ednez, De La Torre y Escoriza-Mateu 2008). En el an\u00e1lisis preliminar del registro funerario se pudo inferir la existencia de pr\u00e1cticas de coerci\u00f3n f\u00edsica y de una ideolog\u00eda pol\u00edtica justificativa de la imposici\u00f3n violenta, que se asoci\u00f3 a la implantaci\u00f3n del dominio del Estado de Cahuachi en el valle de Nasca, as\u00ed como la existencia de indicadores de transmisi\u00f3n hereditaria de los privilegios y la riqueza. Las nuevas excavaciones en El Trigal III se ha centrado en buscar apoyos emp\u00edricos a las hip\u00f3tesis elaboradas en a\u00f1os precedentes, y en clarificar los espacios sociales de las tumbas registradas en los primeros trabajos de campo. Los nuevos registros nos han obligado a replantearnos esos contextos, ante la evidencia de que estamos ante un asentamiento configurado por un \u00fanico complejo arquitect\u00f3nico, y que las sepulturas se encuentra en \u00e1reas muy concretas, en patios o debajo de los suelos de algunas estancias. De esta manera desde el a\u00f1o 2012 qued\u00f3 confirmado que no pod\u00edamos hablar de una necr\u00f3polis en tanto que espacio funerario especializado Al ampliar las excavaciones hacia el Norte del \u00e1rea documentada en 2006-2007, se puso de manifiesto que las tumbas aparec\u00edan concentradas precisamente en los sectores excavados entonces, en espacios localizados al Sur y Sureste de un complejo arquitect\u00f3nico que ocupaba un amplio espacio aterrazado con muros perimetrales. Ahora podemos concluir que ese complejo arquitect\u00f3nico constitu\u00eda una gran casa, donde exist\u00edan estancias, corredores y patios destinados a diversas actividades econ\u00f3micas Excepto tres sepulturas infantiles ubicadas debajo de los suelos, ninguna de ellas con ajuar funerario, no se han documentado m\u00e1s tumbas en las \u00faltimas excavaciones. Por el contrario, hemos podido evidenciar que los elementos arquitect\u00f3nicos y estructuras corresponden a espacios donde hubo una importante actividad de procesado de alimentos y de fabricaci\u00f3n de herramientas e implementos, que debieron implicar el trabajo de un n\u00famero importante de hombres y\/o mujeres.<\/p>\n","protected":false},"excerpt":{"rendered":"<p>Excavaci\u00f3n&nbsp;\u00bb Sector III &nbsp; En El Trigal III durante las excavaciones de 2006-2007 se constat\u00f3 la existencia de una serie de tumbas en varios espacios diferenciados, en lo que err\u00f3neamente, seg\u00fan hemos comprobado en las \u00faltimas excavaciones, se consider\u00f3 un cementerio o necr\u00f3polis, es decir un espacio delimitado, exclusivo y especializado, para pr\u00e1cticas funerarias (Castro-Mart\u00ednez, [&hellip;]<\/p>\n","protected":false},"author":20,"featured_media":0,"parent":0,"menu_order":0,"comment_status":"closed","ping_status":"closed","template":"","meta":{"footnotes":""},"class_list":["post-54","page","type-page","status-publish","hentry"],"_links":{"self":[{"href":"https:\/\/webs.uab.cat\/nasca\/wp-json\/wp\/v2\/pages\/54","targetHints":{"allow":["GET"]}}],"collection":[{"href":"https:\/\/webs.uab.cat\/nasca\/wp-json\/wp\/v2\/pages"}],"about":[{"href":"https:\/\/webs.uab.cat\/nasca\/wp-json\/wp\/v2\/types\/page"}],"author":[{"embeddable":true,"href":"https:\/\/webs.uab.cat\/nasca\/wp-json\/wp\/v2\/users\/20"}],"replies":[{"embeddable":true,"href":"https:\/\/webs.uab.cat\/nasca\/wp-json\/wp\/v2\/comments?post=54"}],"version-history":[{"count":2,"href":"https:\/\/webs.uab.cat\/nasca\/wp-json\/wp\/v2\/pages\/54\/revisions"}],"predecessor-version":[{"id":136,"href":"https:\/\/webs.uab.cat\/nasca\/wp-json\/wp\/v2\/pages\/54\/revisions\/136"}],"wp:attachment":[{"href":"https:\/\/webs.uab.cat\/nasca\/wp-json\/wp\/v2\/media?parent=54"}],"curies":[{"name":"wp","href":"https:\/\/api.w.org\/{rel}","templated":true}]}}