{"id":257,"date":"2024-07-17T10:00:04","date_gmt":"2024-07-17T08:00:04","guid":{"rendered":"https:\/\/webs.uab.cat\/nitrecercat\/?page_id=257"},"modified":"2025-07-30T12:55:06","modified_gmt":"2025-07-30T10:55:06","slug":"la-universitat-va-a-lescola","status":"publish","type":"page","link":"https:\/\/webs.uab.cat\/nitrecercat\/la-universitat-va-a-lescola\/","title":{"rendered":"La universitat va a l&#8217;escola 2024"},"content":{"rendered":"\n<p>Aqu\u00ed podeu&nbsp;veure les xerrades i tallers que ofereixen investigadores i investigadors de la Universitat Aut\u00f2noma de Barcelona i  instituts de recerca en el marc de la&nbsp;<strong>Nit Europea de la Recerca<\/strong>. Les confer\u00e8ncies tindran lloc als centres de manera presencial, <strong>el 27 de setembre de 2024<\/strong>, i s\u2019han de reservar pr\u00e8viament. Podreu omplir el formulari amb el nom del centre, i seleccionant  la xerrada o taller que demaneu i l\u2019hora que us aniria b\u00e9. S\u2019acceptaran per ordre d\u2019inscripci\u00f3.<\/p>\n\n\n\n<div class=\"wp-block-columns alignwide is-layout-flex wp-container-core-columns-is-layout-9d6595d7 wp-block-columns-is-layout-flex\">\n<div class=\"wp-block-column is-layout-flow wp-block-column-is-layout-flow\" style=\"flex-basis:66.66%\">\r\n<ul class=\"staff-grid\">\r\n<style>\r\n\t.staff-list-item img {\r\n    -o-object-fit: cover;\r\n    object-fit: cover;\r\n    border-radius: 0%;\r\n    height: 100%;\r\n    width: 100%;\r\n}\r\n<\/style>\r\n\r\n\r\n\t\r\n<li class=\"staff-list-item\">\r\n\t<figure>\r\n\t\t\r\n\t\t<img decoding=\"async\" src=\"https:\/\/webs.uab.cat\/nitrecercat\/wp-content\/uploads\/sites\/565\/2024\/09\/iStock-1466368840.jpg\" alt=\"Protegint els Peixos: Vacunes Innovadores per a una Aq\u00fcicultura Sostenible\">\r\n\t\t\r\n\t<\/figure>\r\n\t<div>\r\n\t\t<p><a href=\"https:\/\/webs.uab.cat\/nitrecercat\/activitat\/protegint-els-peixos-vacunes-innovadores-per-a-una-aquicultura-sostenible\/\"><strong>Protegint els Peixos: Vacunes Innovadores per a una Aq\u00fcicultura Sostenible<\/strong><\/a><\/p>\r\n\t\t<p><strong>La universitat va a l&#8217;escola<\/strong><\/p>\r\n\t\t<p><strong><\/strong><\/p>\r\n\t<\/div>\r\n<\/li>\r\n\t<style>\r\n\t.staff-list-item img {\r\n    -o-object-fit: cover;\r\n    object-fit: cover;\r\n    border-radius: 0%;\r\n    height: 100%;\r\n    width: 100%;\r\n}\r\n<\/style>\r\n\r\n\r\n\t\r\n<li class=\"staff-list-item\">\r\n\t<figure>\r\n\t\t\r\n\t<\/figure>\r\n\t<div>\r\n\t\t<p><a href=\"https:\/\/webs.uab.cat\/nitrecercat\/activitat\/los-pro-y-contras-del-trabajo-autonomo-sobre-trayectorias-biograficas-desiguales\/\"><strong>Los pro y contras del trabajo aut\u00f3nomo: sobre trayectorias biogr\u00e1ficas desiguales<\/strong><\/a><\/p>\r\n\t\t<p><strong>La universitat va a l&#8217;escola<\/strong><\/p>\r\n\t\t<p><strong><\/strong><\/p>\r\n\t<\/div>\r\n<\/li>\r\n\t<style>\r\n\t.staff-list-item img {\r\n    -o-object-fit: cover;\r\n    object-fit: cover;\r\n    border-radius: 0%;\r\n    height: 100%;\r\n    width: 100%;\r\n}\r\n<\/style>\r\n\r\n\r\n\t\r\n<li class=\"staff-list-item\">\r\n\t<figure>\r\n\t\t\r\n\t<\/figure>\r\n\t<div>\r\n\t\t<p><a href=\"https:\/\/webs.uab.cat\/nitrecercat\/activitat\/sociologia-para-la-vida\/\"><strong>Sociolog\u00eda\u00a0para la vida<\/strong><\/a><\/p>\r\n\t\t<p><strong>La universitat va a l&#8217;escola<\/strong><\/p>\r\n\t\t<p><strong><\/strong><\/p>\r\n\t<\/div>\r\n<\/li>\r\n\t<style>\r\n\t.staff-list-item img {\r\n    -o-object-fit: cover;\r\n    object-fit: cover;\r\n    border-radius: 0%;\r\n    height: 100%;\r\n    width: 100%;\r\n}\r\n<\/style>\r\n\r\n\r\n\t\r\n<li class=\"staff-list-item\">\r\n\t<figure>\r\n\t\t\r\n\t\t<img decoding=\"async\" src=\"https:\/\/webs.uab.cat\/nitrecercat\/wp-content\/uploads\/sites\/565\/2024\/08\/iStock-1028489262.jpg\" alt=\"Buscando vida en otros planetas\">\r\n\t\t\r\n\t<\/figure>\r\n\t<div>\r\n\t\t<p><a href=\"https:\/\/webs.uab.cat\/nitrecercat\/activitat\/buscando-vida-en-otros-planetas\/\"><strong>Buscando vida en otros planetas<\/strong><\/a><\/p>\r\n\t\t<p><strong>La universitat va a l&#8217;escola<\/strong><\/p>\r\n\t\t<p><strong><\/strong><\/p>\r\n\t<\/div>\r\n<\/li>\r\n\t<style>\r\n\t.staff-list-item img {\r\n    -o-object-fit: cover;\r\n    object-fit: cover;\r\n    border-radius: 0%;\r\n    height: 100%;\r\n    width: 100%;\r\n}\r\n<\/style>\r\n\r\n\r\n\t\r\n<li class=\"staff-list-item\">\r\n\t<figure>\r\n\t\t\r\n\t\t<img decoding=\"async\" src=\"https:\/\/webs.uab.cat\/nitrecercat\/wp-content\/uploads\/sites\/565\/2024\/08\/iStock-2152868533.jpg\" alt=\"La gravetat, una for\u00e7a familiar per\u00f2 molt desconeguda\">\r\n\t\t\r\n\t<\/figure>\r\n\t<div>\r\n\t\t<p><a href=\"https:\/\/webs.uab.cat\/nitrecercat\/activitat\/la-gravetat-una-forca-familiar-pero-molt-desconeguda\/\"><strong>La gravetat, una for\u00e7a familiar per\u00f2 molt desconeguda<\/strong><\/a><\/p>\r\n\t\t<p><strong>La universitat va a l&#8217;escola<\/strong><\/p>\r\n\t\t<p><strong><\/strong><\/p>\r\n\t<\/div>\r\n<\/li>\r\n\t<style>\r\n\t.staff-list-item img {\r\n    -o-object-fit: cover;\r\n    object-fit: cover;\r\n    border-radius: 0%;\r\n    height: 100%;\r\n    width: 100%;\r\n}\r\n<\/style>\r\n\r\n\r\n\t\r\n<li class=\"staff-list-item\">\r\n\t<figure>\r\n\t\t\r\n\t\t<img decoding=\"async\" src=\"https:\/\/webs.uab.cat\/nitrecercat\/wp-content\/uploads\/sites\/565\/2024\/08\/iStock-1038029576.jpg\" alt=\"Please wait, connecting to the Universe...\">\r\n\t\t\r\n\t<\/figure>\r\n\t<div>\r\n\t\t<p><a href=\"https:\/\/webs.uab.cat\/nitrecercat\/activitat\/please-wait-connecting-to-the-universe\/\"><strong>Please wait, connecting to the Universe&#8230;<\/strong><\/a><\/p>\r\n\t\t<p><strong>La universitat va a l&#8217;escola<\/strong><\/p>\r\n\t\t<p><strong><\/strong><\/p>\r\n\t<\/div>\r\n<\/li>\r\n\t<style>\r\n\t.staff-list-item img {\r\n    -o-object-fit: cover;\r\n    object-fit: cover;\r\n    border-radius: 0%;\r\n    height: 100%;\r\n    width: 100%;\r\n}\r\n<\/style>\r\n\r\n\r\n\t\r\n<li class=\"staff-list-item\">\r\n\t<figure>\r\n\t\t\r\n\t\t<img decoding=\"async\" src=\"https:\/\/webs.uab.cat\/nitrecercat\/wp-content\/uploads\/sites\/565\/2024\/07\/iStock-1390317952.jpg\" alt=\"Aventures de joves int\u00e8rprets\">\r\n\t\t\r\n\t<\/figure>\r\n\t<div>\r\n\t\t<p><a href=\"https:\/\/webs.uab.cat\/nitrecercat\/activitat\/aventures-de-joves-interprets\/\"><strong>Aventures de joves int\u00e8rprets<\/strong><\/a><\/p>\r\n\t\t<p><strong>La universitat va a l&#8217;escola<\/strong><\/p>\r\n\t\t<p><strong><\/strong><\/p>\r\n\t<\/div>\r\n<\/li>\r\n\t<style>\r\n\t.staff-list-item img {\r\n    -o-object-fit: cover;\r\n    object-fit: cover;\r\n    border-radius: 0%;\r\n    height: 100%;\r\n    width: 100%;\r\n}\r\n<\/style>\r\n\r\n\r\n\t\r\n<li class=\"staff-list-item\">\r\n\t<figure>\r\n\t\t\r\n\t\t<img decoding=\"async\" src=\"https:\/\/webs.uab.cat\/nitrecercat\/wp-content\/uploads\/sites\/565\/2024\/07\/iStock-1191655223-e1724050738944.jpg\" alt=\"El m\u00f3n de la nanobiotecnologia als peixos\">\r\n\t\t\r\n\t<\/figure>\r\n\t<div>\r\n\t\t<p><a href=\"https:\/\/webs.uab.cat\/nitrecercat\/activitat\/el-mon-de-la-nanobiotecnologia-als-peixos\/\"><strong>El m\u00f3n de la nanobiotecnologia als peixos<\/strong><\/a><\/p>\r\n\t\t<p><strong>La universitat va a l&#8217;escola<\/strong><\/p>\r\n\t\t<p><strong><\/strong><\/p>\r\n\t<\/div>\r\n<\/li>\r\n\t<style>\r\n\t.staff-list-item img {\r\n    -o-object-fit: cover;\r\n    object-fit: cover;\r\n    border-radius: 0%;\r\n    height: 100%;\r\n    width: 100%;\r\n}\r\n<\/style>\r\n\r\n\r\n\t\r\n<li class=\"staff-list-item\">\r\n\t<figure>\r\n\t\t\r\n\t\t<img decoding=\"async\" src=\"https:\/\/webs.uab.cat\/nitrecercat\/wp-content\/uploads\/sites\/565\/2024\/07\/iStock-1479730292.jpg\" alt=\"Jugant amb la llum i els fen\u00f2mens \u00f2ptics\">\r\n\t\t\r\n\t<\/figure>\r\n\t<div>\r\n\t\t<p><a href=\"https:\/\/webs.uab.cat\/nitrecercat\/activitat\/jugant-amb-la-llum-i-els-fenomens-optics\/\"><strong>Jugant amb la llum i els fen\u00f2mens \u00f2ptics<\/strong><\/a><\/p>\r\n\t\t<p><strong>La universitat va a l&#8217;escola<\/strong><\/p>\r\n\t\t<p><strong><\/strong><\/p>\r\n\t<\/div>\r\n<\/li>\r\n\t<style>\r\n\t.staff-list-item img {\r\n    -o-object-fit: cover;\r\n    object-fit: cover;\r\n    border-radius: 0%;\r\n    height: 100%;\r\n    width: 100%;\r\n}\r\n<\/style>\r\n\r\n\r\n\t\r\n<li class=\"staff-list-item\">\r\n\t<figure>\r\n\t\t\r\n\t\t<img decoding=\"async\" src=\"https:\/\/webs.uab.cat\/nitrecercat\/wp-content\/uploads\/sites\/565\/2024\/07\/Fig_Lung_on_a_chip.jpeg\" alt=\"Organ-on-a-chip: \u00bfc\u00f3mo hacen avanzar la medicina?\">\r\n\t\t\r\n\t<\/figure>\r\n\t<div>\r\n\t\t<p><a href=\"https:\/\/webs.uab.cat\/nitrecercat\/activitat\/organ-on-a-chip-como-hacen-avanzar-la-medicina\/\"><strong>Organ-on-a-chip: \u00bfc\u00f3mo hacen avanzar la medicina?<\/strong><\/a><\/p>\r\n\t\t<p><strong>La universitat va a l&#8217;escola<\/strong><\/p>\r\n\t\t<p><strong><\/strong><\/p>\r\n\t<\/div>\r\n<\/li>\r\n\t<style>\r\n\t.staff-list-item img {\r\n    -o-object-fit: cover;\r\n    object-fit: cover;\r\n    border-radius: 0%;\r\n    height: 100%;\r\n    width: 100%;\r\n}\r\n<\/style>\r\n\r\n\r\n\t\r\n<li class=\"staff-list-item\">\r\n\t<figure>\r\n\t\t\r\n\t\t<img decoding=\"async\" src=\"https:\/\/webs.uab.cat\/nitrecercat\/wp-content\/uploads\/sites\/565\/2024\/07\/iStock-1304499871.jpg\" alt=\"Per qu\u00e8 serveixen i com es fan les vacunes?\">\r\n\t\t\r\n\t<\/figure>\r\n\t<div>\r\n\t\t<p><a href=\"https:\/\/webs.uab.cat\/nitrecercat\/activitat\/per-que-serveixen-i-com-es-fan-les-vacunes\/\"><strong>Per qu\u00e8 serveixen i com es fan les vacunes?<\/strong><\/a><\/p>\r\n\t\t<p><strong>La universitat va a l&#8217;escola<\/strong><\/p>\r\n\t\t<p><strong><\/strong><\/p>\r\n\t<\/div>\r\n<\/li>\r\n\t<style>\r\n\t.staff-list-item img {\r\n    -o-object-fit: cover;\r\n    object-fit: cover;\r\n    border-radius: 0%;\r\n    height: 100%;\r\n    width: 100%;\r\n}\r\n<\/style>\r\n\r\n\r\n\t\r\n<li class=\"staff-list-item\">\r\n\t<figure>\r\n\t\t\r\n\t\t<img decoding=\"async\" src=\"https:\/\/webs.uab.cat\/nitrecercat\/wp-content\/uploads\/sites\/565\/2024\/07\/iStock-1306376075.jpg\" alt=\"Plantes carn\u00edvores\">\r\n\t\t\r\n\t<\/figure>\r\n\t<div>\r\n\t\t<p><a href=\"https:\/\/webs.uab.cat\/nitrecercat\/activitat\/plantes-carnivores\/\"><strong>Plantes carn\u00edvores<\/strong><\/a><\/p>\r\n\t\t<p><strong>La universitat va a l&#8217;escola<\/strong><\/p>\r\n\t\t<p><strong><\/strong><\/p>\r\n\t<\/div>\r\n<\/li>\r\n\t<style>\r\n\t.staff-list-item img {\r\n    -o-object-fit: cover;\r\n    object-fit: cover;\r\n    border-radius: 0%;\r\n    height: 100%;\r\n    width: 100%;\r\n}\r\n<\/style>\r\n\r\n\r\n\t\r\n<li class=\"staff-list-item\">\r\n\t<figure>\r\n\t\t\r\n\t\t<img decoding=\"async\" src=\"https:\/\/webs.uab.cat\/nitrecercat\/wp-content\/uploads\/sites\/565\/2024\/07\/iStock-1324673294.jpg\" alt=\"S\u00e8ries i videojocs per a tothom\">\r\n\t\t\r\n\t<\/figure>\r\n\t<div>\r\n\t\t<p><a href=\"https:\/\/webs.uab.cat\/nitrecercat\/activitat\/series-i-videojocs-per-a-tothom\/\"><strong>S\u00e8ries i videojocs per a tothom<\/strong><\/a><\/p>\r\n\t\t<p><strong>La universitat va a l&#8217;escola<\/strong><\/p>\r\n\t\t<p><strong><\/strong><\/p>\r\n\t<\/div>\r\n<\/li>\r\n\t<style>\r\n\t.staff-list-item img {\r\n    -o-object-fit: cover;\r\n    object-fit: cover;\r\n    border-radius: 0%;\r\n    height: 100%;\r\n    width: 100%;\r\n}\r\n<\/style>\r\n\r\n\r\n\t\r\n<li class=\"staff-list-item\">\r\n\t<figure>\r\n\t\t\r\n\t\t<img decoding=\"async\" src=\"https:\/\/webs.uab.cat\/nitrecercat\/wp-content\/uploads\/sites\/565\/2024\/07\/iStock-1297146235-scaled.jpg\" alt=\"Tots som Mutants\">\r\n\t\t\r\n\t<\/figure>\r\n\t<div>\r\n\t\t<p><a href=\"https:\/\/webs.uab.cat\/nitrecercat\/activitat\/tots-som-mutants\/\"><strong>Tots som Mutants<\/strong><\/a><\/p>\r\n\t\t<p><strong>La universitat va a l&#8217;escola<\/strong><\/p>\r\n\t\t<p><strong><\/strong><\/p>\r\n\t<\/div>\r\n<\/li>\r\n\t<style>\r\n\t.staff-list-item img {\r\n    -o-object-fit: cover;\r\n    object-fit: cover;\r\n    border-radius: 0%;\r\n    height: 100%;\r\n    width: 100%;\r\n}\r\n<\/style>\r\n\r\n\r\n\t\r\n<li class=\"staff-list-item\">\r\n\t<figure>\r\n\t\t\r\n\t\t<img decoding=\"async\" src=\"https:\/\/webs.uab.cat\/nitrecercat\/wp-content\/uploads\/sites\/565\/2024\/07\/iStock-543554566-1.jpg\" alt=\"Valoritzaci\u00f3 de residus: Recuperaci\u00f3 d'amon\u00edac de les aig\u00fces residuals\">\r\n\t\t\r\n\t<\/figure>\r\n\t<div>\r\n\t\t<p><a href=\"https:\/\/webs.uab.cat\/nitrecercat\/activitat\/valoritzacio-de-residus-recuperacio-bioelectroquimica-damoniac-de-les-aigues-residuals\/\"><strong>Valoritzaci\u00f3 de residus: Recuperaci\u00f3 d&#8217;amon\u00edac de les aig\u00fces residuals<\/strong><\/a><\/p>\r\n\t\t<p><strong>La universitat va a l&#8217;escola<\/strong><\/p>\r\n\t\t<p><strong><\/strong><\/p>\r\n\t<\/div>\r\n<\/li>\r\n\t<style>\r\n\t.staff-list-item img {\r\n    -o-object-fit: cover;\r\n    object-fit: cover;\r\n    border-radius: 0%;\r\n    height: 100%;\r\n    width: 100%;\r\n}\r\n<\/style>\r\n\r\n\r\n\t\r\n<li class=\"staff-list-item\">\r\n\t<figure>\r\n\t\t\r\n\t\t<img decoding=\"async\" src=\"https:\/\/webs.uab.cat\/nitrecercat\/wp-content\/uploads\/sites\/565\/2024\/08\/El-padre-del-genoma-neandertal-Svante-Paeaebo-Premio-Princesa-de-Asturias.jpg\" alt=\"Svante P\u00e4\u00e4bo: En busca de los genomas perdidos\">\r\n\t\t\r\n\t<\/figure>\r\n\t<div>\r\n\t\t<p><a href=\"https:\/\/webs.uab.cat\/nitrecercat\/activitat\/svante-paabo-en-busca-de-los-genomas-perdidos\/\"><strong>Svante P\u00e4\u00e4bo: En busca de los genomas perdidos<\/strong><\/a><\/p>\r\n\t\t<p><strong>La universitat va a l&#8217;escola<\/strong><\/p>\r\n\t\t<p><strong><\/strong><\/p>\r\n\t<\/div>\r\n<\/li>\r\n\t\r\n<\/ul>\r\n<\/div>\n<\/div>\n\n\n\n<p><\/p>\n","protected":false},"excerpt":{"rendered":"<p>Aqu\u00ed podeu&nbsp;veure les xerrades i tallers que ofereixen investigadores i investigadors de la Universitat Aut\u00f2noma de Barcelona i instituts de recerca en el marc de la&nbsp;Nit Europea de la Recerca. Les confer\u00e8ncies tindran lloc als centres de manera presencial, el 27 de setembre de 2024, i s\u2019han de reservar pr\u00e8viament. Podreu omplir el formulari amb [&hellip;]<\/p>\n","protected":false},"author":20,"featured_media":0,"parent":0,"menu_order":0,"comment_status":"closed","ping_status":"closed","template":"","meta":{"footnotes":""},"class_list":["post-257","page","type-page","status-publish","hentry"],"_links":{"self":[{"href":"https:\/\/webs.uab.cat\/nitrecercat\/wp-json\/wp\/v2\/pages\/257","targetHints":{"allow":["GET"]}}],"collection":[{"href":"https:\/\/webs.uab.cat\/nitrecercat\/wp-json\/wp\/v2\/pages"}],"about":[{"href":"https:\/\/webs.uab.cat\/nitrecercat\/wp-json\/wp\/v2\/types\/page"}],"author":[{"embeddable":true,"href":"https:\/\/webs.uab.cat\/nitrecercat\/wp-json\/wp\/v2\/users\/20"}],"replies":[{"embeddable":true,"href":"https:\/\/webs.uab.cat\/nitrecercat\/wp-json\/wp\/v2\/comments?post=257"}],"version-history":[{"count":12,"href":"https:\/\/webs.uab.cat\/nitrecercat\/wp-json\/wp\/v2\/pages\/257\/revisions"}],"predecessor-version":[{"id":658,"href":"https:\/\/webs.uab.cat\/nitrecercat\/wp-json\/wp\/v2\/pages\/257\/revisions\/658"}],"wp:attachment":[{"href":"https:\/\/webs.uab.cat\/nitrecercat\/wp-json\/wp\/v2\/media?parent=257"}],"curies":[{"name":"wp","href":"https:\/\/api.w.org\/{rel}","templated":true}]}}