{"id":507,"date":"2024-09-07T22:07:43","date_gmt":"2024-09-07T20:07:43","guid":{"rendered":"https:\/\/webs.uab.cat\/nitrecercat\/?page_id=507"},"modified":"2024-09-27T07:54:26","modified_gmt":"2024-09-27T05:54:26","slug":"visites-a-espais-de-recerca","status":"publish","type":"page","link":"https:\/\/webs.uab.cat\/nitrecercat\/visites-a-espais-de-recerca\/","title":{"rendered":"Visites a espais de recerca"},"content":{"rendered":"\n<p>Durant la tarda de <strong>divendres 27 de setembre<\/strong>, pots visitar aquests espais de recerca:<\/p>\n\n\n\n<div class=\"wp-block-media-text alignwide is-stacked-on-mobile\" style=\"grid-template-columns:48% auto\"><figure class=\"wp-block-media-text__media\"><img loading=\"lazy\" decoding=\"async\" width=\"1024\" height=\"768\" src=\"https:\/\/webs.uab.cat\/nitrecercat\/wp-content\/uploads\/sites\/565\/2024\/09\/WhatsApp-Image-2024-02-09-at-13.57.39-1024x768.jpeg\" alt=\"\" class=\"wp-image-520 size-full\" srcset=\"https:\/\/webs.uab.cat\/nitrecercat\/wp-content\/uploads\/sites\/565\/2024\/09\/WhatsApp-Image-2024-02-09-at-13.57.39-1024x768.jpeg 1024w, https:\/\/webs.uab.cat\/nitrecercat\/wp-content\/uploads\/sites\/565\/2024\/09\/WhatsApp-Image-2024-02-09-at-13.57.39-300x225.jpeg 300w, https:\/\/webs.uab.cat\/nitrecercat\/wp-content\/uploads\/sites\/565\/2024\/09\/WhatsApp-Image-2024-02-09-at-13.57.39-768x576.jpeg 768w, https:\/\/webs.uab.cat\/nitrecercat\/wp-content\/uploads\/sites\/565\/2024\/09\/WhatsApp-Image-2024-02-09-at-13.57.39-1536x1152.jpeg 1536w, https:\/\/webs.uab.cat\/nitrecercat\/wp-content\/uploads\/sites\/565\/2024\/09\/WhatsApp-Image-2024-02-09-at-13.57.39-1200x900.jpeg 1200w, https:\/\/webs.uab.cat\/nitrecercat\/wp-content\/uploads\/sites\/565\/2024\/09\/WhatsApp-Image-2024-02-09-at-13.57.39.jpeg 1600w\" sizes=\"auto, (max-width: 1024px) 100vw, 1024px\" \/><\/figure><div class=\"wp-block-media-text__content\">\n<h2 class=\"wp-block-heading\">Institut de Biotecnologia i Biomedicina &#8211; IBB<\/h2>\n\n\n\n<p>Oferim dos itineraris:<\/p>\n\n\n\n<p><strong>17:00 &#8211; 18:30<\/strong> Coneix els models animals per a la investigaci\u00f3 de malalties humanes.<\/p>\n\n\n\n<p><strong>18:00 &#8211; 19:30<\/strong> Qu\u00e8 s\u00f3n les prote\u00efnes i com les seves propietats impacten en el desenvolupament de nous f\u00e0rmacs?<\/p>\n\n\n\n<p>Pots  apuntar-t&#8217;hi presencialment al punt d&#8217;informaci\u00f3 de la fira de tallers.<\/p>\n<\/div><\/div>\n\n\n\n<div style=\"height:100px\" aria-hidden=\"true\" class=\"wp-block-spacer\"><\/div>\n\n\n\n<div class=\"wp-block-media-text alignwide has-media-on-the-right is-stacked-on-mobile\"><div class=\"wp-block-media-text__content\">\n<h2 class=\"wp-block-heading\">Grup de recerca en Antropologia Biol\u00f2gica<\/h2>\n\n\n\n<p>Visita al laboratori d\u2019estudi de restes esquel\u00e8tiques i laboratori de gen\u00e8tica.<\/p>\n\n\n\n<p>Durada 20 minuts. Grups de 10 persones.<\/p>\n\n\n\n<p>Inscripcions al punt d&#8217;informaci\u00f3 de la fira de tallers.<\/p>\n\n\n\n<p><\/p>\n<\/div><figure class=\"wp-block-media-text__media\"><img loading=\"lazy\" decoding=\"async\" width=\"1024\" height=\"624\" src=\"https:\/\/webs.uab.cat\/nitrecercat\/wp-content\/uploads\/sites\/565\/2024\/09\/image004-1024x624.png\" alt=\"\" class=\"wp-image-529 size-full\" srcset=\"https:\/\/webs.uab.cat\/nitrecercat\/wp-content\/uploads\/sites\/565\/2024\/09\/image004-1024x624.png 1024w, https:\/\/webs.uab.cat\/nitrecercat\/wp-content\/uploads\/sites\/565\/2024\/09\/image004-300x183.png 300w, https:\/\/webs.uab.cat\/nitrecercat\/wp-content\/uploads\/sites\/565\/2024\/09\/image004-768x468.png 768w, https:\/\/webs.uab.cat\/nitrecercat\/wp-content\/uploads\/sites\/565\/2024\/09\/image004-1200x731.png 1200w, https:\/\/webs.uab.cat\/nitrecercat\/wp-content\/uploads\/sites\/565\/2024\/09\/image004.png 1529w\" sizes=\"auto, (max-width: 1024px) 100vw, 1024px\" \/><\/figure><\/div>\n","protected":false},"excerpt":{"rendered":"<p>Durant la tarda de divendres 27 de setembre, pots visitar aquests espais de recerca: Institut de Biotecnologia i Biomedicina &#8211; IBB Oferim dos itineraris: 17:00 &#8211; 18:30 Coneix els models animals per a la investigaci\u00f3 de malalties humanes. 18:00 &#8211; 19:30 Qu\u00e8 s\u00f3n les prote\u00efnes i com les seves propietats impacten en el desenvolupament de [&hellip;]<\/p>\n","protected":false},"author":20,"featured_media":0,"parent":0,"menu_order":0,"comment_status":"closed","ping_status":"closed","template":"","meta":{"footnotes":""},"class_list":["post-507","page","type-page","status-publish","hentry"],"_links":{"self":[{"href":"https:\/\/webs.uab.cat\/nitrecercat\/wp-json\/wp\/v2\/pages\/507","targetHints":{"allow":["GET"]}}],"collection":[{"href":"https:\/\/webs.uab.cat\/nitrecercat\/wp-json\/wp\/v2\/pages"}],"about":[{"href":"https:\/\/webs.uab.cat\/nitrecercat\/wp-json\/wp\/v2\/types\/page"}],"author":[{"embeddable":true,"href":"https:\/\/webs.uab.cat\/nitrecercat\/wp-json\/wp\/v2\/users\/20"}],"replies":[{"embeddable":true,"href":"https:\/\/webs.uab.cat\/nitrecercat\/wp-json\/wp\/v2\/comments?post=507"}],"version-history":[{"count":9,"href":"https:\/\/webs.uab.cat\/nitrecercat\/wp-json\/wp\/v2\/pages\/507\/revisions"}],"predecessor-version":[{"id":542,"href":"https:\/\/webs.uab.cat\/nitrecercat\/wp-json\/wp\/v2\/pages\/507\/revisions\/542"}],"wp:attachment":[{"href":"https:\/\/webs.uab.cat\/nitrecercat\/wp-json\/wp\/v2\/media?parent=507"}],"curies":[{"name":"wp","href":"https:\/\/api.w.org\/{rel}","templated":true}]}}