{"id":56,"date":"2023-07-12T14:54:49","date_gmt":"2023-07-12T12:54:49","guid":{"rendered":"https:\/\/webs.uab.cat\/nivellsdevida\/education\/"},"modified":"2023-07-13T15:05:50","modified_gmt":"2023-07-13T13:05:50","slug":"education","status":"publish","type":"page","link":"https:\/\/webs.uab.cat\/nivellsdevida\/en\/education\/","title":{"rendered":"Education"},"content":{"rendered":"\n<p>Regarding education, in addition to teaching in various degrees the subjects corresponding to the areas of Economic History and Ecological Economics, members of the group participate in the <a rel=\"noreferrer noopener\" href=\"https:\/\/web.ub.edu\/en\/web\/estudis\/w\/masterdegree-MD5DH\" target=\"_blank\">Master&#8217;s in Economic History<\/a> and the official <a rel=\"noreferrer noopener\" href=\"https:\/\/www.uab.cat\/web\/estudiar\/official-master-s-degrees\/general-information-1096480962610.html?param1=1096480176135\" target=\"_blank\">Master&#8217;s Degree in Interdisciplinary Studies in Environmental, Economic and Social Sustainability<\/a>, as well as in the <a rel=\"noreferrer noopener\" href=\"https:\/\/www.uab.cat\/en\/phds\/comparative-political-social-history\" target=\"_blank\">PhD in Comparative, Political and Social History<\/a> and in the <a rel=\"noreferrer noopener\" href=\"https:\/\/www.uab.cat\/en\/phds\/environmental-science-technology\" target=\"_blank\">PhD in Environmental Science and Technology<\/a>.<\/p>\n\n\n\n<p><strong>Supervised doctoral theses <\/strong> (since 2010)<\/p>\n\n\n\n<ul class=\"wp-block-list\">\n<li>Marc Rivas L\u00f3pez: <a rel=\"noreferrer noopener\" href=\"https:\/\/tdx.cat\/handle\/10803\/688274\" target=\"_blank\">Un sistema de evaluaci\u00f3n integral para el an\u00e1lisis de los sistemas agroalimentarios: la soberan\u00eda alimentaria como punto de partida<\/a>. Directors: Xavier Cuss\u00f3, Josep Pujol. 1\/12\/2022. Doctorat d&#8217;Economia Aplicada, Universitat Aut\u00f2noma de Barcelona.<\/li>\n\n\n\n<li>Jos\u00e9 Antonio Garc\u00eda Barrero: <a href=\"http:\/\/hdl.handle.net\/10803\/675948\" target=\"_blank\" rel=\"noreferrer noopener\">Birds of passage: circular migration and tourism development in Spain, 1955-1973<\/a>. Directors: Montserrat Llonch, Carles Manera. 07\/07\/2022. Doctorat en Historia Econ\u00f3mica, Universitat de Barcelona.<\/li>\n\n\n\n<li>Mart\u00edn Garrido Lepe: <a rel=\"noreferrer noopener\" href=\"http:\/\/hdl.handle.net\/10803\/672734\" target=\"_blank\">Nuevas perspectivas de la electrificaci\u00f3n en pa\u00edses de industrailizaci\u00f3n tard\u00eda. La transici\u00f3n el\u00e9ctrica en Chile entre 1925 y 1985<\/a>. Directors: Anna M. Aubanell, C\u00e9sar Y\u00e1\u00f1ez. 21\/10\/2021. Doctorat en Historia Econ\u00f3mica, Universitat de Barcelona.<\/li>\n\n\n\n<li>Jos\u00e9 Michael Villareal Escall\u00f3n: <a rel=\"noreferrer noopener\" href=\"http:\/\/hdl.handle.net\/10803\/673131\" target=\"_blank\">Conflicto armado, acaparamiento de tierras y reforma agraria: an\u00e1lisis del caso colombiano desde la perspectiva de la Ecolog\u00eda Pol\u00edtica de la Guerra<\/a>. Director: Gonzalo Gamboa Jim\u00e9nez. 03\/03\/2021. Doctorat en Ci\u00e8ncia i Tecnologia Ambientals, Universitat Aut\u00f2noma de Barcelona. <\/li>\n\n\n\n<li> Margarida L\u00f3pez Ant\u00f3n: <a rel=\"noreferrer noopener\" href=\"https:\/\/ddd.uab.cat\/record\/243523\" target=\"_blank\">Tras los pasos de Francisco de Zamora. Trabajo de las mujeres y reconstrucci\u00f3n de las tasas de actividad en Catalu\u00f1a (siglos XVIII \u2013 XIX)<\/a>. Director: Carmen Saras\u00faa. 23\/02\/2021. Doctorat en Hist\u00f2ria Comparada, Pol\u00edtica i Social, Universitat Aut\u00f2noma de Barcelona.<\/li>\n\n\n\n<li>Sof\u00eda \u00c1vila Calero: <a rel=\"noreferrer noopener\" href=\"http:\/\/hdl.handle.net\/10803\/671659\" target=\"_blank\">Decarbonizing the South. Space, justice and politics at the renewable energy frontiers<\/a>. Directors: Joan Mart\u00ednez Alier, Alevg\u00fcl H. Sorman, Gonzalo Gamboa Jim\u00e9nez. 23\/02\/2021. Doctorat en Ci\u00e8ncia i Tecnologia Ambientals, Universitat Aut\u00f2noma de Barcelona. <\/li>\n\n\n\n<li>Carles Badenes Escudero: <a rel=\"noreferrer noopener\" href=\"https:\/\/ddd.uab.cat\/record\/242973\" target=\"_blank\">La geografia comercial de Barcelona en el per\u00edode de consolidaci\u00f3 industrial: 1848-1914<\/a>. Directors: Mart\u00edn Rodrigo, Montserrat Llonch. 06\/03\/2020. Doctorat en Hist\u00f2ria Comparada, Pol\u00edtica i Social, Universitat Aut\u00f2noma de Barcelona.<\/li>\n\n\n\n<li>Mar\u00eda del Carmen P\u00e9rez Art\u00e9s: <a rel=\"noreferrer noopener\" href=\"https:\/\/publikationen.uni-tuebingen.de\/xmlui\/bitstream\/handle\/10900\/106953\/P%C3%A9rez%20Art%C3%A9s_Thesis.pdf\" target=\"_blank\">Essays on the economic history of numeracy in Spain<\/a>. Directors: J\u00f6rg Baten, Carmen Saras\u00faa. 27\/07\/2020. PhD in Economics and Social Sciences, University of T\u00fcbingen.<\/li>\n\n\n\n<li>Geovanna Lasso Gonz\u00e1lez: <a rel=\"noreferrer noopener\" href=\"http:\/\/hdl.handle.net\/10803\/669517\" target=\"_blank\">La disputa de territorios en torno al sistema agroalimentario ecuatoriano. Estrategias de poder y resistencia, procesos de territorializaci\u00f3n y desterritorializaci\u00f3n<\/a>. Director: Gonzalo Gamboa Jim\u00e9nez. 22\/11\/2019. Doctorat en Ci\u00e8ncia i Tecnologia Ambientals, Universitat Aut\u00f2noma de Barcelona.<\/li>\n\n\n\n<li>El\u00edas Gaona Rivera: <a rel=\"noreferrer noopener\" href=\"https:\/\/ddd.uab.cat\/record\/217179\" target=\"_blank\">Trabajo, salarios y nivel de vida de los mineros de real del Monte (M\u00e9xico) en los siglos XVIII y XIX<\/a>. Director: Carmen Saras\u00faa. 15\/07\/2019. Doctorat en Hist\u00f2ria Comparada, Pol\u00edtica i Social, Universitat Aut\u00f2noma de Barcelona.<\/li>\n\n\n\n<li>Sara Mingorr\u00eda Mart\u00ednez: <a rel=\"noreferrer noopener\" href=\"http:\/\/hdl.handle.net\/10803\/402364\" target=\"_blank\">The nadies waving resistance: Oil palm and sugarcane conflicts in the territory,communities and households of the Q&#8217;epchil&#8217;, PolochicValley, Guatemala<\/a>. Directors: Gonzalo Gamboa Jim\u00e9nez, Esteve Corbera Elizalde. 23\/09\/2017. Doctorat en Ci\u00e8ncia i Tecnologia Ambientals, Universitat Aut\u00f2noma de Barcelona.<\/li>\n\n\n\n<li>Fernando Largo Jim\u00e9nez: <a href=\"http:\/\/hdl.handle.net\/10803\/455148\" target=\"_blank\" rel=\"noreferrer noopener\">Mutualismo y capital social. El papel de la federaci\u00f3n de mutualidades de Catalu\u00f1a, 1896-1936<\/a>. Directors: Josep Pujol Andreu, Jordi Planas i Maresma. 22\/09\/2017. Doctorat en Hist\u00f2ria Econ\u00f2mica, Universitat Aut\u00f2noma de Barcelona.<\/li>\n\n\n\n<li>Ra\u00fal Velasco Fern\u00e1ndez: <a rel=\"noreferrer noopener\" href=\"https:\/\/ddd.uab.cat\/record\/187290\" target=\"_blank\">The pattern of socio-ecological systems. A focus on energy, human activity, value added and material products<\/a>. Directors: Mario Giampietro, Jes\u00fas Ramos. 22\/09\/2017. Doctorat en Ci\u00e8ncia i Tecnologia Ambientals, Universitat Aut\u00f2noma de Barcelona. <\/li>\n\n\n\n<li>Lei Shi: <a rel=\"noreferrer noopener\" href=\"https:\/\/ddd.uab.cat\/record\/187164\" target=\"_blank\">The dream and the reality: rural-urban migration to Shanghai<\/a><a rel=\"noreferrer noopener\" href=\"http:\/\/hdl.handle.net\/10803\/455000\" target=\"_blank\"> (1927\u20131937)<\/a>. Director: Carmen Saras\u00faa. 18\/09\/2017. Doctorat en Hist\u00f2ria Econ\u00f2mica, Universitat Aut\u00f2noma de Barcelona.<\/li>\n\n\n\n<li>Federico Demaria: <a rel=\"noreferrer noopener\" href=\"http:\/\/hdl.handle.net\/10803\/405364\" target=\"_blank\">Social metabolism, cost-shifting and conflicts. The struggles and services of informal waste recyclers in India<\/a>. Directors: Giorgos Kallis, Joan Mart\u00ednez Alier, Giuseppe Munda. 12\/06\/2017. Doctorat en Ci\u00e8ncia i Tecnologia Ambientals, Universitat Aut\u00f2noma de Barcelona. <\/li>\n\n\n\n<li>Roc\u00edo Morales \u00c1lvarez: <a rel=\"noreferrer noopener\" href=\"http:\/\/hdl.handle.net\/10803\/402361\" target=\"_blank\">La evoluci\u00f3n econ\u00f3mica de Hait\u00ed a trav\u00e9s del comercio exterior, 1915 &#8211; 1959<\/a>. Directors: Anna M. Aubanell, Ana Carreras. 03\/02\/2017. Doctorat en Hist\u00f2ria Comparada, Pol\u00edtica i Social, Universitat Aut\u00f2noma de Barcelona.<\/li>\n\n\n\n<li>Ricardo Portugal: <a href=\"https:\/\/tdx.cat\/handle\/10803\/400374\" target=\"_blank\" rel=\"noreferrer noopener\">Niveles de vida, salud y educaci\u00f3n en perspectiva hist\u00f3rica<\/a>. Directors: Josep Pujol Andreu, Emanuele Felice. 02\/12\/2016. Doctorat en Hist\u00f2ria Comparada, Pol\u00edtica i Social, Universitat Aut\u00f2noma de Barcelona.<\/li>\n\n\n\n<li>Denis Boglio Etcheverry: <a rel=\"noreferrer noopener\" href=\"http:\/\/hdl.handle.net\/10803\/400024\" target=\"_blank\">Industria y comercio de la madera en el Pirineo catal\u00e1n. Perspectiva hist\u00f3rica desde la revoluci\u00f3n industrial 1850\u20101950<\/a>. Director: Josep Pujol Andreu. 22\/11\/2016. Doctorat en Hist\u00f2ria Econ\u00f2mica, Universitat Aut\u00f2noma de Barcelona.<\/li>\n\n\n\n<li>Juan Ignacio Campa Navarro: <a rel=\"noreferrer noopener\" href=\"http:\/\/hdl.handle.net\/10803\/383040\" target=\"_blank\">Patentes en M\u00e9xico en la \u00e9poca de la industrializaci\u00f3n por sustituci\u00f3n de importaciones<\/a>. Directors: Anna M. Aubanell, Edward N. Beatty. 04\/02\/2016. Doctorat en Hist\u00f2ria Econ\u00f2mica, Universitat Aut\u00f2noma de Barcelona.<\/li>\n\n\n\n<li>Antonio Malo Larrea: <a rel=\"noreferrer noopener\" href=\"https:\/\/ddd.uab.cat\/record\/128775\" target=\"_blank\">El Metabolismo Social, el Sumak Kawsay y el Territorio: El caso de Cuenca, Ecuador<\/a>. Director: Jes\u00fas Ramos. 15\/01\/2015. Doctorat en Ci\u00e8ncia i Tecnologia Ambientals, Universitat Aut\u00f2noma de Barcelona. <\/li>\n\n\n\n<li>Cristina Madrid L\u00f3pez:&nbsp;<a rel=\"noreferrer noopener\" href=\"https:\/\/ddd.uab.cat\/record\/129102\" target=\"_blank\">The water metabolism of socio-ecosystems. Epistemology, methods and applications<\/a>. Directors: Mario Giampietro, Vicent Alc\u00e0ntara, Jes\u00fas Ramos. 28\/11\/2014. Doctorat en Ci\u00e8ncia i Tecnologia Ambientals, Universitat Aut\u00f2noma de Barcelona. <\/li>\n\n\n\n<li>Tarik Serrano Tovar:<a rel=\"noreferrer noopener\" href=\"https:\/\/ddd.uab.cat\/record\/130259\" target=\"_blank\">Spatial analysis in MuSIASEM. The use of Geographic Information Systems and Land Use applied to the integrated analysis of rural systems\u2019 metabolism<\/a>. Directors: Mario Giampietro, Jes\u00fas Ramos. 29\/05\/2014. Doctorat en Ci\u00e8ncia i Tecnologia Ambientals, Universitat Aut\u00f2noma de Barcelona.  <\/li>\n\n\n\n<li>Fran\u00e7ois Diaz-Maurin:&nbsp;<a rel=\"noreferrer noopener\" href=\"https:\/\/ddd.uab.cat\/record\/116373\" target=\"_blank\">The Viability and Desirability of Alternative Energy Sources: Exploring the Controversy over Nuclear Power<\/a>. Directors: Mario Giampietro, Jes\u00fas Ramos. 25\/10\/2013. Doctorat en Ci\u00e8ncia i Tecnologia Ambientals, Universitat Aut\u00f2noma de Barcelona.  <\/li>\n\n\n\n<li>Oswaldo Viteri: <a rel=\"noreferrer noopener\" href=\"https:\/\/ddd.uab.cat\/record\/126995\" target=\"_blank\">Evaluaci\u00f3n de la Sostenibilidad de los Cultivos de Caf\u00e9 y Cacao en las Provincias de Orellana y Sucumb\u00edos \u2013 Ecuador<\/a>. Directors: Jes\u00fas Ramos, Tiziano Gomiero. 04\/10\/2013. Doctorat en Ci\u00e8ncia i Tecnologia Ambientals, Universitat Aut\u00f2noma de Barcelona.  <\/li>\n\n\n\n<li>Arnim Scheidel: <a rel=\"noreferrer noopener\" href=\"https:\/\/ddd.uab.cat\/record\/113997\" target=\"_blank\">New challenges in rural development. A multi-scale inquiry into emerging issues, posed by the global land rush<\/a>. Directors: Mario Giampietro, Katharine N. Farrell, Jes\u00fas Ramos. 28\/06\/2013. Doctorat en Ci\u00e8ncia i Tecnologia Ambientals, Universitat Aut\u00f2noma de Barcelona.  <\/li>\n\n\n\n<li>Pere Ariza-Montobbio: <a rel=\"noreferrer noopener\" href=\"https:\/\/ddd.uab.cat\/record\/112984\" target=\"_blank\">Large-scale Renewable Energy? A transdisciplinary view on conflicts and trade-offs in the implementation of renewable energy<\/a>. Directors: Joan Mart\u00ednez Alier, Jes\u00fas Ramos, Giorgos Kallis. 30\/05\/2013. Doctorat en Ci\u00e8ncia i Tecnologia Ambientals, Universitat Aut\u00f2noma de Barcelona. <\/li>\n\n\n\n<li>Llu\u00eds Vir\u00f2s i Pujol\u00e0: <a rel=\"noreferrer noopener\" href=\"http:\/\/hdl.handle.net\/10803\/107973\" target=\"_blank\">Empresa, treball i innovaci\u00f3 tecnol\u00f2gica durant el franquisme: El districte industrial de Manresa<\/a>. Director: Carmen Saras\u00faa. 03\/12\/2012.<\/li>\n\n\n\n<li>Nancy Guadalupe Arizpe Ramos:&nbsp;<a rel=\"noreferrer noopener\" href=\"https:\/\/ddd.uab.cat\/record\/113002\" target=\"_blank\">Understanding Agricultural Change: Integrated analysis of the societal metabolism at different scales<\/a>. Directors:<strong> <\/strong>Jes\u00fas Ramos, Mario Giampietro, Joan Mart\u00ednez Alier. 21\/11\/2012. Doctorat en Ci\u00e8ncia i Tecnologia Ambientals, Universitat Aut\u00f2noma de Barcelona. <\/li>\n\n\n\n<li>Paola Mar\u00eda Ungar Ronderos:&nbsp;<a rel=\"noreferrer noopener\" href=\"https:\/\/ddd.uab.cat\/record\/103713\" target=\"_blank\">Planear en el tr\u00f3pico. Conocimiento y acci\u00f3n en la gesti\u00f3n de parques nacionales en Colombia: el caso del Parque Nacional Natural Amacayacu<\/a>. Directors: Jes\u00fas Ramos, Roger Strand. 25\/05\/2012. Doctorat en Ci\u00e8ncia i Tecnologia Ambientals, Universitat Aut\u00f2noma de Barcelona. <\/li>\n\n\n\n<li>Ismael Hern\u00e1ndez Adell: <a rel=\"noreferrer noopener\" href=\"http:\/\/hdl.handle.net\/10803\/96856\" target=\"_blank\">La difusi\u00f3n de un nuevo alimento: producci\u00f3n y consumo de leche en Espa\u00f1a, 1865-1936<\/a>. Director: Josep Pujol Andreu. 27\/04\/2012. Doctorat en Hist\u00f2ria Econ\u00f2mica, Universitat Aut\u00f2noma de Barcelona.<\/li>\n<\/ul>\n","protected":false},"excerpt":{"rendered":"<p>Regarding education, in addition to teaching in various degrees the subjects corresponding to the areas of Economic History and Ecological Economics, members of the group participate in the Master&#8217;s in Economic History and the official Master&#8217;s Degree in Interdisciplinary Studies in Environmental, Economic and Social Sustainability, as well as in the PhD in Comparative, Political [&hellip;]<\/p>\n","protected":false},"author":2606,"featured_media":0,"parent":0,"menu_order":0,"comment_status":"closed","ping_status":"closed","template":"","meta":{"footnotes":""},"class_list":["post-56","page","type-page","status-publish","hentry"],"_links":{"self":[{"href":"https:\/\/webs.uab.cat\/nivellsdevida\/en\/wp-json\/wp\/v2\/pages\/56","targetHints":{"allow":["GET"]}}],"collection":[{"href":"https:\/\/webs.uab.cat\/nivellsdevida\/en\/wp-json\/wp\/v2\/pages"}],"about":[{"href":"https:\/\/webs.uab.cat\/nivellsdevida\/en\/wp-json\/wp\/v2\/types\/page"}],"author":[{"embeddable":true,"href":"https:\/\/webs.uab.cat\/nivellsdevida\/en\/wp-json\/wp\/v2\/users\/2606"}],"replies":[{"embeddable":true,"href":"https:\/\/webs.uab.cat\/nivellsdevida\/en\/wp-json\/wp\/v2\/comments?post=56"}],"version-history":[{"count":3,"href":"https:\/\/webs.uab.cat\/nivellsdevida\/en\/wp-json\/wp\/v2\/pages\/56\/revisions"}],"predecessor-version":[{"id":204,"href":"https:\/\/webs.uab.cat\/nivellsdevida\/en\/wp-json\/wp\/v2\/pages\/56\/revisions\/204"}],"wp:attachment":[{"href":"https:\/\/webs.uab.cat\/nivellsdevida\/en\/wp-json\/wp\/v2\/media?parent=56"}],"curies":[{"name":"wp","href":"https:\/\/api.w.org\/{rel}","templated":true}]}}