{"id":18,"date":"2023-07-11T11:19:33","date_gmt":"2023-07-11T09:19:33","guid":{"rendered":"https:\/\/webs.uab.cat\/nivellsdevida\/inicio\/"},"modified":"2024-11-07T17:13:01","modified_gmt":"2024-11-07T15:13:01","slug":"inicio","status":"publish","type":"page","link":"https:\/\/webs.uab.cat\/nivellsdevida\/es\/","title":{"rendered":"Inicio"},"content":{"rendered":"\n<p>El Grupo de Investigaci\u00f3n de Niveles de Vida Biol\u00f3gicos e Indicadores de Desigualdad (NIDES) (GRC 2021-SGR-00141) de la <a href=\"https:\/\/www.uab.cat\/es\/economia-historia-economica\/unidad-historia-economica\" target=\"_blank\" rel=\"noreferrer noopener\">Unidad de Historia Econ\u00f3mica<\/a> del <a href=\"https:\/\/www.uab.cat\/es\/economia-historia-economica\" target=\"_blank\" rel=\"noreferrer noopener\">Departamento de Econom\u00eda e Historia Econ\u00f3mica<\/a> se cre\u00f3 en 2005 con el objetivo de analizar la historia de diferentes aspectos del desarrollo econ\u00f3mico y su relaci\u00f3n con los niveles de vida de la poblaci\u00f3n y la sostenibilidad de los sistemas econ\u00f3micos. En la actualidad, el grupo investiga sobre historia de la agricultura y la alimentaci\u00f3n, el uso de la energ\u00eda y los materiales por parte de las sociedades, la demograf\u00eda y el mercado de trabajo, as\u00ed como la historia industrial. Los miembros del grupo participan en diferentes proyectos de investigaci\u00f3n nacionales e internacionales, as\u00ed como en la formaci\u00f3n de nuevos investigadores en diferentes programas de postgrado.<\/p>\n","protected":false},"excerpt":{"rendered":"<p>El Grupo de Investigaci\u00f3n de Niveles de Vida Biol\u00f3gicos e Indicadores de Desigualdad (NIDES) (GRC 2021-SGR-00141) de la Unidad de Historia Econ\u00f3mica del Departamento de Econom\u00eda e Historia Econ\u00f3mica se cre\u00f3 en 2005 con el objetivo de analizar la historia de diferentes aspectos del desarrollo econ\u00f3mico y su relaci\u00f3n con los niveles de vida de [&hellip;]<\/p>\n","protected":false},"author":2606,"featured_media":0,"parent":0,"menu_order":0,"comment_status":"closed","ping_status":"closed","template":"","meta":{"footnotes":""},"class_list":["post-18","page","type-page","status-publish","hentry"],"_links":{"self":[{"href":"https:\/\/webs.uab.cat\/nivellsdevida\/es\/wp-json\/wp\/v2\/pages\/18","targetHints":{"allow":["GET"]}}],"collection":[{"href":"https:\/\/webs.uab.cat\/nivellsdevida\/es\/wp-json\/wp\/v2\/pages"}],"about":[{"href":"https:\/\/webs.uab.cat\/nivellsdevida\/es\/wp-json\/wp\/v2\/types\/page"}],"author":[{"embeddable":true,"href":"https:\/\/webs.uab.cat\/nivellsdevida\/es\/wp-json\/wp\/v2\/users\/2606"}],"replies":[{"embeddable":true,"href":"https:\/\/webs.uab.cat\/nivellsdevida\/es\/wp-json\/wp\/v2\/comments?post=18"}],"version-history":[{"count":6,"href":"https:\/\/webs.uab.cat\/nivellsdevida\/es\/wp-json\/wp\/v2\/pages\/18\/revisions"}],"predecessor-version":[{"id":507,"href":"https:\/\/webs.uab.cat\/nivellsdevida\/es\/wp-json\/wp\/v2\/pages\/18\/revisions\/507"}],"wp:attachment":[{"href":"https:\/\/webs.uab.cat\/nivellsdevida\/es\/wp-json\/wp\/v2\/media?parent=18"}],"curies":[{"name":"wp","href":"https:\/\/api.w.org\/{rel}","templated":true}]}}