{"id":354,"date":"2023-07-19T15:29:42","date_gmt":"2023-07-19T13:29:42","guid":{"rendered":"https:\/\/webs.uab.cat\/nivellsdevida\/jesus-ramos\/"},"modified":"2024-11-07T17:14:44","modified_gmt":"2024-11-07T15:14:44","slug":"jesus-ramos","status":"publish","type":"page","link":"https:\/\/webs.uab.cat\/nivellsdevida\/es\/jesus-ramos\/","title":{"rendered":"Jes\u00fas Ramos"},"content":{"rendered":"<div class=\"wp-block-image is-style-rounded\">\n<figure class=\"aligncenter size-thumbnail\"><img loading=\"lazy\" decoding=\"async\" width=\"150\" height=\"150\" src=\"https:\/\/webs.uab.cat\/nivellsdevida\/wp-content\/uploads\/sites\/451\/2023\/07\/ramos-150x150.jpg\" alt=\"\" class=\"wp-image-96\" \/><\/figure>\n<\/div>\n\n\n<p>Catedr\u00e1tico de la <a href=\"https:\/\/www.uab.cat\/es\/economia-historia-economica\/unidad-historia-economica\" target=\"_blank\" rel=\"noreferrer noopener\">Unidad de Historia Econ\u00f3mica<\/a> del Departmento de Econom\u00eda e Historia Econ\u00f3mica de la UAB. Es economista y doctor en ciencias ambientales (econom\u00eda ecol\u00f3gica). Es investigador del <a href=\"https:\/\/www.uab.cat\/icta\/\" target=\"_blank\" rel=\"noreferrer noopener\">Instituto de Ciencia y Tecnolog\u00eda Ambientales (ICTA)<\/a>. En el pasado ha sido decano del Centro de Prospectiva Estrat\u00e9gica del <a href=\"https:\/\/www.iaen.edu.ec\/\" target=\"_blank\" rel=\"noreferrer noopener\">Instituto de Altos Estudios Nacionales<\/a> (Ecuador) y rector de la <a href=\"https:\/\/www.ikiam.edu.ec\/\" target=\"_blank\" rel=\"noreferrer noopener\">Universidad Regional Amaz\u00f3nica Ikiam<\/a> (Ecuador).<\/p>\n\n\n\n<p>Su investigaci\u00f3n se centra en econom\u00eda ecol\u00f3gica biof\u00edsica, el an\u00e1lisis del metabolismo de las sociedades y hogares, los sistemas energ\u00e9ticos, el impacto de la educaci\u00f3n en el desarrollo, y poblaci\u00f3n y medio ambiente.<\/p>\n\n\n\n<p>Su producci\u00f3n cient\u00edfica se puede consultar en los diferentes perfiles:<\/p>\n\n\n\n<ul class=\"wp-block-list\">\n<li><a href=\"https:\/\/orcid.org\/0000-0002-1057-3545\" target=\"_blank\" rel=\"noreferrer noopener\">ORCID<\/a><\/li>\n\n\n\n<li><a href=\"https:\/\/www.scopus.com\/authid\/detail.uri?authorId=6507288718\" target=\"_blank\" rel=\"noreferrer noopener\">SCOPUS<\/a><\/li>\n\n\n\n<li><a href=\"https:\/\/scholar.google.es\/citations?user=RthVTFsAAAAJ\" target=\"_blank\" rel=\"noreferrer noopener\">Scholar Google<\/a><\/li>\n\n\n\n<li><a href=\"https:\/\/www.researchgate.net\/profile\/Jesus-Ramos-Martin-2\" target=\"_blank\" rel=\"noreferrer noopener\">Research Gate<\/a><\/li>\n\n\n\n<li><a href=\"https:\/\/econpapers.repec.org\/RAS\/pra54.htm\" target=\"_blank\" rel=\"noreferrer noopener\">EconPapers<\/a><\/li>\n\n\n\n<li><a href=\"https:\/\/www.amazon.com\/stores\/Ramos-Martin-Jesus\/author\/B00JZR19OK?ref=ap_rdr&amp;store_ref=ap_rdr&amp;isDramIntegrated=true&amp;shoppingPortalEnabled=true\" target=\"_blank\" rel=\"noreferrer noopener\">Amazon<\/a><\/li>\n\n\n\n<li><a rel=\"noreferrer noopener\" href=\"https:\/\/portalrecerca.uab.cat\/en\/persons\/jes%C3%BAs-ramos-mart%C3%ADn-7\" target=\"_blank\">Portal de Investigaci\u00f3n UAB<\/a><\/li>\n<\/ul>\n","protected":false},"excerpt":{"rendered":"<p>Catedr\u00e1tico de la Unidad de Historia Econ\u00f3mica del Departmento de Econom\u00eda e Historia Econ\u00f3mica de la UAB. Es economista y doctor en ciencias ambientales (econom\u00eda ecol\u00f3gica). Es investigador del Instituto de Ciencia y Tecnolog\u00eda Ambientales (ICTA). En el pasado ha sido decano del Centro de Prospectiva Estrat\u00e9gica del Instituto de Altos Estudios Nacionales (Ecuador) y [&hellip;]<\/p>\n","protected":false},"author":2606,"featured_media":0,"parent":0,"menu_order":0,"comment_status":"closed","ping_status":"closed","template":"","meta":{"footnotes":""},"class_list":["post-354","page","type-page","status-publish","hentry"],"_links":{"self":[{"href":"https:\/\/webs.uab.cat\/nivellsdevida\/es\/wp-json\/wp\/v2\/pages\/354","targetHints":{"allow":["GET"]}}],"collection":[{"href":"https:\/\/webs.uab.cat\/nivellsdevida\/es\/wp-json\/wp\/v2\/pages"}],"about":[{"href":"https:\/\/webs.uab.cat\/nivellsdevida\/es\/wp-json\/wp\/v2\/types\/page"}],"author":[{"embeddable":true,"href":"https:\/\/webs.uab.cat\/nivellsdevida\/es\/wp-json\/wp\/v2\/users\/2606"}],"replies":[{"embeddable":true,"href":"https:\/\/webs.uab.cat\/nivellsdevida\/es\/wp-json\/wp\/v2\/comments?post=354"}],"version-history":[{"count":4,"href":"https:\/\/webs.uab.cat\/nivellsdevida\/es\/wp-json\/wp\/v2\/pages\/354\/revisions"}],"predecessor-version":[{"id":508,"href":"https:\/\/webs.uab.cat\/nivellsdevida\/es\/wp-json\/wp\/v2\/pages\/354\/revisions\/508"}],"wp:attachment":[{"href":"https:\/\/webs.uab.cat\/nivellsdevida\/es\/wp-json\/wp\/v2\/media?parent=354"}],"curies":[{"name":"wp","href":"https:\/\/api.w.org\/{rel}","templated":true}]}}