{"id":393,"date":"2023-09-04T09:34:44","date_gmt":"2023-09-04T07:34:44","guid":{"rendered":"https:\/\/webs.uab.cat\/nivellsdevida\/josep-lluis-martinez\/"},"modified":"2024-11-07T17:15:09","modified_gmt":"2024-11-07T15:15:09","slug":"josep-lluis-martinez","status":"publish","type":"page","link":"https:\/\/webs.uab.cat\/nivellsdevida\/es\/josep-lluis-martinez\/","title":{"rendered":"Josep Llu\u00eds Mart\u00ednez"},"content":{"rendered":"<div class=\"wp-block-image is-style-rounded\">\n<figure class=\"aligncenter size-full\"><img loading=\"lazy\" decoding=\"async\" width=\"296\" height=\"344\" src=\"https:\/\/webs.uab.cat\/nivellsdevida\/wp-content\/uploads\/sites\/451\/2023\/07\/martinez.jpg\" alt=\"\" class=\"wp-image-90\" srcset=\"https:\/\/webs.uab.cat\/nivellsdevida\/wp-content\/uploads\/sites\/451\/2023\/07\/martinez.jpg 296w, https:\/\/webs.uab.cat\/nivellsdevida\/wp-content\/uploads\/sites\/451\/2023\/07\/martinez-258x300.jpg 258w\" sizes=\"auto, (max-width: 296px) 100vw, 296px\" \/><\/figure>\n<\/div>\n\n\n<p>Profesor visitante en la <a href=\"https:\/\/www.uab.cat\/es\/economia-historia-economica\/unidad-historia-economica\" target=\"_blank\" rel=\"noreferrer noopener\">Unidad de Historia Econ\u00f3mica<\/a> del Departamento de Econom\u00eda e Historia Econ\u00f3mica de la UAB. Es economista y doctor en historia econ\u00f3mica por la Universidad de Barcelona y Carlos III de Madrid. Es investigador de la Universidad de Barcelona. En el pasado ha estado muy ligado a la administraci\u00f3n p\u00fablica local, el Tercer Sector y el movimiento agroecol\u00f3gico.<\/p>\n\n\n\n<p>Su investigaci\u00f3n se centra en econom\u00eda del cambio clim\u00e1tico, el an\u00e1lisis multi-EROI de los agroecosistemas, el valor econ\u00f3mico del altruismo en el largo plazo, el cooperativismo y la econom\u00eda del bien com\u00fan.<\/p>\n\n\n\n<p>Su producci\u00f3n cient\u00edfica se puede consultar en los diferentes perfiles:<\/p>\n\n\n\n<ul class=\"wp-block-list\">\n<li><a href=\"https:\/\/orcid.org\/0000-0003-4157-0125\" target=\"_blank\" rel=\"noreferrer noopener\">ORCID<\/a><\/li>\n\n\n\n<li><a href=\"https:\/\/scholar.google.es\/citations?user=xFdoJvAAAAAJ&amp;hl=es\" target=\"_blank\" rel=\"noreferrer noopener\">Scholar Google<\/a><\/li>\n<\/ul>\n","protected":false},"excerpt":{"rendered":"<p>Profesor visitante en la Unidad de Historia Econ\u00f3mica del Departamento de Econom\u00eda e Historia Econ\u00f3mica de la UAB. Es economista y doctor en historia econ\u00f3mica por la Universidad de Barcelona y Carlos III de Madrid. Es investigador de la Universidad de Barcelona. En el pasado ha estado muy ligado a la administraci\u00f3n p\u00fablica local, el [&hellip;]<\/p>\n","protected":false},"author":2606,"featured_media":0,"parent":0,"menu_order":0,"comment_status":"closed","ping_status":"closed","template":"","meta":{"footnotes":""},"class_list":["post-393","page","type-page","status-publish","hentry"],"_links":{"self":[{"href":"https:\/\/webs.uab.cat\/nivellsdevida\/es\/wp-json\/wp\/v2\/pages\/393","targetHints":{"allow":["GET"]}}],"collection":[{"href":"https:\/\/webs.uab.cat\/nivellsdevida\/es\/wp-json\/wp\/v2\/pages"}],"about":[{"href":"https:\/\/webs.uab.cat\/nivellsdevida\/es\/wp-json\/wp\/v2\/types\/page"}],"author":[{"embeddable":true,"href":"https:\/\/webs.uab.cat\/nivellsdevida\/es\/wp-json\/wp\/v2\/users\/2606"}],"replies":[{"embeddable":true,"href":"https:\/\/webs.uab.cat\/nivellsdevida\/es\/wp-json\/wp\/v2\/comments?post=393"}],"version-history":[{"count":2,"href":"https:\/\/webs.uab.cat\/nivellsdevida\/es\/wp-json\/wp\/v2\/pages\/393\/revisions"}],"predecessor-version":[{"id":509,"href":"https:\/\/webs.uab.cat\/nivellsdevida\/es\/wp-json\/wp\/v2\/pages\/393\/revisions\/509"}],"wp:attachment":[{"href":"https:\/\/webs.uab.cat\/nivellsdevida\/es\/wp-json\/wp\/v2\/media?parent=393"}],"curies":[{"name":"wp","href":"https:\/\/api.w.org\/{rel}","templated":true}]}}