{"id":424,"date":"2023-09-26T09:48:41","date_gmt":"2023-09-26T07:48:41","guid":{"rendered":"https:\/\/webs.uab.cat\/nivellsdevida\/marc-rivas-lopez\/"},"modified":"2024-11-07T17:15:35","modified_gmt":"2024-11-07T15:15:35","slug":"marc-rivas-lopez","status":"publish","type":"page","link":"https:\/\/webs.uab.cat\/nivellsdevida\/es\/marc-rivas-lopez\/","title":{"rendered":"Marc Rivas L\u00f3pez"},"content":{"rendered":"<div class=\"wp-block-image is-style-rounded\">\n<figure class=\"aligncenter size-full\"><img loading=\"lazy\" decoding=\"async\" width=\"233\" height=\"312\" src=\"https:\/\/webs.uab.cat\/nivellsdevida\/wp-content\/uploads\/sites\/451\/2023\/09\/MarcRivas.jpg\" alt=\"\" class=\"wp-image-413\" srcset=\"https:\/\/webs.uab.cat\/nivellsdevida\/wp-content\/uploads\/sites\/451\/2023\/09\/MarcRivas.jpg 233w, https:\/\/webs.uab.cat\/nivellsdevida\/wp-content\/uploads\/sites\/451\/2023\/09\/MarcRivas-224x300.jpg 224w\" sizes=\"auto, (max-width: 233px) 100vw, 233px\" \/><\/figure>\n<\/div>\n\n\n<p>Profesor en la <a href=\"https:\/\/www.uab.cat\/es\/economia-historia-economica\/unidad-historia-economica\" target=\"_blank\" rel=\"noreferrer noopener\">Unidad de Historia Econ\u00f3mica<\/a> del Departamento de Econom\u00eda e Historia Econ\u00f3mica de la UAB. Es doctor en econom\u00eda aplicada por la Universidad Aut\u00f3noma de Barcelona.<\/p>\n\n\n\n<p>Su investigaci\u00f3n se centra en los sistemas agroalimentarios, la soberan\u00eda alimentaria, los reg\u00edmenes alimenticios, la sostenibilidad y la transici\u00f3n nutricional.<\/p>\n\n\n\n<p>Su producci\u00f3n cient\u00edfica se puede consultar en:<\/p>\n\n\n\n<ul class=\"wp-block-list\">\n<li><a rel=\"noreferrer noopener\" href=\"https:\/\/orcid.org\/0000-0002-9517-2328\" target=\"_blank\">ORCID<\/a><\/li>\n<\/ul>\n","protected":false},"excerpt":{"rendered":"<p>Profesor en la Unidad de Historia Econ\u00f3mica del Departamento de Econom\u00eda e Historia Econ\u00f3mica de la UAB. Es doctor en econom\u00eda aplicada por la Universidad Aut\u00f3noma de Barcelona. Su investigaci\u00f3n se centra en los sistemas agroalimentarios, la soberan\u00eda alimentaria, los reg\u00edmenes alimenticios, la sostenibilidad y la transici\u00f3n nutricional. Su producci\u00f3n cient\u00edfica se puede consultar en:<\/p>\n","protected":false},"author":2606,"featured_media":0,"parent":0,"menu_order":0,"comment_status":"closed","ping_status":"closed","template":"","meta":{"footnotes":""},"class_list":["post-424","page","type-page","status-publish","hentry"],"_links":{"self":[{"href":"https:\/\/webs.uab.cat\/nivellsdevida\/es\/wp-json\/wp\/v2\/pages\/424","targetHints":{"allow":["GET"]}}],"collection":[{"href":"https:\/\/webs.uab.cat\/nivellsdevida\/es\/wp-json\/wp\/v2\/pages"}],"about":[{"href":"https:\/\/webs.uab.cat\/nivellsdevida\/es\/wp-json\/wp\/v2\/types\/page"}],"author":[{"embeddable":true,"href":"https:\/\/webs.uab.cat\/nivellsdevida\/es\/wp-json\/wp\/v2\/users\/2606"}],"replies":[{"embeddable":true,"href":"https:\/\/webs.uab.cat\/nivellsdevida\/es\/wp-json\/wp\/v2\/comments?post=424"}],"version-history":[{"count":3,"href":"https:\/\/webs.uab.cat\/nivellsdevida\/es\/wp-json\/wp\/v2\/pages\/424\/revisions"}],"predecessor-version":[{"id":510,"href":"https:\/\/webs.uab.cat\/nivellsdevida\/es\/wp-json\/wp\/v2\/pages\/424\/revisions\/510"}],"wp:attachment":[{"href":"https:\/\/webs.uab.cat\/nivellsdevida\/es\/wp-json\/wp\/v2\/media?parent=424"}],"curies":[{"name":"wp","href":"https:\/\/api.w.org\/{rel}","templated":true}]}}