{"id":63,"date":"2023-07-12T14:54:10","date_gmt":"2023-07-12T12:54:10","guid":{"rendered":"https:\/\/webs.uab.cat\/nivellsdevida\/investigacion\/"},"modified":"2023-07-18T10:05:22","modified_gmt":"2023-07-18T08:05:22","slug":"investigacion","status":"publish","type":"page","link":"https:\/\/webs.uab.cat\/nivellsdevida\/es\/investigacion\/","title":{"rendered":"Investigaci\u00f3n"},"content":{"rendered":"\n<p>Nuestro grupo propone nuevos indicadores de niveles de vida, en especial biol\u00f3gicos (mortalidad, morbilidad, alturas\/peso y estado nutritivo), entre principios del siglo XIX y el momento actual, con diferentes niveles de agregaci\u00f3n geogr\u00e1fica y seg\u00fan edad, g\u00e9nero, estado de salud, y ubicaci\u00f3n rural\/urbana de la poblaci\u00f3n. Tambi\u00e9n analiza su evoluci\u00f3n y las principales diferencias que se observan a lo largo del tiempo y en distintos colectivos, as\u00ed como los efectos de la tasa de actividad, empleo, salarios e ingresos de las mujeres en los niveles de vida. Un tercer \u00e1mbito de investigaci\u00f3n es la relaci\u00f3n entre los niveles de vida y el metabolismo socioecon\u00f3mico y el uso de recursos naturales. La actividad de investigaci\u00f3n del grupo tambi\u00e9n se puede visualizar en el <a href=\"https:\/\/portalrecerca.uab.cat\/en\/organisations\/nivells-de-vida-biol%C3%B2gics-i-indicadors-de-desigualtat-espanya-en-\" target=\"_blank\" rel=\"noreferrer noopener\">Portal de Investigaci\u00f3n de la UAB<\/a>.<\/p>\n\n\n\n<p><strong>Estructura del grupo y l\u00edneas de investigaci\u00f3n<\/strong><\/p>\n\n\n\n<p>El grupo se estructura en tres equipos en torno a tres l\u00edneas de investigaci\u00f3n, que trabajan en estrecha colaboraci\u00f3n:<\/p>\n\n\n\n<ul class=\"wp-block-list\">\n<li>Equipo 1: Transici\u00f3n demogr\u00e1fica, epidemiol\u00f3gica y nutricional y niveles de vida biol\u00f3gicos (<strong>R. Nicolau<\/strong>, F. Mu\u00f1oz, X. Cuss\u00f3, A. Aubanell, I. Hern\u00e1ndez, J. Maluquer, C. Badenes, S. Calatayud).<\/li>\n\n\n\n<li>Equipo 2: Metabolismo de las sociedades y de los hogares, y uso sostenible de los recursos (<strong>J. Ramos<\/strong>, J.L. Mart\u00ednez, M. Rivas).<\/li>\n\n\n\n<li>Equipo 3: Mercados de trabajo, educaci\u00f3n y desigualdad de g\u00e9nero (<strong>C. Saras\u00faa<\/strong>, M. Llonch, G. Cappelli, A. Toniolo, E. Felice).<\/li>\n<\/ul>\n\n\n\n<p><strong>Objetivos de Investigaci\u00f3n<\/strong><\/p>\n\n\n\n<ol class=\"wp-block-list\">\n<li>Avance en estudios de transiciones epidemiol\u00f3gicas y nutricionales.<\/li>\n\n\n\n<li>Avance en estudio de c\u00f3mo los cambios tecnol\u00f3gicos han contribuido a la disminuci\u00f3n de la mortalidad infecciosa, la fertilidad y los cambios en la dieta.<\/li>\n\n\n\n<li>Avance en metodolog\u00edas y estudios sobre la relaci\u00f3n entre la alimentaci\u00f3n y los niveles de vida materiales con el uso de la tierra y los recursos naturales (metabolismo socioecon\u00f3mico) y el impacto ambiental que se deriva.<\/li>\n\n\n\n<li>Calcular la estructura del empleo (masculino y femenino) a largo plazo (1700-1975) y analizar las causas de los cambios en el mismo, incluyendo las comparaciones internacionales.<\/li>\n<\/ol>\n\n\n\n<p><strong>Proyectos de investigaci\u00f3n (desde 2010)<\/strong><\/p>\n\n\n\n<ul class=\"wp-block-list\">\n<li><strong>La transformaci\u00f3n de la estructura de la ocupaci\u00f3n en el largo plazo, Espa\u00f1a, 1700-1975. Las ocupaciones no agr\u00edcolas como indicador de la modernizaci\u00f3n econ\u00f3mica<\/strong>. Ministerio de Ciencia e Innovaci\u00f3n. Referencia: PID2021-123863NB-C21. <strong>Sarasua Garcia, C.<\/strong> (IP), Erdoz\u00e1in Azpilicueta, M. P., Hern\u00e1ndez Garc\u00eda, R., Linares Luj\u00e1n, A., Luque Pecci, J. M., L\u00f3pez Ant\u00f3n, M., Mallorqu\u00ed Ruscalleda, N., Mart\u00edn Garc\u00eda, J. J., P\u00e9rez-Art\u00e9s, M. C.,\u00a0Lopez Anton, M., P\u00e9rez-Art\u00e9s, M. C., Lei Shi, &amp; Luque Pecci, J. M. 1\/01\/22\u00a0&#8211;\u00a031\/12\/25.<\/li>\n\n\n\n<li><strong>ETOS:\u00a0Analizando la externalizaci\u00f3n ambiental de la transici\u00f3n energ\u00e9tica sostenible con herramientas de c\u00f3digo abierto<\/strong>. Ministerio de Ciencia e Innovaci\u00f3n. Ref: TED2021-132032A-I00. Madrid L\u00f3pez, C. (IP), Caballeros Finkelstein, A.,\u00a0<strong>Ramos Mart\u00edn, J.<\/strong>, P\u00e9rez-S\u00e1nchez, L. \u00c0.,\u00a0Martin , N.\u00a0&amp; Pfenninger, S. 1\/12\/22\u00a0&#8211;\u00a030\/11\/24.<\/li>\n\n\n\n<li><strong>La estructura de la ocupaci\u00f3n y el ingreso en el largo plazo. redefiniendo la modernizaci\u00f3n econ\u00f3mica y los niveles de vida en Espa\u00f1a, 1750-1975<\/strong>. Ministerio de Econom\u00eda y Competitividad (HAR2017-85601-C2- 1-P). <strong>Sarasua Garcia, C.<\/strong> (IP),\u00a0Lopez Anton, M.,\u00a0Mallorqui Ruscalleda, N., Mart\u00edn Garc\u00eda, J. J., Mutos, C. M., P\u00e9rez-Art\u00e9s, M. C., Erdoz\u00e1in Azpilicueta, M. P. &amp; Hern\u00e1ndez Garc\u00eda, R. 1\/01\/18\u00a0&#8211;\u00a028\/02\/22.<\/li>\n\n\n\n<li><strong>Presente y pasado en Espa\u00f1a de los niveles de vida: salud, alimentaci\u00f3n y sostenibilidad, siglos XIX-XX.<\/strong> Ministerio de Ciencia e Innovaci\u00f3n, referencia: HAR2016-76814-C2-1-P. <strong>Nicolau Nos, R.<\/strong> (IP), <strong>Pujol Andreu, J.<\/strong>, <strong>Felice , C. E.<\/strong>,\u00a0Gamboa Jimenez, G. A.,\u00a0Munda , G.,\u00a0<strong>Ramos Mart\u00edn, J.<\/strong>,\u00a0<strong>Aubanell Jubany, A.<\/strong> <strong>M.<\/strong>,\u00a0<strong>Cusso Segura, X.<\/strong>, Fatj\u00f3 G\u00f3mez, P.,\u00a0<strong>Llonch Casanovas, M.<\/strong>,\u00a0<strong>Mu\u00f1oz Pradas, F.<\/strong>,\u00a0<strong>Hern\u00e1ndez Adell, I.<\/strong>, <strong>Badenes, C.<\/strong>, <strong>Capelli, G.<\/strong>, Corbera, E., Fernando Largo Jimenez, Martinelli Lasheras, P., Medina Albaladejo, F. J., Portugal, R., <strong>Calatayud Giner, S.<\/strong> &amp; <strong>Rivas Lopez, M.<\/strong> 30\/12\/16\u00a0&#8211;\u00a029\/12\/21.<\/li>\n\n\n\n<li><strong>Salarios, actividad de las mujeres y niveles de vida, 1750-1950. <\/strong>Ministerio de Econom\u00eda y Competitividad (HAR2013-47277-C2-1-P). <strong>Sarasua Garcia, C.<\/strong>,\u00a0Lopez Anton, M., Vir\u00f3s Pujol\u00e0, L. &amp; Mendiola, F. 1\/01\/14\u00a0&#8211;\u00a031\/12\/18.<\/li>\n\n\n\n<li><strong>Poblaci\u00f3n, alimentaci\u00f3n y niveles de vida, Espa\u00f1a siglos XIX-XX.<\/strong> Ministerio de Econom\u00eda y Competitividad, referencia: HAR2013-47182-C2-1-P. <strong>Pujol Andreu, J.<\/strong> (IP),\u00a0<strong>Aubanell Jubany, A. M.<\/strong>,\u00a0<strong>Cusso Segura, X.<\/strong>, <strong>Fatj\u00f3 G\u00f3mez, P.<\/strong>, <strong>Felice , C. E.<\/strong>,\u00a0<strong>Llonch Casanovas, M.<\/strong>,\u00a0<strong>Munda , G.<\/strong>,\u00a0<strong>Mu\u00f1oz Pradas, F.<\/strong>,\u00a0<strong>Nicolau Nos, R.<\/strong>,\u00a0<strong>Ramos Mart\u00edn, J.<\/strong>,<strong> Capelli, G.<\/strong>, <strong>Calatayud Giner, S.<\/strong>, Martinelli Lasheras, P., Medina Albadalejo, F. J. &amp; Sanz Lafuente, G. 1\/01\/14\u00a0&#8211;\u00a031\/12\/16.<\/li>\n\n\n\n<li><strong>Participatory Integrated Assessment of Energy Systems to promote Energy Access and Efficiency (PARTICIPIA).<\/strong> EuropeAid, contract number: DCI-AFS\/2013\/320-333. Giampietro , M. (IP), Bukkens, S.,\u00a0<strong>Ramos Mart\u00edn, J.<\/strong>, Yunta Mezquita, F., Dr Christoff Pauw, Dr. Z. Oyedokun, Josep Ferrer Riba, Liv-Grethe Gudmundsen, Mr. Cheddi Kiravu, Mr. Olivier Dubois, Ms. Olga Belova, Prof. Alvaro Escribano S\u00e1ez, Prof.M.M.Elmissiry &amp; Sandra Martin. 2\/10\/13\u00a0&#8211;\u00a01\/10\/16.<\/li>\n\n\n\n<li><strong>GLAMUR:\u00a0Global and Local food chain Assessment: a Multidimensional performance-based approach (GLAMUR).<\/strong> European Commission, Grant Agreement Number: FP7-KBBE-2012-6-311778. Giampietro , M., Kovacic , Z.,\u00a0<strong>Ramos Mart\u00edn, J.<\/strong>,\u00a0Gamboa Jimenez, G. A.\u00a0&amp; Fiorito, G. 1\/02\/13\u00a0&#8211;\u00a031\/01\/16.<\/li>\n\n\n\n<li><strong>Material advanced recovery sustainable systems (MARSS).<\/strong> European Commission, Grant Agreement Number: LIFE11 ENV\/DE\/343. Giampietro , M. (IP), Bukkens, S., Chifari , R.,\u00a0Gamboa Jimenez, G. A., Kovacic , Z.,\u00a0Lemkow Zetterling, L.,\u00a0Munda , G., Piano , S. L., Puig Ventosa, I. &amp;\u00a0<strong>Ramos Mart\u00edn, J.<\/strong> 3\/09\/12\u00a0&#8211;\u00a031\/12\/15<\/li>\n\n\n\n<li><strong>Salud, alimentaci\u00f3n y mortalidad: los niveles de vida en Espa\u00f1a, ss. XIX-XX.<\/strong> Ministerio de Ciencia e Innovaci\u00f3n, contrato HAR2010-20684-C02-01. <strong>Pujol Andreu, J. <\/strong>(IP), <strong>Felice , C. E.<\/strong>,\u00a0<strong>Aubanell Jubany, A. M.<\/strong>,\u00a0<strong>Cusso Segura, X.<\/strong>, <strong>Fatj\u00f3 G\u00f3mez, P.<\/strong>, <strong>Garrabou Segura, R.<\/strong>,\u00a0<strong>Munda , G.<\/strong>,\u00a0<strong>Mu\u00f1oz Pradas, F.<\/strong>,\u00a0<strong>Nicolau Nos, R.<\/strong>,\u00a0<strong>Ramos Mart\u00edn, J.<\/strong>,\u00a0Rosell Foxa, J.,\u00a0Viladomiu Canela, L., <strong>Calatayud Giner, S.<\/strong>, Fabregat Galcera, E., Medina Albadalejo, F. J., Pablo Lasheras, M., Ricardo Manuel Portugal Dos Santos &amp; Sanz Lafuente, G. 1\/01\/11\u00a0&#8211;\u00a031\/12\/13.<\/li>\n\n\n\n<li><strong>Fortalecimiento acad\u00e9mico-investigativo del grupo de desarrollo institucional y gesti\u00f3n comunitaria en temas ambientales del Instituto Cinara de la Universidad del Valle.<\/strong> AECID, contrato AP\/039278\/11. <strong>Ramos Mart\u00edn, J. <\/strong>(IP),\u00a0Giampietro , M.,\u00a0Madrid L\u00f3pez, C.,\u00a0Martinez Alier, J., Cuvi, J. N., Falcon\u00ed, F., P\u00e9rez Rincon, M. A., Jes\u00fas Ramos Mart\u00edn, J., Rojas Padilla, J. &amp; Vallejo Gal\u00e1rraga, M. C. 13\/12\/11\u00a0&#8211;\u00a012\/03\/13<\/li>\n\n\n\n<li><strong>Reconstrucci\u00f3n de la tasa de actividad femenina espa\u00f1ola, 1750-1980.<\/strong> Ministerio de Ciencia e Innovaci\u00f3n (HAR2009-11709). <strong>Sarasua Garcia, C.<\/strong> (IP), Vir\u00f3s Pujolar, L., Mu\u00f1oz Abeledo, L., <strong>Hern\u00e1ndez Adell, I.<\/strong>, Campos Luque, C., Garrido Gonz\u00e1lez, L. &amp; Hern\u00e1ndez Garc\u00eda, R. 1\/01\/10\u00a0&#8211;\u00a031\/12\/12.<\/li>\n<\/ul>\n","protected":false},"excerpt":{"rendered":"<p>Nuestro grupo propone nuevos indicadores de niveles de vida, en especial biol\u00f3gicos (mortalidad, morbilidad, alturas\/peso y estado nutritivo), entre principios del siglo XIX y el momento actual, con diferentes niveles de agregaci\u00f3n geogr\u00e1fica y seg\u00fan edad, g\u00e9nero, estado de salud, y ubicaci\u00f3n rural\/urbana de la poblaci\u00f3n. Tambi\u00e9n analiza su evoluci\u00f3n y las principales diferencias que [&hellip;]<\/p>\n","protected":false},"author":2606,"featured_media":0,"parent":0,"menu_order":0,"comment_status":"closed","ping_status":"closed","template":"","meta":{"footnotes":""},"class_list":["post-63","page","type-page","status-publish","hentry"],"_links":{"self":[{"href":"https:\/\/webs.uab.cat\/nivellsdevida\/es\/wp-json\/wp\/v2\/pages\/63","targetHints":{"allow":["GET"]}}],"collection":[{"href":"https:\/\/webs.uab.cat\/nivellsdevida\/es\/wp-json\/wp\/v2\/pages"}],"about":[{"href":"https:\/\/webs.uab.cat\/nivellsdevida\/es\/wp-json\/wp\/v2\/types\/page"}],"author":[{"embeddable":true,"href":"https:\/\/webs.uab.cat\/nivellsdevida\/es\/wp-json\/wp\/v2\/users\/2606"}],"replies":[{"embeddable":true,"href":"https:\/\/webs.uab.cat\/nivellsdevida\/es\/wp-json\/wp\/v2\/comments?post=63"}],"version-history":[{"count":2,"href":"https:\/\/webs.uab.cat\/nivellsdevida\/es\/wp-json\/wp\/v2\/pages\/63\/revisions"}],"predecessor-version":[{"id":217,"href":"https:\/\/webs.uab.cat\/nivellsdevida\/es\/wp-json\/wp\/v2\/pages\/63\/revisions\/217"}],"wp:attachment":[{"href":"https:\/\/webs.uab.cat\/nivellsdevida\/es\/wp-json\/wp\/v2\/media?parent=63"}],"curies":[{"name":"wp","href":"https:\/\/api.w.org\/{rel}","templated":true}]}}