{"id":2,"date":"2023-07-11T11:19:33","date_gmt":"2023-07-11T09:19:33","guid":{"rendered":"https:\/\/webs.uab.cat\/nivellsdevida\/?page_id=2"},"modified":"2024-11-07T17:10:46","modified_gmt":"2024-11-07T15:10:46","slug":"pagina-exemple","status":"publish","type":"page","link":"https:\/\/webs.uab.cat\/nivellsdevida\/","title":{"rendered":"Inici"},"content":{"rendered":"\n<p>El Grup de Recerca de Nivells de Vida Biol\u00f2gics i Indicadors de Desigualtat (NIDES) (GRC 2021-SGR-00141) de la <a href=\"https:\/\/www.uab.cat\/ca\/economia-historia-economica\/unitat-historia-economica\" target=\"_blank\" rel=\"noreferrer noopener\">Unitat d&#8217;Hist\u00f2ria Econ\u00f2mica<\/a> del <a href=\"https:\/\/www.uab.cat\/ca\/economia-historia-economica\" target=\"_blank\" rel=\"noreferrer noopener\">Departament d&#8217;Economia i Hist\u00f2ria Econ\u00f2mica<\/a> es va crear l&#8217;any 2005 amb l&#8217;objectiu d&#8217;analitzar la hist\u00f2ria de diferents aspectes del desenvolupament econ\u00f2mic i la seva relaci\u00f3 amb els nivells de vida de la poblaci\u00f3 i la sostenibilitat dels sistemes econ\u00f2mics. En l&#8217;actualitat, el grup investiga sobre hist\u00f2ria de l&#8217;agricultura i l&#8217;alimentaci\u00f3, l&#8217;\u00fas de l&#8217;energia i els materials per part de les societats, la demografia i el mercat de treball, aix\u00ed com la hist\u00f2ria industrial. Els membres del grup participen a diferents projectes de recerca nacionals i internacionals, aix\u00ed com a la formaci\u00f3 de nous investigadors en diferents programes de postgrau.<\/p>\n\n\n\n<p><\/p>\n","protected":false},"excerpt":{"rendered":"<p>El Grup de Recerca de Nivells de Vida Biol\u00f2gics i Indicadors de Desigualtat (NIDES) (GRC 2021-SGR-00141) de la Unitat d&#8217;Hist\u00f2ria Econ\u00f2mica del Departament d&#8217;Economia i Hist\u00f2ria Econ\u00f2mica es va crear l&#8217;any 2005 amb l&#8217;objectiu d&#8217;analitzar la hist\u00f2ria de diferents aspectes del desenvolupament econ\u00f2mic i la seva relaci\u00f3 amb els nivells de vida de la poblaci\u00f3 [&hellip;]<\/p>\n","protected":false},"author":2606,"featured_media":0,"parent":0,"menu_order":0,"comment_status":"closed","ping_status":"closed","template":"","meta":{"footnotes":""},"class_list":["post-2","page","type-page","status-publish","hentry"],"_links":{"self":[{"href":"https:\/\/webs.uab.cat\/nivellsdevida\/wp-json\/wp\/v2\/pages\/2","targetHints":{"allow":["GET"]}}],"collection":[{"href":"https:\/\/webs.uab.cat\/nivellsdevida\/wp-json\/wp\/v2\/pages"}],"about":[{"href":"https:\/\/webs.uab.cat\/nivellsdevida\/wp-json\/wp\/v2\/types\/page"}],"author":[{"embeddable":true,"href":"https:\/\/webs.uab.cat\/nivellsdevida\/wp-json\/wp\/v2\/users\/2606"}],"replies":[{"embeddable":true,"href":"https:\/\/webs.uab.cat\/nivellsdevida\/wp-json\/wp\/v2\/comments?post=2"}],"version-history":[{"count":8,"href":"https:\/\/webs.uab.cat\/nivellsdevida\/wp-json\/wp\/v2\/pages\/2\/revisions"}],"predecessor-version":[{"id":504,"href":"https:\/\/webs.uab.cat\/nivellsdevida\/wp-json\/wp\/v2\/pages\/2\/revisions\/504"}],"wp:attachment":[{"href":"https:\/\/webs.uab.cat\/nivellsdevida\/wp-json\/wp\/v2\/media?parent=2"}],"curies":[{"name":"wp","href":"https:\/\/api.w.org\/{rel}","templated":true}]}}