{"id":27,"date":"2023-07-12T14:53:50","date_gmt":"2023-07-12T12:53:50","guid":{"rendered":"https:\/\/webs.uab.cat\/nivellsdevida\/?page_id=27"},"modified":"2024-02-15T13:18:33","modified_gmt":"2024-02-15T11:18:33","slug":"equip","status":"publish","type":"page","link":"https:\/\/webs.uab.cat\/nivellsdevida\/equip\/","title":{"rendered":"Equip"},"content":{"rendered":"\n<p class=\"has-text-align-center\"><strong>Professors<\/strong><\/p>\n\n\n\n<div class=\"wp-block-columns is-layout-flex wp-container-core-columns-is-layout-9d6595d7 wp-block-columns-is-layout-flex\">\n<div class=\"wp-block-column is-vertically-aligned-center is-layout-flow wp-block-column-is-layout-flow\"><div class=\"wp-block-image is-style-rounded\">\n<figure class=\"aligncenter size-thumbnail is-resized\"><a href=\"https:\/\/webs.uab.cat\/nivellsdevida\/jesus-ramos\/\" target=\"_blank\" rel=\"noreferrer noopener\"><img loading=\"lazy\" decoding=\"async\" src=\"https:\/\/webs.uab.cat\/nivellsdevida\/wp-content\/uploads\/sites\/451\/2023\/07\/ramos-150x150.jpg\" alt=\"\" class=\"wp-image-96\" width=\"202\" height=\"202\" \/><\/a><figcaption class=\"wp-element-caption\">Jes\u00fas Ramos Mart\u00edn<\/figcaption><\/figure>\n<\/div><\/div>\n\n\n\n<div class=\"wp-block-column is-layout-flow wp-block-column-is-layout-flow\"><div class=\"wp-block-image is-style-rounded\">\n<figure class=\"aligncenter size-thumbnail is-resized\"><img loading=\"lazy\" decoding=\"async\" src=\"https:\/\/webs.uab.cat\/nivellsdevida\/wp-content\/uploads\/sites\/451\/2023\/07\/nicolau-150x150.png\" alt=\"\" class=\"wp-image-93\" width=\"202\" height=\"202\" \/><figcaption class=\"wp-element-caption\">Roser Nicolau Nos<\/figcaption><\/figure>\n<\/div><\/div>\n\n\n\n<div class=\"wp-block-column is-vertically-aligned-center is-layout-flow wp-block-column-is-layout-flow\"><div class=\"wp-block-image is-style-rounded\">\n<figure class=\"aligncenter size-thumbnail is-resized\"><img loading=\"lazy\" decoding=\"async\" src=\"https:\/\/webs.uab.cat\/nivellsdevida\/wp-content\/uploads\/sites\/451\/2023\/07\/sarasua-1-150x150.png\" alt=\"\" class=\"wp-image-119\" width=\"198\" height=\"198\" \/><figcaption class=\"wp-element-caption\">Carmen Saras\u00faa Garc\u00eda<\/figcaption><\/figure>\n<\/div><\/div>\n<\/div>\n\n\n\n<div class=\"wp-block-columns is-layout-flex wp-container-core-columns-is-layout-9d6595d7 wp-block-columns-is-layout-flex\">\n<div class=\"wp-block-column is-vertically-aligned-center is-layout-flow wp-block-column-is-layout-flow\"><div class=\"wp-block-image is-style-rounded\">\n<figure class=\"aligncenter size-thumbnail is-resized\"><img loading=\"lazy\" decoding=\"async\" src=\"https:\/\/webs.uab.cat\/nivellsdevida\/wp-content\/uploads\/sites\/451\/2023\/07\/maluquer-150x150.jpg\" alt=\"\" class=\"wp-image-105\" width=\"196\" height=\"196\" \/><figcaption class=\"wp-element-caption\">Jordi Maluquer de Motes i Bernet<\/figcaption><\/figure>\n<\/div><\/div>\n\n\n\n<div class=\"wp-block-column is-layout-flow wp-block-column-is-layout-flow\"><div class=\"wp-block-image is-style-rounded\">\n<figure class=\"aligncenter size-thumbnail is-resized\"><img loading=\"lazy\" decoding=\"async\" src=\"https:\/\/webs.uab.cat\/nivellsdevida\/wp-content\/uploads\/sites\/451\/2023\/07\/munoz-150x150.jpg\" alt=\"\" class=\"wp-image-108\" width=\"204\" height=\"204\" \/><figcaption class=\"wp-element-caption\">Francesc Mu\u00f1oz Pradas<\/figcaption><\/figure>\n<\/div><\/div>\n\n\n\n<div class=\"wp-block-column is-vertically-aligned-center is-layout-flow wp-block-column-is-layout-flow\"><div class=\"wp-block-image is-style-rounded\">\n<figure class=\"aligncenter size-full is-resized\"><img loading=\"lazy\" decoding=\"async\" src=\"https:\/\/webs.uab.cat\/nivellsdevida\/wp-content\/uploads\/sites\/451\/2023\/07\/llonch.png\" alt=\"\" class=\"wp-image-87\" width=\"180\" height=\"201\" \/><figcaption class=\"wp-element-caption\">Montserrat Llonch Casanovas<\/figcaption><\/figure>\n<\/div><\/div>\n<\/div>\n\n\n\n<div class=\"wp-block-columns is-layout-flex wp-container-core-columns-is-layout-9d6595d7 wp-block-columns-is-layout-flex\">\n<div class=\"wp-block-column is-vertically-aligned-center is-layout-flow wp-block-column-is-layout-flow\"><div class=\"wp-block-image is-style-rounded\">\n<figure class=\"aligncenter size-thumbnail is-resized\"><img loading=\"lazy\" decoding=\"async\" src=\"https:\/\/webs.uab.cat\/nivellsdevida\/wp-content\/uploads\/sites\/451\/2023\/07\/Cusso-150x150.png\" alt=\"\" class=\"wp-image-84\" width=\"208\" height=\"208\" \/><figcaption class=\"wp-element-caption\">Xavier Cuss\u00f3 Segura<\/figcaption><\/figure>\n<\/div><\/div>\n\n\n\n<div class=\"wp-block-column is-layout-flow wp-block-column-is-layout-flow\"><div class=\"wp-block-image is-style-rounded\">\n<figure class=\"aligncenter size-thumbnail is-resized\"><img loading=\"lazy\" decoding=\"async\" src=\"https:\/\/webs.uab.cat\/nivellsdevida\/wp-content\/uploads\/sites\/451\/2023\/07\/aubanell-150x150.png\" alt=\"\" class=\"wp-image-81\" width=\"216\" height=\"216\" \/><figcaption class=\"wp-element-caption\">Anna Aubanell Jubany<\/figcaption><\/figure>\n<\/div><\/div>\n\n\n\n<div class=\"wp-block-column is-vertically-aligned-center is-layout-flow wp-block-column-is-layout-flow\"><div class=\"wp-block-image is-style-rounded\">\n<figure class=\"aligncenter size-large is-resized\"><img loading=\"lazy\" decoding=\"async\" src=\"https:\/\/webs.uab.cat\/nivellsdevida\/wp-content\/uploads\/sites\/451\/2023\/07\/toniolo-768x1024.jpg\" alt=\"\" class=\"wp-image-102\" width=\"165\" height=\"219\" srcset=\"https:\/\/webs.uab.cat\/nivellsdevida\/wp-content\/uploads\/sites\/451\/2023\/07\/toniolo-768x1024.jpg 768w, https:\/\/webs.uab.cat\/nivellsdevida\/wp-content\/uploads\/sites\/451\/2023\/07\/toniolo-225x300.jpg 225w, https:\/\/webs.uab.cat\/nivellsdevida\/wp-content\/uploads\/sites\/451\/2023\/07\/toniolo-1152x1536.jpg 1152w, https:\/\/webs.uab.cat\/nivellsdevida\/wp-content\/uploads\/sites\/451\/2023\/07\/toniolo-1200x1600.jpg 1200w, https:\/\/webs.uab.cat\/nivellsdevida\/wp-content\/uploads\/sites\/451\/2023\/07\/toniolo.jpg 1536w\" sizes=\"auto, (max-width: 165px) 100vw, 165px\" \/><figcaption class=\"wp-element-caption\">Alberta Toniolo<\/figcaption><\/figure>\n<\/div><\/div>\n<\/div>\n\n\n\n<div class=\"wp-block-group\"><div class=\"wp-block-group__inner-container is-layout-constrained wp-block-group-is-layout-constrained\">\n<div class=\"wp-block-columns is-layout-flex wp-container-core-columns-is-layout-9d6595d7 wp-block-columns-is-layout-flex\">\n<div class=\"wp-block-column is-vertically-aligned-center is-layout-flow wp-block-column-is-layout-flow\"><div class=\"wp-block-image is-style-rounded\">\n<figure class=\"aligncenter size-thumbnail is-resized\"><img loading=\"lazy\" decoding=\"async\" src=\"https:\/\/webs.uab.cat\/nivellsdevida\/wp-content\/uploads\/sites\/451\/2023\/07\/hernandez-150x150.jpg\" alt=\"\" class=\"wp-image-111\" width=\"178\" height=\"178\" srcset=\"https:\/\/webs.uab.cat\/nivellsdevida\/wp-content\/uploads\/sites\/451\/2023\/07\/hernandez-150x150.jpg 150w, https:\/\/webs.uab.cat\/nivellsdevida\/wp-content\/uploads\/sites\/451\/2023\/07\/hernandez.jpg 180w\" sizes=\"auto, (max-width: 178px) 100vw, 178px\" \/><figcaption class=\"wp-element-caption\">Ismael Hern\u00e1ndez Adell<\/figcaption><\/figure>\n<\/div><\/div>\n\n\n\n<div class=\"wp-block-column is-layout-flow wp-block-column-is-layout-flow\"><div class=\"wp-block-image is-style-rounded\">\n<figure class=\"aligncenter size-thumbnail is-resized\"><a href=\"https:\/\/webs.uab.cat\/nivellsdevida\/marc-rivas-lopez\/\" target=\"_blank\" rel=\"noreferrer noopener\"><img loading=\"lazy\" decoding=\"async\" src=\"https:\/\/webs.uab.cat\/nivellsdevida\/wp-content\/uploads\/sites\/451\/2023\/09\/MarcRivas-150x150.jpg\" alt=\"\" class=\"wp-image-413\" width=\"202\" height=\"202\" \/><\/a><figcaption class=\"wp-element-caption\">Marc Rivas L\u00f3pez<\/figcaption><\/figure>\n<\/div><\/div>\n<\/div>\n<\/div><\/div>\n\n\n\n<p class=\"has-text-align-center\"><strong>Investigadors postdoctorals<\/strong><\/p>\n\n\n\n<div class=\"wp-block-columns is-layout-flex wp-container-core-columns-is-layout-9d6595d7 wp-block-columns-is-layout-flex\">\n<div class=\"wp-block-column is-vertically-aligned-center is-layout-flow wp-block-column-is-layout-flow\"><div class=\"wp-block-image is-style-rounded\">\n<figure class=\"aligncenter is-resized\"><a href=\"https:\/\/webs.uab.cat\/nivellsdevida\/josep-lluis-martinez\/\" target=\"_blank\" rel=\"noreferrer noopener\"><img loading=\"lazy\" decoding=\"async\" src=\"https:\/\/webs.uab.cat\/nivellsdevida\/wp-content\/uploads\/sites\/451\/2023\/07\/martinez.jpg\" alt=\"\" class=\"wp-image-90\" width=\"169\" height=\"196\" srcset=\"https:\/\/webs.uab.cat\/nivellsdevida\/wp-content\/uploads\/sites\/451\/2023\/07\/martinez.jpg 296w, https:\/\/webs.uab.cat\/nivellsdevida\/wp-content\/uploads\/sites\/451\/2023\/07\/martinez-258x300.jpg 258w\" sizes=\"auto, (max-width: 169px) 100vw, 169px\" \/><\/a><figcaption class=\"wp-element-caption\">Jos\u00e9 Lu\u00eds Mart\u00ednez Gonz\u00e1lez<\/figcaption><\/figure>\n<\/div><\/div>\n<\/div>\n\n\n\n<p class=\"has-text-align-center\"><strong>Col\u00b7laboradors externs<\/strong><\/p>\n\n\n\n<div class=\"wp-block-columns is-layout-flex wp-container-core-columns-is-layout-9d6595d7 wp-block-columns-is-layout-flex\">\n<div class=\"wp-block-column is-layout-flow wp-block-column-is-layout-flow\"><div class=\"wp-block-image is-style-rounded\">\n<figure class=\"aligncenter size-thumbnail is-resized\"><img loading=\"lazy\" decoding=\"async\" src=\"https:\/\/webs.uab.cat\/nivellsdevida\/wp-content\/uploads\/sites\/451\/2023\/07\/calatayud-150x150.jpg\" alt=\"\" class=\"wp-image-137\" width=\"213\" height=\"213\" \/><figcaption class=\"wp-element-caption\">Salvador Calatayud Giner<\/figcaption><\/figure>\n<\/div><\/div>\n\n\n\n<div class=\"wp-block-column is-layout-flow wp-block-column-is-layout-flow\"><div class=\"wp-block-image is-style-rounded\">\n<figure class=\"aligncenter size-thumbnail is-resized\"><img loading=\"lazy\" decoding=\"async\" src=\"https:\/\/webs.uab.cat\/nivellsdevida\/wp-content\/uploads\/sites\/451\/2023\/07\/felice-150x150.jpg\" alt=\"\" class=\"wp-image-140\" width=\"214\" height=\"214\" \/><figcaption class=\"wp-element-caption\">Emanuele Felice<\/figcaption><\/figure>\n<\/div><\/div>\n<\/div>\n\n\n\n<div class=\"wp-block-columns is-layout-flex wp-container-core-columns-is-layout-9d6595d7 wp-block-columns-is-layout-flex\">\n<div class=\"wp-block-column is-layout-flow wp-block-column-is-layout-flow\"><div class=\"wp-block-image is-style-rounded\">\n<figure class=\"aligncenter size-thumbnail is-resized\"><img loading=\"lazy\" decoding=\"async\" src=\"https:\/\/webs.uab.cat\/nivellsdevida\/wp-content\/uploads\/sites\/451\/2023\/07\/badenes-150x150.png\" alt=\"\" class=\"wp-image-131\" width=\"217\" height=\"217\" srcset=\"https:\/\/webs.uab.cat\/nivellsdevida\/wp-content\/uploads\/sites\/451\/2023\/07\/badenes-150x150.png 150w, https:\/\/webs.uab.cat\/nivellsdevida\/wp-content\/uploads\/sites\/451\/2023\/07\/badenes.png 300w\" sizes=\"auto, (max-width: 217px) 100vw, 217px\" \/><figcaption class=\"wp-element-caption\">Carles Badenes Escudero<\/figcaption><\/figure>\n<\/div><\/div>\n\n\n\n<div class=\"wp-block-column is-layout-flow wp-block-column-is-layout-flow\"><div class=\"wp-block-image is-style-rounded\">\n<figure class=\"aligncenter size-thumbnail is-resized\"><img loading=\"lazy\" decoding=\"async\" src=\"https:\/\/webs.uab.cat\/nivellsdevida\/wp-content\/uploads\/sites\/451\/2023\/07\/capelli-150x150.jpg\" alt=\"\" class=\"wp-image-134\" width=\"220\" height=\"220\" srcset=\"https:\/\/webs.uab.cat\/nivellsdevida\/wp-content\/uploads\/sites\/451\/2023\/07\/capelli-150x150.jpg 150w, https:\/\/webs.uab.cat\/nivellsdevida\/wp-content\/uploads\/sites\/451\/2023\/07\/capelli.jpg 200w\" sizes=\"auto, (max-width: 220px) 100vw, 220px\" \/><figcaption class=\"wp-element-caption\">Gabrielle Capelli<\/figcaption><\/figure>\n<\/div><\/div>\n<\/div>\n\n\n\n<p class=\"has-text-align-center\"><strong>Anteriors membres del grup<\/strong><\/p>\n\n\n\n<ul class=\"wp-block-list\">\n<li>Josep Pujol Andreu<\/li>\n\n\n\n<li>Gonzalo Gamboa Jim\u00e9nez<\/li>\n\n\n\n<li>Giuseppe Munda<\/li>\n\n\n\n<li>Fernando Largo Jim\u00e9nez<\/li>\n\n\n\n<li>Javier Ginard Bosch<\/li>\n\n\n\n<li>Federico Demaria<\/li>\n\n\n\n<li>Ram\u00f3n Garrabou Segura<\/li>\n\n\n\n<li>Ariadne Schmidt<\/li>\n<\/ul>\n","protected":false},"excerpt":{"rendered":"<p>Professors Investigadors postdoctorals Col\u00b7laboradors externs Anteriors membres del grup<\/p>\n","protected":false},"author":2606,"featured_media":0,"parent":0,"menu_order":0,"comment_status":"closed","ping_status":"closed","template":"","meta":{"footnotes":""},"class_list":["post-27","page","type-page","status-publish","hentry"],"_links":{"self":[{"href":"https:\/\/webs.uab.cat\/nivellsdevida\/wp-json\/wp\/v2\/pages\/27","targetHints":{"allow":["GET"]}}],"collection":[{"href":"https:\/\/webs.uab.cat\/nivellsdevida\/wp-json\/wp\/v2\/pages"}],"about":[{"href":"https:\/\/webs.uab.cat\/nivellsdevida\/wp-json\/wp\/v2\/types\/page"}],"author":[{"embeddable":true,"href":"https:\/\/webs.uab.cat\/nivellsdevida\/wp-json\/wp\/v2\/users\/2606"}],"replies":[{"embeddable":true,"href":"https:\/\/webs.uab.cat\/nivellsdevida\/wp-json\/wp\/v2\/comments?post=27"}],"version-history":[{"count":28,"href":"https:\/\/webs.uab.cat\/nivellsdevida\/wp-json\/wp\/v2\/pages\/27\/revisions"}],"predecessor-version":[{"id":419,"href":"https:\/\/webs.uab.cat\/nivellsdevida\/wp-json\/wp\/v2\/pages\/27\/revisions\/419"}],"wp:attachment":[{"href":"https:\/\/webs.uab.cat\/nivellsdevida\/wp-json\/wp\/v2\/media?parent=27"}],"curies":[{"name":"wp","href":"https:\/\/api.w.org\/{rel}","templated":true}]}}