{"id":29,"date":"2023-07-12T14:54:10","date_gmt":"2023-07-12T12:54:10","guid":{"rendered":"https:\/\/webs.uab.cat\/nivellsdevida\/?page_id=29"},"modified":"2024-02-16T11:03:00","modified_gmt":"2024-02-16T09:03:00","slug":"recerca","status":"publish","type":"page","link":"https:\/\/webs.uab.cat\/nivellsdevida\/recerca\/","title":{"rendered":"Recerca"},"content":{"rendered":"\n<p>El nostre grup proposa nous indicadors de nivells de vida, en especial biol\u00f2gics (mortalitat, morbiditat, al\u00e7ades\/pes i estat nutritiu), entre principis del segle XIX i el moment actual, amb diferents nivells d\u2019agregaci\u00f3 geogr\u00e0fica i segons edat, g\u00e8nere, estat de salut, i ubicaci\u00f3 rural\/urbana de la poblaci\u00f3. Tamb\u00e9 analitza la seva evoluci\u00f3 i les principals difer\u00e8ncies que s\u2019observen al llarg del temps i en diversos col\u00b7lectius, aix\u00ed com els efectes de la taxa d\u2019activitat, ocupaci\u00f3, salaris i ingressos de les dones en els nivells de vida. Un tercer \u00e0mbit de recerca \u00e9s la relaci\u00f3 entre els nivells de vida i el metabolisme socioecon\u00f2mic i l&#8217;\u00fas de recursos naturals. L&#8217;activitat de recerca del grup tamb\u00e9 es pot visualitzar al <a rel=\"noreferrer noopener\" href=\"https:\/\/portalrecerca.uab.cat\/en\/organisations\/nivells-de-vida-biol%C3%B2gics-i-indicadors-de-desigualtat-espanya-en-\" target=\"_blank\">Portal de Recerca de la UAB<\/a>.<\/p>\n\n\n\n<p><strong>Estructura del grup<\/strong> <strong>i l\u00ednies de recerca<\/strong><\/p>\n\n\n\n<p>El grup s&#8217;estructura en tres equips al voltant de tres l\u00ednies de recerca, que treballen en estreta col\u00b7laboraci\u00f3: <\/p>\n\n\n\n<ul class=\"wp-block-list\">\n<li>Equip 1: Transici\u00f3 demogr\u00e0fica, epidemiol\u00f2gica i nutricional i nivells de vida biol\u00f2gics (<strong>R. Nicolau<\/strong>, F. Mu\u00f1oz, X. Cuss\u00f3, A. Aubanell, I. Hern\u00e1ndez, J. Maluquer, C. Badenes, S. Calatayud).<\/li>\n\n\n\n<li>Equip 2: Metabolisme de les societats i de les llars, i \u00fas sostenible dels recursos (<strong>J. Ramos<\/strong>, J.L. Mart\u00ednez, M. Rivas).<\/li>\n\n\n\n<li>Equip 3: Mercats de treball, educaci\u00f3 i desigualtat de g\u00e8nere (<strong>C. Saras\u00faa<\/strong>, M. Llonch, G. Cappelli, A. Toniolo, E. Felice).<\/li>\n<\/ul>\n\n\n\n<p><strong>Objectius de Recerca<\/strong><\/p>\n\n\n\n<ol class=\"wp-block-list\">\n<li>Aven\u00e7 en estudis de transicions epidemiol\u00f2giques i nutricionals.<\/li>\n\n\n\n<li>Aven\u00e7s en estudi de com els canvis tecnol\u00f2gics han contribu\u00eft a la disminuci\u00f3 de la mortalitat infecciosa, la fertilitat i els canvis en la dieta.<\/li>\n\n\n\n<li>Aven\u00e7 en metodologies i estudis sobre la relaci\u00f3 entre l&#8217;alimentaci\u00f3 i els nivells de vida materials amb l&#8217;\u00fas de la terra i els recursos naturals (metabolisme socioecon\u00f2mic) i l&#8217;impacte ambiental que se&#8217;n deriva.<\/li>\n\n\n\n<li>Calcular l&#8217;estructura de l&#8217;ocupaci\u00f3 (masculina i femenina) a llarg termini (1700-1975) i analitzar les causes dels canvis en aquesta, incloent-hi les comparacions internacionals.<\/li>\n<\/ol>\n\n\n\n<p><strong>Projectes de recerca<\/strong> (des de 2010)<\/p>\n\n\n\n<ul class=\"wp-block-list\">\n<li><strong>La transformaci\u00f3n de la estructura de la ocupaci\u00f3n en el largo plazo, Espa\u00f1a, 1700-1975. Las ocupaciones no agr\u00edcolas como indicador de la modernizaci\u00f3n econ\u00f3mica<\/strong>. Ministerio de Ciencia e Innovaci\u00f3n. Referencia: PID2021-123863NB-C21. <strong>Sarasua Garcia, C.<\/strong> (IP), Erdoz\u00e1in Azpilicueta, M. P., Hern\u00e1ndez Garc\u00eda, R., Linares Luj\u00e1n, A., Luque Pecci, J. M., L\u00f3pez Ant\u00f3n, M., Mallorqu\u00ed Ruscalleda, N., Mart\u00edn Garc\u00eda, J. J., P\u00e9rez-Art\u00e9s, M. C.,&nbsp;Lopez Anton, M., P\u00e9rez-Art\u00e9s, M. C., Lei Shi, &amp; Luque Pecci, J. M. 1\/01\/22&nbsp;&#8211;&nbsp;31\/12\/25.<\/li>\n\n\n\n<li><strong>ETOS:&nbsp;Analizando la externalizaci\u00f3n ambiental de la transici\u00f3n energ\u00e9tica sostenible con herramientas de c\u00f3digo abierto<\/strong>. Ministerio de Ciencia e Innovaci\u00f3n. Ref: TED2021-132032A-I00. Madrid L\u00f3pez, C. (IP), Caballeros Finkelstein, A.,&nbsp;<strong>Ramos Mart\u00edn, J.<\/strong>, P\u00e9rez-S\u00e1nchez, L. \u00c0.,&nbsp;Martin , N.&nbsp;&amp; Pfenninger, S. 1\/12\/22&nbsp;&#8211;&nbsp;30\/11\/24.<\/li>\n\n\n\n<li><strong>La estructura de la ocupaci\u00f3n y el ingreso en el largo plazo. redefiniendo la modernizaci\u00f3n econ\u00f3mica y los niveles de vida en Espa\u00f1a, 1750-1975<\/strong>. Ministerio de Econom\u00eda y Competitividad (HAR2017-85601-C2- 1-P). <strong>Sarasua Garcia, C.<\/strong> (IP),&nbsp;Lopez Anton, M.,&nbsp;Mallorqui Ruscalleda, N., Mart\u00edn Garc\u00eda, J. J., Mutos, C. M., P\u00e9rez-Art\u00e9s, M. C., Erdoz\u00e1in Azpilicueta, M. P. &amp; Hern\u00e1ndez Garc\u00eda, R. 1\/01\/18&nbsp;&#8211;&nbsp;28\/02\/22.<\/li>\n\n\n\n<li><strong>Presente y pasado en Espa\u00f1a de los niveles de vida: salud, alimentaci\u00f3n y sostenibilidad, siglos XIX-XX.<\/strong> Ministerio de Ciencia e Innovaci\u00f3n, referencia: HAR2016-76814-C2-1-P. <strong>Nicolau Nos, R.<\/strong> (IP), <strong>Pujol Andreu, J.<\/strong>, <strong>Felice , C. E.<\/strong>,&nbsp;Gamboa Jimenez, G. A.,&nbsp;Munda , G.,&nbsp;<strong>Ramos Mart\u00edn, J.<\/strong>,&nbsp;<strong>Aubanell Jubany, A.<\/strong> <strong>M.<\/strong>,&nbsp;<strong>Cusso Segura, X.<\/strong>, Fatj\u00f3 G\u00f3mez, P.,&nbsp;<strong>Llonch Casanovas, M.<\/strong>,&nbsp;<strong>Mu\u00f1oz Pradas, F.<\/strong>,&nbsp;<strong>Hern\u00e1ndez Adell, I.<\/strong>, <strong>Badenes, C.<\/strong>, <strong>Capelli, G.<\/strong>, Corbera, E., Fernando Largo Jimenez, Martinelli Lasheras, P., Medina Albaladejo, F. J., Portugal, R., <strong>Calatayud Giner, S.<\/strong> &amp; <strong>Rivas Lopez, M.<\/strong> 30\/12\/16&nbsp;&#8211;&nbsp;29\/12\/21.<\/li>\n\n\n\n<li><strong>Salarios, actividad de las mujeres y niveles de vida, 1750-1950. <\/strong>Ministerio de Econom\u00eda y Competitividad (HAR2013-47277-C2-1-P). <strong>Sarasua Garcia, C.<\/strong>,&nbsp;Lopez Anton, M., Vir\u00f3s Pujol\u00e0, L. &amp; Mendiola, F. 1\/01\/14&nbsp;&#8211;&nbsp;31\/12\/18.<\/li>\n\n\n\n<li><strong>Poblaci\u00f3n, alimentaci\u00f3n y niveles de vida, Espa\u00f1a siglos XIX-XX.<\/strong> Ministerio de Econom\u00eda y Competitividad, referencia: HAR2013-47182-C2-1-P. <strong>Pujol Andreu, J.<\/strong> (IP),&nbsp;<strong>Aubanell Jubany, A. M.<\/strong>,&nbsp;<strong>Cusso Segura, X.<\/strong>, <strong>Fatj\u00f3 G\u00f3mez, P.<\/strong>, <strong>Felice , C. E.<\/strong>,&nbsp;<strong>Llonch Casanovas, M.<\/strong>,&nbsp;<strong>Munda , G.<\/strong>,&nbsp;<strong>Mu\u00f1oz Pradas, F.<\/strong>,&nbsp;<strong>Nicolau Nos, R.<\/strong>,&nbsp;<strong>Ramos Mart\u00edn, J.<\/strong>,<strong> Capelli, G.<\/strong>, <strong>Calatayud Giner, S.<\/strong>, Martinelli Lasheras, P., Medina Albadalejo, F. J. &amp; Sanz Lafuente, G. 1\/01\/14&nbsp;&#8211;&nbsp;31\/12\/16.<\/li>\n\n\n\n<li><strong>Participatory Integrated Assessment of Energy Systems to promote Energy Access and Efficiency (PARTICIPIA).<\/strong> EuropeAid, contract number: DCI-AFS\/2013\/320-333. Giampietro , M. (IP), Bukkens, S.,&nbsp;<strong>Ramos Mart\u00edn, J.<\/strong>, Yunta Mezquita, F., Dr Christoff Pauw, Dr. Z. Oyedokun, Josep Ferrer Riba, Liv-Grethe Gudmundsen, Mr. Cheddi Kiravu, Mr. Olivier Dubois, Ms. Olga Belova, Prof. Alvaro Escribano S\u00e1ez, Prof.M.M.Elmissiry &amp; Sandra Martin. 2\/10\/13&nbsp;&#8211;&nbsp;1\/10\/16.<\/li>\n\n\n\n<li><strong>GLAMUR:&nbsp;Global and Local food chain Assessment: a Multidimensional performance-based approach (GLAMUR).<\/strong> European Commission, Grant Agreement Number: FP7-KBBE-2012-6-311778. Giampietro , M., Kovacic , Z.,&nbsp;<strong>Ramos Mart\u00edn, J.<\/strong>,&nbsp;Gamboa Jimenez, G. A.&nbsp;&amp; Fiorito, G. 1\/02\/13&nbsp;&#8211;&nbsp;31\/01\/16.<\/li>\n\n\n\n<li><strong>Material advanced recovery sustainable systems (MARSS).<\/strong> European Commission, Grant Agreement Number: LIFE11 ENV\/DE\/343. Giampietro , M. (IP), Bukkens, S., Chifari , R.,&nbsp;Gamboa Jimenez, G. A., Kovacic , Z.,&nbsp;Lemkow Zetterling, L.,&nbsp;Munda , G., Piano , S. L., Puig Ventosa, I. &amp;&nbsp;<strong>Ramos Mart\u00edn, J.<\/strong> 3\/09\/12&nbsp;&#8211;&nbsp;31\/12\/15<\/li>\n\n\n\n<li><strong>Salud, alimentaci\u00f3n y mortalidad: los niveles de vida en Espa\u00f1a, ss. XIX-XX.<\/strong> Ministerio de Ciencia e Innovaci\u00f3n, contrato HAR2010-20684-C02-01. <strong>Pujol Andreu, J. <\/strong>(IP), <strong>Felice , C. E.<\/strong>,&nbsp;<strong>Aubanell Jubany, A. M.<\/strong>,&nbsp;<strong>Cusso Segura, X.<\/strong>, <strong>Fatj\u00f3 G\u00f3mez, P.<\/strong>, <strong>Garrabou Segura, R.<\/strong>,&nbsp;<strong>Munda , G.<\/strong>,&nbsp;<strong>Mu\u00f1oz Pradas, F.<\/strong>,&nbsp;<strong>Nicolau Nos, R.<\/strong>,&nbsp;<strong>Ramos Mart\u00edn, J.<\/strong>,&nbsp;Rosell Foxa, J.,&nbsp;Viladomiu Canela, L., <strong>Calatayud Giner, S.<\/strong>, Fabregat Galcera, E., Medina Albadalejo, F. J., Pablo Lasheras, M., Ricardo Manuel Portugal Dos Santos &amp; Sanz Lafuente, G. 1\/01\/11&nbsp;&#8211;&nbsp;31\/12\/13.<\/li>\n\n\n\n<li><strong>Fortalecimiento acad\u00e9mico-investigativo del grupo de desarrollo institucional y gesti\u00f3n comunitaria en temas ambientales del Instituto Cinara de la Universidad del Valle.<\/strong> AECID, contrato AP\/039278\/11. <strong>Ramos Mart\u00edn, J. <\/strong>(IP),&nbsp;Giampietro , M.,&nbsp;Madrid L\u00f3pez, C.,&nbsp;Martinez Alier, J., Cuvi, J. N., Falcon\u00ed, F., P\u00e9rez Rincon, M. A., Jes\u00fas Ramos Mart\u00edn, J., Rojas Padilla, J. &amp; Vallejo Gal\u00e1rraga, M. C. 13\/12\/11&nbsp;&#8211;&nbsp;12\/03\/13<\/li>\n\n\n\n<li><strong>Reconstrucci\u00f3n de la tasa de actividad femenina espa\u00f1ola, 1750-1980.<\/strong> Ministerio de Ciencia e Innovaci\u00f3n (HAR2009-11709). <strong>Sarasua Garcia, C.<\/strong> (IP), Vir\u00f3s Pujolar, L., Mu\u00f1oz Abeledo, L., <strong>Hern\u00e1ndez Adell, I.<\/strong>, Campos Luque, C., Garrido Gonz\u00e1lez, L. &amp; Hern\u00e1ndez Garc\u00eda, R. 1\/01\/10&nbsp;&#8211;&nbsp;31\/12\/12.<\/li>\n<\/ul>\n","protected":false},"excerpt":{"rendered":"<p>El nostre grup proposa nous indicadors de nivells de vida, en especial biol\u00f2gics (mortalitat, morbiditat, al\u00e7ades\/pes i estat nutritiu), entre principis del segle XIX i el moment actual, amb diferents nivells d\u2019agregaci\u00f3 geogr\u00e0fica i segons edat, g\u00e8nere, estat de salut, i ubicaci\u00f3 rural\/urbana de la poblaci\u00f3. Tamb\u00e9 analitza la seva evoluci\u00f3 i les principals difer\u00e8ncies [&hellip;]<\/p>\n","protected":false},"author":2606,"featured_media":0,"parent":0,"menu_order":0,"comment_status":"closed","ping_status":"closed","template":"","meta":{"footnotes":""},"class_list":["post-29","page","type-page","status-publish","hentry"],"_links":{"self":[{"href":"https:\/\/webs.uab.cat\/nivellsdevida\/wp-json\/wp\/v2\/pages\/29","targetHints":{"allow":["GET"]}}],"collection":[{"href":"https:\/\/webs.uab.cat\/nivellsdevida\/wp-json\/wp\/v2\/pages"}],"about":[{"href":"https:\/\/webs.uab.cat\/nivellsdevida\/wp-json\/wp\/v2\/types\/page"}],"author":[{"embeddable":true,"href":"https:\/\/webs.uab.cat\/nivellsdevida\/wp-json\/wp\/v2\/users\/2606"}],"replies":[{"embeddable":true,"href":"https:\/\/webs.uab.cat\/nivellsdevida\/wp-json\/wp\/v2\/comments?post=29"}],"version-history":[{"count":7,"href":"https:\/\/webs.uab.cat\/nivellsdevida\/wp-json\/wp\/v2\/pages\/29\/revisions"}],"predecessor-version":[{"id":466,"href":"https:\/\/webs.uab.cat\/nivellsdevida\/wp-json\/wp\/v2\/pages\/29\/revisions\/466"}],"wp:attachment":[{"href":"https:\/\/webs.uab.cat\/nivellsdevida\/wp-json\/wp\/v2\/media?parent=29"}],"curies":[{"name":"wp","href":"https:\/\/api.w.org\/{rel}","templated":true}]}}