{"id":386,"date":"2023-09-04T09:34:44","date_gmt":"2023-09-04T07:34:44","guid":{"rendered":"https:\/\/webs.uab.cat\/nivellsdevida\/?page_id=386"},"modified":"2024-11-07T17:16:28","modified_gmt":"2024-11-07T15:16:28","slug":"josep-lluis-martinez","status":"publish","type":"page","link":"https:\/\/webs.uab.cat\/nivellsdevida\/josep-lluis-martinez\/","title":{"rendered":"Josep Llu\u00eds Mart\u00ednez"},"content":{"rendered":"<div class=\"wp-block-image is-style-rounded\">\n<figure class=\"aligncenter size-full\"><img loading=\"lazy\" decoding=\"async\" width=\"296\" height=\"344\" src=\"https:\/\/webs.uab.cat\/nivellsdevida\/wp-content\/uploads\/sites\/451\/2023\/07\/martinez.jpg\" alt=\"\" class=\"wp-image-90\" srcset=\"https:\/\/webs.uab.cat\/nivellsdevida\/wp-content\/uploads\/sites\/451\/2023\/07\/martinez.jpg 296w, https:\/\/webs.uab.cat\/nivellsdevida\/wp-content\/uploads\/sites\/451\/2023\/07\/martinez-258x300.jpg 258w\" sizes=\"auto, (max-width: 296px) 100vw, 296px\" \/><\/figure>\n<\/div>\n\n\n<p>Professor visitant a la <a href=\"https:\/\/www.uab.cat\/ca\/economia-historia-economica\/unitat-historia-economica\" target=\"_blank\" rel=\"noreferrer noopener\">Unitat d\u2019Hist\u00f2ria Econ\u00f2mica<\/a> del Departament d\u2019Economia i Hist\u00f2ria Econ\u00f2mica de la UAB. \u00c9s economista i doctor en hist\u00f2ria econ\u00f2mica per la Universitat de Barcelona i la Carlos III de Madrid. \u00c9s investigador de la Universitat de Barcelona. En el passat ha estat molt lligat a l\u2019administraci\u00f3 p\u00fablica local, el Tercer Sector i el moviment agroecol\u00f2gic.<\/p>\n\n\n\n<p>La seva recerca es centra en economia del canvi clim\u00e0tic, l\u2019an\u00e0lisi multi-EROI dels agroecosistemes, el valor econ\u00f2mic de l\u2019altruisme en el llarg termini, el cooperativisme i l\u2019economia del b\u00e9 com\u00fa.<\/p>\n\n\n\n<p>La seva producci\u00f3 cient\u00edfica es pot consultar als diferents perfils:<\/p>\n\n\n\n<ul class=\"wp-block-list\">\n<li><a href=\"https:\/\/orcid.org\/0000-0003-4157-0125\" target=\"_blank\" rel=\"noreferrer noopener\">ORCID<\/a><\/li>\n\n\n\n<li><a href=\"https:\/\/scholar.google.es\/citations?user=xFdoJvAAAAAJ&amp;hl=es\" target=\"_blank\" rel=\"noreferrer noopener\">Scholar Google<\/a><\/li>\n<\/ul>\n","protected":false},"excerpt":{"rendered":"<p>Professor visitant a la Unitat d\u2019Hist\u00f2ria Econ\u00f2mica del Departament d\u2019Economia i Hist\u00f2ria Econ\u00f2mica de la UAB. \u00c9s economista i doctor en hist\u00f2ria econ\u00f2mica per la Universitat de Barcelona i la Carlos III de Madrid. \u00c9s investigador de la Universitat de Barcelona. En el passat ha estat molt lligat a l\u2019administraci\u00f3 p\u00fablica local, el Tercer Sector [&hellip;]<\/p>\n","protected":false},"author":2606,"featured_media":0,"parent":0,"menu_order":0,"comment_status":"closed","ping_status":"closed","template":"","meta":{"footnotes":""},"class_list":["post-386","page","type-page","status-publish","hentry"],"_links":{"self":[{"href":"https:\/\/webs.uab.cat\/nivellsdevida\/wp-json\/wp\/v2\/pages\/386","targetHints":{"allow":["GET"]}}],"collection":[{"href":"https:\/\/webs.uab.cat\/nivellsdevida\/wp-json\/wp\/v2\/pages"}],"about":[{"href":"https:\/\/webs.uab.cat\/nivellsdevida\/wp-json\/wp\/v2\/types\/page"}],"author":[{"embeddable":true,"href":"https:\/\/webs.uab.cat\/nivellsdevida\/wp-json\/wp\/v2\/users\/2606"}],"replies":[{"embeddable":true,"href":"https:\/\/webs.uab.cat\/nivellsdevida\/wp-json\/wp\/v2\/comments?post=386"}],"version-history":[{"count":2,"href":"https:\/\/webs.uab.cat\/nivellsdevida\/wp-json\/wp\/v2\/pages\/386\/revisions"}],"predecessor-version":[{"id":512,"href":"https:\/\/webs.uab.cat\/nivellsdevida\/wp-json\/wp\/v2\/pages\/386\/revisions\/512"}],"wp:attachment":[{"href":"https:\/\/webs.uab.cat\/nivellsdevida\/wp-json\/wp\/v2\/media?parent=386"}],"curies":[{"name":"wp","href":"https:\/\/api.w.org\/{rel}","templated":true}]}}