{"id":417,"date":"2023-09-26T09:48:41","date_gmt":"2023-09-26T07:48:41","guid":{"rendered":"https:\/\/webs.uab.cat\/nivellsdevida\/?page_id=417"},"modified":"2024-11-07T17:16:50","modified_gmt":"2024-11-07T15:16:50","slug":"marc-rivas-lopez","status":"publish","type":"page","link":"https:\/\/webs.uab.cat\/nivellsdevida\/marc-rivas-lopez\/","title":{"rendered":"Marc Rivas L\u00f3pez"},"content":{"rendered":"<div class=\"wp-block-image is-style-rounded\">\n<figure class=\"aligncenter size-full\"><img loading=\"lazy\" decoding=\"async\" width=\"233\" height=\"312\" src=\"https:\/\/webs.uab.cat\/nivellsdevida\/wp-content\/uploads\/sites\/451\/2023\/09\/MarcRivas.jpg\" alt=\"\" class=\"wp-image-413\" srcset=\"https:\/\/webs.uab.cat\/nivellsdevida\/wp-content\/uploads\/sites\/451\/2023\/09\/MarcRivas.jpg 233w, https:\/\/webs.uab.cat\/nivellsdevida\/wp-content\/uploads\/sites\/451\/2023\/09\/MarcRivas-224x300.jpg 224w\" sizes=\"auto, (max-width: 233px) 100vw, 233px\" \/><\/figure>\n<\/div>\n\n\n<p>Professor a la <a href=\"https:\/\/www.uab.cat\/ca\/economia-historia-economica\/unitat-historia-economica\" target=\"_blank\" rel=\"noreferrer noopener\">Unitat d\u2019Hist\u00f2ria Econ\u00f2mica<\/a> del Departament d\u2019Economia i Hist\u00f2ria Econ\u00f2mica de la UAB. \u00c9s doctor en economia aplicada per la Universitat Aut\u00f2noma de Barcelona.<\/p>\n\n\n\n<p>La seva recerca es centra en els sistemes agroalimentaris, la sobirania aliment\u00e0ria, els r\u00e8gims alimentaris, la sostenibilitat i la transici\u00f3 nutricional.<\/p>\n\n\n\n<p>La seva producci\u00f3 cient\u00edfica es pot consultar a:<\/p>\n\n\n\n<ul class=\"wp-block-list\">\n<li><a rel=\"noreferrer noopener\" href=\"https:\/\/orcid.org\/0000-0002-9517-2328\" target=\"_blank\">ORCID<\/a><\/li>\n<\/ul>\n","protected":false},"excerpt":{"rendered":"<p>Professor a la Unitat d\u2019Hist\u00f2ria Econ\u00f2mica del Departament d\u2019Economia i Hist\u00f2ria Econ\u00f2mica de la UAB. \u00c9s doctor en economia aplicada per la Universitat Aut\u00f2noma de Barcelona. La seva recerca es centra en els sistemes agroalimentaris, la sobirania aliment\u00e0ria, els r\u00e8gims alimentaris, la sostenibilitat i la transici\u00f3 nutricional. La seva producci\u00f3 cient\u00edfica es pot consultar a:<\/p>\n","protected":false},"author":2606,"featured_media":0,"parent":0,"menu_order":0,"comment_status":"closed","ping_status":"closed","template":"","meta":{"footnotes":""},"class_list":["post-417","page","type-page","status-publish","hentry"],"_links":{"self":[{"href":"https:\/\/webs.uab.cat\/nivellsdevida\/wp-json\/wp\/v2\/pages\/417","targetHints":{"allow":["GET"]}}],"collection":[{"href":"https:\/\/webs.uab.cat\/nivellsdevida\/wp-json\/wp\/v2\/pages"}],"about":[{"href":"https:\/\/webs.uab.cat\/nivellsdevida\/wp-json\/wp\/v2\/types\/page"}],"author":[{"embeddable":true,"href":"https:\/\/webs.uab.cat\/nivellsdevida\/wp-json\/wp\/v2\/users\/2606"}],"replies":[{"embeddable":true,"href":"https:\/\/webs.uab.cat\/nivellsdevida\/wp-json\/wp\/v2\/comments?post=417"}],"version-history":[{"count":2,"href":"https:\/\/webs.uab.cat\/nivellsdevida\/wp-json\/wp\/v2\/pages\/417\/revisions"}],"predecessor-version":[{"id":513,"href":"https:\/\/webs.uab.cat\/nivellsdevida\/wp-json\/wp\/v2\/pages\/417\/revisions\/513"}],"wp:attachment":[{"href":"https:\/\/webs.uab.cat\/nivellsdevida\/wp-json\/wp\/v2\/media?parent=417"}],"curies":[{"name":"wp","href":"https:\/\/api.w.org\/{rel}","templated":true}]}}