{"id":118,"date":"2016-01-21T15:59:01","date_gmt":"2016-01-21T13:59:01","guid":{"rendered":"http:\/\/blogs.uab.cat\/nonsexistlanguage\/?page_id=118"},"modified":"2016-01-21T15:59:01","modified_gmt":"2016-01-21T13:59:01","slug":"documents","status":"publish","type":"page","link":"https:\/\/webs.uab.cat\/nonsexistlanguage\/recursos\/expressions-neutres-o-despersonalitzades\/documents\/","title":{"rendered":"Documents"},"content":{"rendered":"<hr \/>\n<p><strong>Expressions neutres o despersonalitzades<\/strong><\/p>\n<hr \/>\n<p>En documents com ara els <em>impresos<\/em>, en qu\u00e8 hi ha espais per emplenar, recomanem d\u2019encap\u00e7alar els ep\u00edgrafs amb aquest tipus de f\u00f3rmules neutres sense variaci\u00f3 de g\u00e8nere. Aquestes expressions tamb\u00e9 poden ser \u00fatils per a altres <em>textos esquem\u00e0tics<\/em>, com ara llistes, taules o gr\u00e0fics.<\/p>\n<table>\n<tbody>\n<tr>\n<td width=\"184\">Proposem<\/td>\n<td width=\"167\">En lloc de<\/td>\n<\/tr>\n<tr>\n<td width=\"184\">Nom:<\/td>\n<td width=\"167\">Sr.\/Sra.:<\/td>\n<\/tr>\n<tr>\n<td width=\"184\">Cognoms i nom:<\/td>\n<td width=\"167\">El\/la sol\u00b7licitant:<\/td>\n<\/tr>\n<tr>\n<td width=\"184\">Lloc de naixement:<\/td>\n<td width=\"167\">Nascut\/uda a:<\/td>\n<\/tr>\n<tr>\n<td width=\"184\">Domicili:<\/td>\n<td width=\"167\">Domiciliat\/ada a:<\/td>\n<\/tr>\n<tr>\n<td width=\"184\">Amb la llicenciatura de:<\/td>\n<td width=\"167\">Llicenciat\/ada en:<\/td>\n<\/tr>\n<tr>\n<td width=\"184\">Amb el grau de:<\/td>\n<td width=\"167\">Graduat\/ada en:<\/td>\n<\/tr>\n<tr>\n<td width=\"184\">Pa\u00eds d\u2019origen:<\/td>\n<td width=\"167\">Originari\/\u00e0ria de:<\/td>\n<\/tr>\n<\/tbody>\n<\/table>\n<hr \/>\n<p><a href=\"http:\/\/blogs.uab.cat\/nonsexistlanguage\/recursos\/expressions-neutres-o-despersonalitzades\/\">Expressions neutres o despersonalitzades<\/a><\/p>\n","protected":false},"excerpt":{"rendered":"<p>Expressions neutres o despersonalitzades En documents com ara els impresos, en qu\u00e8 hi ha espais per emplenar, recomanem d\u2019encap\u00e7alar els ep\u00edgrafs amb aquest tipus de f\u00f3rmules neutres sense variaci\u00f3 de g\u00e8nere. Aquestes expressions tamb\u00e9 poden ser \u00fatils per a altres textos esquem\u00e0tics, com ara llistes, taules o gr\u00e0fics. Proposem En lloc de Nom: Sr.\/Sra.: Cognoms [&hellip;]<\/p>\n","protected":false},"author":59,"featured_media":0,"parent":103,"menu_order":0,"comment_status":"closed","ping_status":"closed","template":"","meta":{"footnotes":""},"class_list":["post-118","page","type-page","status-publish","hentry"],"_links":{"self":[{"href":"https:\/\/webs.uab.cat\/nonsexistlanguage\/wp-json\/wp\/v2\/pages\/118","targetHints":{"allow":["GET"]}}],"collection":[{"href":"https:\/\/webs.uab.cat\/nonsexistlanguage\/wp-json\/wp\/v2\/pages"}],"about":[{"href":"https:\/\/webs.uab.cat\/nonsexistlanguage\/wp-json\/wp\/v2\/types\/page"}],"author":[{"embeddable":true,"href":"https:\/\/webs.uab.cat\/nonsexistlanguage\/wp-json\/wp\/v2\/users\/59"}],"replies":[{"embeddable":true,"href":"https:\/\/webs.uab.cat\/nonsexistlanguage\/wp-json\/wp\/v2\/comments?post=118"}],"version-history":[{"count":0,"href":"https:\/\/webs.uab.cat\/nonsexistlanguage\/wp-json\/wp\/v2\/pages\/118\/revisions"}],"up":[{"embeddable":true,"href":"https:\/\/webs.uab.cat\/nonsexistlanguage\/wp-json\/wp\/v2\/pages\/103"}],"wp:attachment":[{"href":"https:\/\/webs.uab.cat\/nonsexistlanguage\/wp-json\/wp\/v2\/media?parent=118"}],"curies":[{"name":"wp","href":"https:\/\/api.w.org\/{rel}","templated":true}]}}