{"id":56,"date":"2016-01-21T14:59:09","date_gmt":"2016-01-21T12:59:09","guid":{"rendered":"http:\/\/blogs.uab.cat\/nonsexistlanguage\/?page_id=56"},"modified":"2024-02-12T10:49:31","modified_gmt":"2024-02-12T10:49:31","slug":"autores","status":"publish","type":"page","link":"https:\/\/webs.uab.cat\/nonsexistlanguage\/autores\/","title":{"rendered":"Informaci\u00f3"},"content":{"rendered":"<div class=\"page\" title=\"Page 3\">\n<div class=\"layoutArea\">\n<div class=\"column\">\n<hr \/>\n<p><strong>Guia per l&#8217;\u00fas no sexista del llenguatge a la UAB<\/strong><\/p>\n<p>Aquesta versi\u00f3 de la guia es basa en la versi\u00f3 original publicada <a href=\"https:\/\/www.uab.cat\/Document\/182\/479\/Guia_us_no_sexista_llenguatge2.pdf\">aqu\u00ed <\/a>i\u00a0elaborada pel <a href=\"http:\/\/www.uab.cat\/servei-llengues\/\">Servei de Lleng\u00fces<\/a> de la UAB per enc\u00e0rrec de<br \/>\nl\u2019<a href=\"https:\/\/www.uab.cat\/observatori-igualtat\/\">Observatori per a la Igualtat<\/a> de la UAB.<\/p>\n<p>Les autores s\u00f3n\u00a0Fiona Kelso, Heura Mar\u00e7al i Merc\u00e8 Nogu\u00e9s, amb la col\u00b7laboraci\u00f3 d&#8217;Amparo Tus\u00f3n.<\/p>\n<hr \/>\n<p><strong>Altres guies del Servei de Lleng\u00fces<\/strong><\/p>\n<ul>\n<li><a href=\"http:\/\/webs.uab.cat\/uabnomenclatura\/\">Nomenclatura oficial\u00a0de la UAB<\/a><\/li>\n<li><a href=\"http:\/\/blogs.uab.cat\/manualdestilinteruniversitari\/\" data-wplink-edit=\"true\">Manual d\u2019estil interuniversitari per a la redacci\u00f3 de textos institucionals en angl\u00e8s<\/a><\/li>\n<li><a href=\"http:\/\/webs.uab.cat\/majmin\/\" rel=\"home\">Les maj\u00fascules i les min\u00fascules<\/a><\/li>\n<li><a href=\"http:\/\/webs.uab.cat\/modelsguiesdocents\/\">Pautes per redactar les guies docents de la UAB<\/a><\/li>\n<\/ul>\n<\/div>\n<\/div>\n<\/div>\n<hr \/>\n","protected":false},"excerpt":{"rendered":"<p>Guia per l&#8217;\u00fas no sexista del llenguatge a la UAB Aquesta versi\u00f3 de la guia es basa en la versi\u00f3 original publicada aqu\u00ed i\u00a0elaborada pel Servei de Lleng\u00fces de la UAB per enc\u00e0rrec de l\u2019Observatori per a la Igualtat de la UAB. Les autores s\u00f3n\u00a0Fiona Kelso, Heura Mar\u00e7al i Merc\u00e8 Nogu\u00e9s, amb la col\u00b7laboraci\u00f3 d&#8217;Amparo [&hellip;]<\/p>\n","protected":false},"author":59,"featured_media":0,"parent":0,"menu_order":7,"comment_status":"closed","ping_status":"closed","template":"","meta":{"footnotes":""},"class_list":["post-56","page","type-page","status-publish","hentry"],"_links":{"self":[{"href":"https:\/\/webs.uab.cat\/nonsexistlanguage\/wp-json\/wp\/v2\/pages\/56","targetHints":{"allow":["GET"]}}],"collection":[{"href":"https:\/\/webs.uab.cat\/nonsexistlanguage\/wp-json\/wp\/v2\/pages"}],"about":[{"href":"https:\/\/webs.uab.cat\/nonsexistlanguage\/wp-json\/wp\/v2\/types\/page"}],"author":[{"embeddable":true,"href":"https:\/\/webs.uab.cat\/nonsexistlanguage\/wp-json\/wp\/v2\/users\/59"}],"replies":[{"embeddable":true,"href":"https:\/\/webs.uab.cat\/nonsexistlanguage\/wp-json\/wp\/v2\/comments?post=56"}],"version-history":[{"count":1,"href":"https:\/\/webs.uab.cat\/nonsexistlanguage\/wp-json\/wp\/v2\/pages\/56\/revisions"}],"predecessor-version":[{"id":323,"href":"https:\/\/webs.uab.cat\/nonsexistlanguage\/wp-json\/wp\/v2\/pages\/56\/revisions\/323"}],"wp:attachment":[{"href":"https:\/\/webs.uab.cat\/nonsexistlanguage\/wp-json\/wp\/v2\/media?parent=56"}],"curies":[{"name":"wp","href":"https:\/\/api.w.org\/{rel}","templated":true}]}}