{"id":71,"date":"2016-01-21T15:07:51","date_gmt":"2016-01-21T13:07:51","guid":{"rendered":"http:\/\/blogs.uab.cat\/nonsexistlanguage\/?page_id=71"},"modified":"2024-02-12T10:28:56","modified_gmt":"2024-02-12T10:28:56","slug":"recursos","status":"publish","type":"page","link":"https:\/\/webs.uab.cat\/nonsexistlanguage\/recursos\/","title":{"rendered":"Recursos"},"content":{"rendered":"<div class=\"page\" title=\"Page 4\">\n<div class=\"layoutArea\">\n<hr \/>\n<p><a href=\"http:\/\/webs.uab.cat\/nonsexistlanguage\/recursos\/us-de-la-forma-femenina\/\">\u00das de la forma femenina<\/a><br \/>\n<a href=\"http:\/\/webs.uab.cat\/nonsexistlanguage\/recursos\/us-de-la-forma-femenina\/documents\/\">Documents<\/a><\/p>\n<hr \/>\n<p><a href=\"http:\/\/webs.uab.cat\/nonsexistlanguage\/recursos\/formes-generiques-i-altres-expressions\/\">Formes gen\u00e8riques i altres expressions<\/a><br \/>\n<a href=\"http:\/\/webs.uab.cat\/nonsexistlanguage\/recursos\/formes-generiques-i-altres-expressions\/documents\/\">Documents<\/a><\/p>\n<div class=\"column\">\n<hr \/>\n<\/div>\n<div class=\"column\"><a href=\"http:\/\/webs.uab.cat\/nonsexistlanguage\/recursos\/expressions-neutres-o-despersonalitzades\/\">Expressions neutres o despersonalitzades<\/a><\/div>\n<div class=\"column\">\n<p><a href=\"http:\/\/webs.uab.cat\/nonsexistlanguage\/recursos\/expressions-neutres-o-despersonalitzades\/documents\/\">Documents<\/a><\/p>\n<hr \/>\n<\/div>\n<div class=\"column\"><a href=\"http:\/\/webs.uab.cat\/nonsexistlanguage\/recursos\/formes-dobles\/\">Formes dobles<\/a><\/div>\n<div class=\"column\"><a href=\"http:\/\/webs.uab.cat\/nonsexistlanguage\/recursos\/formes-dobles\/coordinacio-i-concordanca-en-lus-de-les-formes-dobles\/\">Coordinaci\u00f3 i concordan\u00e7a en l\u2019\u00fas de les formes dobles<\/a><\/div>\n<div class=\"column\">\n<p><a href=\"http:\/\/webs.uab.cat\/nonsexistlanguage\/recursos\/formes-dobles\/documents\/\">Documents<\/a><\/p>\n<hr \/>\n<\/div>\n<div class=\"column\">\n<p><a href=\"http:\/\/webs.uab.cat\/nonsexistlanguage\/recursos\/109-2\/\">Canvis de pronoms<\/a><\/p>\n<hr \/>\n<\/div>\n<div class=\"column\"><a href=\"http:\/\/webs.uab.cat\/nonsexistlanguage\/recursos\/canvis-minims-de-redaccio\/\">Canvis m\u00ednims de redacci\u00f3<\/a><\/div>\n<div class=\"column\">\n<p><a href=\"http:\/\/webs.uab.cat\/nonsexistlanguage\/recursos\/canvis-minims-de-redaccio\/documents\/\">Documents<\/a><\/p>\n<hr \/>\n<div class=\"page\" title=\"Page 13\"><\/div>\n<\/div>\n<\/div>\n<\/div>\n","protected":false},"excerpt":{"rendered":"<p>\u00das de la forma femenina Documents Formes gen\u00e8riques i altres expressions Documents Expressions neutres o despersonalitzades Documents Formes dobles Coordinaci\u00f3 i concordan\u00e7a en l\u2019\u00fas de les formes dobles Documents Canvis de pronoms Canvis m\u00ednims de redacci\u00f3 Documents<\/p>\n","protected":false},"author":59,"featured_media":0,"parent":0,"menu_order":3,"comment_status":"closed","ping_status":"closed","template":"","meta":{"footnotes":""},"class_list":["post-71","page","type-page","status-publish","hentry"],"_links":{"self":[{"href":"https:\/\/webs.uab.cat\/nonsexistlanguage\/wp-json\/wp\/v2\/pages\/71","targetHints":{"allow":["GET"]}}],"collection":[{"href":"https:\/\/webs.uab.cat\/nonsexistlanguage\/wp-json\/wp\/v2\/pages"}],"about":[{"href":"https:\/\/webs.uab.cat\/nonsexistlanguage\/wp-json\/wp\/v2\/types\/page"}],"author":[{"embeddable":true,"href":"https:\/\/webs.uab.cat\/nonsexistlanguage\/wp-json\/wp\/v2\/users\/59"}],"replies":[{"embeddable":true,"href":"https:\/\/webs.uab.cat\/nonsexistlanguage\/wp-json\/wp\/v2\/comments?post=71"}],"version-history":[{"count":3,"href":"https:\/\/webs.uab.cat\/nonsexistlanguage\/wp-json\/wp\/v2\/pages\/71\/revisions"}],"predecessor-version":[{"id":324,"href":"https:\/\/webs.uab.cat\/nonsexistlanguage\/wp-json\/wp\/v2\/pages\/71\/revisions\/324"}],"wp:attachment":[{"href":"https:\/\/webs.uab.cat\/nonsexistlanguage\/wp-json\/wp\/v2\/media?parent=71"}],"curies":[{"name":"wp","href":"https:\/\/api.w.org\/{rel}","templated":true}]}}