{"id":75,"date":"2016-01-21T15:09:22","date_gmt":"2016-01-21T13:09:22","guid":{"rendered":"http:\/\/blogs.uab.cat\/nonsexistlanguage\/?page_id=75"},"modified":"2016-01-21T15:09:22","modified_gmt":"2016-01-21T13:09:22","slug":"consideracions-finals","status":"publish","type":"page","link":"https:\/\/webs.uab.cat\/nonsexistlanguage\/consideracions-finals\/","title":{"rendered":"Consideracions finals"},"content":{"rendered":"<p>Al llarg d\u2019aquesta eina de refer\u00e8ncia, hem pogut veure les diferents problem\u00e0tiques que ens trobem quan volem evitar el sexisme en el discurs. Aquest sexisme, recordem-ho, no \u00e9s inherent a les lleng\u00fces com a sistema, sin\u00f3 que radica en alguns dels usos consolidats i acceptats com a correctes per la comunitat de parlants. Els usos, per\u00f2, canvien i el que abans les gram\u00e0tiques i els diccionaris consideraven un error o desviaci\u00f3 es converteix en norma. Aix\u00f2 ens porta evidentment a la concepci\u00f3 de la llengua com a realitat canviant, que evoluciona en cada \u00e8poca per respondre a les necessitats de la comunitat que la utilitza. En una societat com la nostra, en qu\u00e8 es demana m\u00e9s igualtat entre els sexes, conv\u00e9 que la llengua com a producte social reflecteixi aquesta igualtat.<\/p>\n<p>Aquest \u00e9s l\u2019objectiu que ha vertebrat el document que teniu a les vostres mans. Evidentment, aquesta contribuci\u00f3 no \u00e9s definitiva: s\u2019haur\u00e0 d\u2019anar revisant i modificant a mesura que la llengua, els usos i les necessitats canvi\u00efn. Una mostra d\u2019aquest fet s\u00f3n els nombrosos canvis que hem incorporat en aquesta segona edici\u00f3 de la guia, editada per primer cop el 2008 en versi\u00f3 digital, i que s\u00f3n fruit, sobretot, de l\u2019adopci\u00f3 dels principis generals de l\u2019<a href=\"http:\/\/www.gela.cat\/Document.pdf\"><em>Acord<\/em><em> sobre l\u2019\u00fas no sexista de la llengua<\/em><\/a>, fet p\u00fablic el 2010 .<\/p>\n<hr \/>\n<p>&nbsp;<\/p>\n<p>&nbsp;<\/p>\n","protected":false},"excerpt":{"rendered":"<p>Al llarg d\u2019aquesta eina de refer\u00e8ncia, hem pogut veure les diferents problem\u00e0tiques que ens trobem quan volem evitar el sexisme en el discurs. Aquest sexisme, recordem-ho, no \u00e9s inherent a les lleng\u00fces com a sistema, sin\u00f3 que radica en alguns dels usos consolidats i acceptats com a correctes per la comunitat de parlants. Els usos, [&hellip;]<\/p>\n","protected":false},"author":59,"featured_media":0,"parent":0,"menu_order":5,"comment_status":"closed","ping_status":"closed","template":"","meta":{"footnotes":""},"class_list":["post-75","page","type-page","status-publish","hentry"],"_links":{"self":[{"href":"https:\/\/webs.uab.cat\/nonsexistlanguage\/wp-json\/wp\/v2\/pages\/75","targetHints":{"allow":["GET"]}}],"collection":[{"href":"https:\/\/webs.uab.cat\/nonsexistlanguage\/wp-json\/wp\/v2\/pages"}],"about":[{"href":"https:\/\/webs.uab.cat\/nonsexistlanguage\/wp-json\/wp\/v2\/types\/page"}],"author":[{"embeddable":true,"href":"https:\/\/webs.uab.cat\/nonsexistlanguage\/wp-json\/wp\/v2\/users\/59"}],"replies":[{"embeddable":true,"href":"https:\/\/webs.uab.cat\/nonsexistlanguage\/wp-json\/wp\/v2\/comments?post=75"}],"version-history":[{"count":0,"href":"https:\/\/webs.uab.cat\/nonsexistlanguage\/wp-json\/wp\/v2\/pages\/75\/revisions"}],"wp:attachment":[{"href":"https:\/\/webs.uab.cat\/nonsexistlanguage\/wp-json\/wp\/v2\/media?parent=75"}],"curies":[{"name":"wp","href":"https:\/\/api.w.org\/{rel}","templated":true}]}}