{"id":77,"date":"2016-01-21T15:10:11","date_gmt":"2016-01-21T13:10:11","guid":{"rendered":"http:\/\/blogs.uab.cat\/nonsexistlanguage\/?page_id=77"},"modified":"2023-12-05T14:02:28","modified_gmt":"2023-12-05T14:02:28","slug":"referencies","status":"publish","type":"page","link":"https:\/\/webs.uab.cat\/nonsexistlanguage\/referencies\/","title":{"rendered":"Refer\u00e8ncies"},"content":{"rendered":"<p><strong>Refer\u00e8ncies bibliogr\u00e0fiques<\/strong><\/p>\n<hr \/>\n<p><a href=\"http:\/\/blogs.uab.cat\/nonsexistlanguage\/referencies\/criteris\/\">Criteris<\/a><\/p>\n<hr \/>\n<p><a href=\"http:\/\/blogs.uab.cat\/nonsexistlanguage\/referencies\/criteris\/\">Articles<\/a><\/p>\n<hr \/>\n","protected":false},"excerpt":{"rendered":"<p>Refer\u00e8ncies bibliogr\u00e0fiques Criteris Articles<\/p>\n","protected":false},"author":59,"featured_media":0,"parent":0,"menu_order":6,"comment_status":"closed","ping_status":"closed","template":"","meta":{"footnotes":""},"class_list":["post-77","page","type-page","status-publish","hentry"],"_links":{"self":[{"href":"https:\/\/webs.uab.cat\/nonsexistlanguage\/wp-json\/wp\/v2\/pages\/77","targetHints":{"allow":["GET"]}}],"collection":[{"href":"https:\/\/webs.uab.cat\/nonsexistlanguage\/wp-json\/wp\/v2\/pages"}],"about":[{"href":"https:\/\/webs.uab.cat\/nonsexistlanguage\/wp-json\/wp\/v2\/types\/page"}],"author":[{"embeddable":true,"href":"https:\/\/webs.uab.cat\/nonsexistlanguage\/wp-json\/wp\/v2\/users\/59"}],"replies":[{"embeddable":true,"href":"https:\/\/webs.uab.cat\/nonsexistlanguage\/wp-json\/wp\/v2\/comments?post=77"}],"version-history":[{"count":1,"href":"https:\/\/webs.uab.cat\/nonsexistlanguage\/wp-json\/wp\/v2\/pages\/77\/revisions"}],"predecessor-version":[{"id":309,"href":"https:\/\/webs.uab.cat\/nonsexistlanguage\/wp-json\/wp\/v2\/pages\/77\/revisions\/309"}],"wp:attachment":[{"href":"https:\/\/webs.uab.cat\/nonsexistlanguage\/wp-json\/wp\/v2\/media?parent=77"}],"curies":[{"name":"wp","href":"https:\/\/api.w.org\/{rel}","templated":true}]}}