{"id":79,"date":"2016-01-21T15:10:34","date_gmt":"2016-01-21T13:10:34","guid":{"rendered":"http:\/\/blogs.uab.cat\/nonsexistlanguage\/?page_id=79"},"modified":"2016-01-21T15:10:34","modified_gmt":"2016-01-21T13:10:34","slug":"annex","status":"publish","type":"page","link":"https:\/\/webs.uab.cat\/nonsexistlanguage\/annex\/","title":{"rendered":"Annex"},"content":{"rendered":"<p>A l\u2019enlla\u00e7 seg\u00fcent trobareu una taula que recopila les principals q\u00fcestions tractades a la <em>Guia de llengua no sexista de la UAB<\/em>, en especial sobre la freq\u00fc\u00e8ncia amb qu\u00e8 apareixen els problemes i amb un breu resum de solucions possibles.<\/p>\n<p><a href=\"https:\/\/webs.uab.cat\/nonsexistlanguage\/wp-content\/uploads\/sites\/85\/2016\/01\/GLNSx_Annex1.pdf\">Taula annex<\/a><\/p>\n<hr \/>\n<p>&nbsp;<\/p>\n<p>&nbsp;<\/p>\n<p>&nbsp;<\/p>\n","protected":false},"excerpt":{"rendered":"<p>A l\u2019enlla\u00e7 seg\u00fcent trobareu una taula que recopila les principals q\u00fcestions tractades a la Guia de llengua no sexista de la UAB, en especial sobre la freq\u00fc\u00e8ncia amb qu\u00e8 apareixen els problemes i amb un breu resum de solucions possibles. Taula annex &nbsp; &nbsp; &nbsp;<\/p>\n","protected":false},"author":59,"featured_media":0,"parent":0,"menu_order":7,"comment_status":"closed","ping_status":"closed","template":"","meta":{"footnotes":""},"class_list":["post-79","page","type-page","status-publish","hentry"],"_links":{"self":[{"href":"https:\/\/webs.uab.cat\/nonsexistlanguage\/wp-json\/wp\/v2\/pages\/79","targetHints":{"allow":["GET"]}}],"collection":[{"href":"https:\/\/webs.uab.cat\/nonsexistlanguage\/wp-json\/wp\/v2\/pages"}],"about":[{"href":"https:\/\/webs.uab.cat\/nonsexistlanguage\/wp-json\/wp\/v2\/types\/page"}],"author":[{"embeddable":true,"href":"https:\/\/webs.uab.cat\/nonsexistlanguage\/wp-json\/wp\/v2\/users\/59"}],"replies":[{"embeddable":true,"href":"https:\/\/webs.uab.cat\/nonsexistlanguage\/wp-json\/wp\/v2\/comments?post=79"}],"version-history":[{"count":0,"href":"https:\/\/webs.uab.cat\/nonsexistlanguage\/wp-json\/wp\/v2\/pages\/79\/revisions"}],"wp:attachment":[{"href":"https:\/\/webs.uab.cat\/nonsexistlanguage\/wp-json\/wp\/v2\/media?parent=79"}],"curies":[{"name":"wp","href":"https:\/\/api.w.org\/{rel}","templated":true}]}}