{"id":8,"date":"2015-12-21T14:46:24","date_gmt":"2015-12-21T14:46:24","guid":{"rendered":"http:\/\/blogs.uab.cat\/nonsexistlanguage\/?page_id=8"},"modified":"2023-03-05T09:43:24","modified_gmt":"2023-03-05T09:43:24","slug":"site-unavailable","status":"publish","type":"page","link":"https:\/\/webs.uab.cat\/nonsexistlanguage\/","title":{"rendered":"Guia per a l\u2019\u00fas no sexista del llenguatge a la UAB"},"content":{"rendered":"<hr \/>\n<p><strong>Guia per a l\u2019\u00fas no sexista del llenguatge a la UAB<\/strong><\/p>\n<p>Tant en la llengua catalana com en la castellana s&#8217;ha normalitzat l&#8217;\u00fas de les formes masculines per fer refer\u00e8ncia a persones i col\u00b7lectius de manera gen\u00e8rica. Aquest fet ha comportat l&#8217;elaboraci\u00f3 de discursos en qu\u00e8 les dones no hi s\u00f3n presents. Per tal d&#8217;evitar el sexisme en el llenguatge, s&#8217;ofereix a la comunitat un recull de possibles solucions per garantir la igualtat en aquest camp, adaptant la llengua a les necessitat dels nostres temps.<\/p>\n<p>Aix\u00ed, doncs, aquesta eina\u00a0ofereix un conjunt de recursos o estrat\u00e8gies ling\u00fc\u00edstiques en l&#8217;\u00fas del catal\u00e0, castell\u00e0 i angl\u00e8s per evitar, sempre que sigui possible, el mascul\u00ed com a gen\u00e8ric i incorporar d&#8217;aquesta manera la pres\u00e8ncia de les dones en els textos redactats.<\/p>\n<hr \/>\n<div class=\"page\" title=\"Page 6\">\n<div class=\"layoutArea\">\n<div class=\"column\">\n<\/div>\n<\/div>\n<\/div>\n<div class=\"page\" title=\"Page 7\"><\/div>\n","protected":false},"excerpt":{"rendered":"<p>Guia per a l\u2019\u00fas no sexista del llenguatge a la UAB Tant en la llengua catalana com en la castellana s&#8217;ha normalitzat l&#8217;\u00fas de les formes masculines per fer refer\u00e8ncia a persones i col\u00b7lectius de manera gen\u00e8rica. Aquest fet ha comportat l&#8217;elaboraci\u00f3 de discursos en qu\u00e8 les dones no hi s\u00f3n presents. Per tal d&#8217;evitar [&hellip;]<\/p>\n","protected":false},"author":59,"featured_media":0,"parent":0,"menu_order":0,"comment_status":"closed","ping_status":"closed","template":"","meta":{"footnotes":""},"class_list":["post-8","page","type-page","status-publish","hentry"],"_links":{"self":[{"href":"https:\/\/webs.uab.cat\/nonsexistlanguage\/wp-json\/wp\/v2\/pages\/8","targetHints":{"allow":["GET"]}}],"collection":[{"href":"https:\/\/webs.uab.cat\/nonsexistlanguage\/wp-json\/wp\/v2\/pages"}],"about":[{"href":"https:\/\/webs.uab.cat\/nonsexistlanguage\/wp-json\/wp\/v2\/types\/page"}],"author":[{"embeddable":true,"href":"https:\/\/webs.uab.cat\/nonsexistlanguage\/wp-json\/wp\/v2\/users\/59"}],"replies":[{"embeddable":true,"href":"https:\/\/webs.uab.cat\/nonsexistlanguage\/wp-json\/wp\/v2\/comments?post=8"}],"version-history":[{"count":5,"href":"https:\/\/webs.uab.cat\/nonsexistlanguage\/wp-json\/wp\/v2\/pages\/8\/revisions"}],"predecessor-version":[{"id":288,"href":"https:\/\/webs.uab.cat\/nonsexistlanguage\/wp-json\/wp\/v2\/pages\/8\/revisions\/288"}],"wp:attachment":[{"href":"https:\/\/webs.uab.cat\/nonsexistlanguage\/wp-json\/wp\/v2\/media?parent=8"}],"curies":[{"name":"wp","href":"https:\/\/api.w.org\/{rel}","templated":true}]}}