{"id":36,"date":"2022-10-05T14:13:24","date_gmt":"2022-10-05T12:13:24","guid":{"rendered":"https:\/\/webs.uab.cat\/nuevosdesarrollosao\/?page_id=36"},"modified":"2023-04-06T17:14:48","modified_gmt":"2023-04-06T15:14:48","slug":"miembros","status":"publish","type":"page","link":"https:\/\/webs.uab.cat\/nuevosdesarrollosao\/miembros\/","title":{"rendered":"Miembros"},"content":{"rendered":"\n<ul class=\"wp-block-list\"><li><a rel=\"noreferrer noopener\" href=\"https:\/\/portalrecerca.uab.cat\/en\/persons\/joaquin-beltran-antolin-3\" target=\"_blank\"><a href=\"https:\/\/portalrecerca.uab.cat\/en\/persons\/joaquin-beltran-antolin-3\"><a href=\"https:\/\/portalrecerca.uab.cat\/en\/persons\/joaquin-beltran-antolin-3\">Joaqu\u00edn Beltr\u00e1n Antol\u00edn<\/a><\/a><\/a> (Investigador principal)<\/li><li><a rel=\"noreferrer noopener\" href=\"https:\/\/portalrecerca.uab.cat\/en\/persons\/amelia-saiz-lopez-3\" target=\"_blank\"><a href=\"https:\/\/portalrecerca.uab.cat\/en\/persons\/amelia-saiz-lopez-3\">Amelia S\u00e1iz L\u00f3pez<\/a><\/a> (Co-I.P.)<\/li><li><a rel=\"noreferrer noopener\" href=\"https:\/\/portalrecerca.uab.cat\/en\/persons\/just-castillo-iglesias-4\" target=\"_blank\">Just Castillo Iglesias<\/a><\/li><li><a rel=\"noreferrer noopener\" href=\"https:\/\/www.researchgate.net\/profile\/Artur-Colom-Jaen\" target=\"_blank\"><a rel=\"noreferrer noopener\" href=\"https:\/\/www.researchgate.net\/profile\/Artur-Colom-Jaen\" target=\"_blank\">Artur Colom Ja\u00e9n<\/a><\/a> (Universitat de Barcelona)<\/li><li><a rel=\"noreferrer noopener\" href=\"https:\/\/portalrecerca.uab.cat\/en\/persons\/didac-cubeiro-rodriguez-7\" target=\"_blank\">D\u00eddac Cubeiro Rodr\u00edguez<\/a><\/li><li><a rel=\"noreferrer noopener\" href=\"https:\/\/portalrecerca.uab.cat\/en\/persons\/roberto-figliulo-7\" target=\"_blank\">Roberto Figliulo<\/a><\/li><li><a rel=\"noreferrer noopener\" href=\"https:\/\/portalcientifico.uam.es\/es\/ipublic\/researcher\/331828\" target=\"_blank\">Laura Lamas Abraira<\/a><\/li><li><a rel=\"noreferrer noopener\" href=\"https:\/\/www.uji.es\/departaments\/com\/base\/estructura\/personal?p_departamento=2502&amp;p_profesor=209192\" target=\"_blank\">Antonio Loriguillo L\u00f3pez<\/a> (Universitat Jaume I)<\/li><li><a rel=\"noreferrer noopener\" href=\"https:\/\/portalrecerca.uab.cat\/en\/persons\/arturo-lozano-mendez-3\" target=\"_blank\"><a rel=\"noreferrer noopener\" href=\"https:\/\/webs.uab.cat\/interasia\/es\/artur-lozano-mendez-2\/\" target=\"_blank\">Artur Lozano M\u00e9ndez<\/a><\/a><\/li><li><a rel=\"noreferrer noopener\" href=\"https:\/\/portalrecerca.uab.cat\/en\/persons\/irene-masdeu-torruella-4\" target=\"_blank\">Irene Masdeu Torruella<\/a><\/li><li><a rel=\"noreferrer noopener\" href=\"https:\/\/portalrecerca.uab.cat\/en\/persons\/gustavo-pita-cspedes\" target=\"_blank\">Gustavo Pita C\u00e9spedes<\/a><\/li><li><a rel=\"noreferrer noopener\" href=\"https:\/\/www.ugr.es\/personal\/maria-teresa-rodriguez-navarro\" target=\"_blank\">Mar\u00eda Teresa Rodr\u00edguez Navarro<\/a> (Universidad de Granada)<\/li><li><a rel=\"noreferrer noopener\" href=\"https:\/\/portalrecerca.uab.cat\/en\/persons\/jordi-rosell-foxa-5\" target=\"_blank\">Jordi Rosell Fox\u00e0<\/a><\/li><li><a rel=\"noreferrer noopener\" href=\"https:\/\/portalrecerca.uab.cat\/en\/persons\/ayumi-shimoyoshi-ref\" data-type=\"URL\" data-id=\"https:\/\/portalrecerca.uab.cat\/en\/persons\/ayumi-shimoyoshi-ref\" target=\"_blank\">Ayumi Shimoyoshi<\/a><\/li><li><a rel=\"noreferrer noopener\" href=\"https:\/\/www.uv.es\/uvweb\/universidad\/es\/ficha-persona-1285950309813.html?p2=teroga&amp;idA=true\" target=\"_blank\">Gabriel Terol\u00a0Rojo<\/a> (Universitat de Val\u00e8ncia)<\/li><li><a href=\"https:\/\/portalrecerca.uab.cat\/en\/persons\/alba-torrent-gonzalez\">Alba Torrents Gonz\u00e1lez<\/a><\/li><li><a rel=\"noreferrer noopener\" href=\"https:\/\/portalrecerca.uab.cat\/en\/persons\/minkang-zhou-gu-7\" target=\"_blank\">Minkang Zhou Gu<\/a><\/li><li><a href=\"https:\/\/www.linkedin.com\/in\/lauramonteroplata\/?originalSubdomain=ca\" target=\"_blank\" rel=\"noreferrer noopener\">Laura Montero Plata<\/a><\/li><\/ul>\n\n\n\n<h4 class=\"wp-block-heading\">Doctorandos<\/h4>\n\n\n\n<ul class=\"wp-block-list\"><li>Ivette Abul\u00ed Federico<\/li><li>Oscar Garc\u00eda Aranda (becario predoc FI)<\/li><li>Shuxin Fang (becaria predoc CSC)<\/li><li>Rafael Flores Paz (becario predoc CSC)<\/li><li>Junyu Huang<\/li><li>Raquel Navarro Caparr\u00f3s<\/li><li>Marina Shafir (becaria predoc CSC)<\/li><li>Xuewei Sun<\/li><li>Minerva Terrades<\/li><li>Qi Zhang<\/li><\/ul>\n","protected":false},"excerpt":{"rendered":"<p>Joaqu\u00edn Beltr\u00e1n Antol\u00edn (Investigador principal) Amelia S\u00e1iz L\u00f3pez (Co-I.P.) Just Castillo Iglesias Artur Colom Ja\u00e9n (Universitat de Barcelona) D\u00eddac Cubeiro Rodr\u00edguez Roberto Figliulo Laura Lamas Abraira Antonio Loriguillo L\u00f3pez (Universitat Jaume I) Artur Lozano M\u00e9ndez Irene Masdeu Torruella Gustavo Pita C\u00e9spedes Mar\u00eda Teresa Rodr\u00edguez Navarro (Universidad de Granada) Jordi Rosell Fox\u00e0 Ayumi Shimoyoshi Gabriel Terol\u00a0Rojo [&hellip;]<\/p>\n","protected":false},"author":304,"featured_media":0,"parent":0,"menu_order":0,"comment_status":"closed","ping_status":"closed","template":"","meta":{"footnotes":""},"class_list":["post-36","page","type-page","status-publish","hentry"],"_links":{"self":[{"href":"https:\/\/webs.uab.cat\/nuevosdesarrollosao\/wp-json\/wp\/v2\/pages\/36","targetHints":{"allow":["GET"]}}],"collection":[{"href":"https:\/\/webs.uab.cat\/nuevosdesarrollosao\/wp-json\/wp\/v2\/pages"}],"about":[{"href":"https:\/\/webs.uab.cat\/nuevosdesarrollosao\/wp-json\/wp\/v2\/types\/page"}],"author":[{"embeddable":true,"href":"https:\/\/webs.uab.cat\/nuevosdesarrollosao\/wp-json\/wp\/v2\/users\/304"}],"replies":[{"embeddable":true,"href":"https:\/\/webs.uab.cat\/nuevosdesarrollosao\/wp-json\/wp\/v2\/comments?post=36"}],"version-history":[{"count":4,"href":"https:\/\/webs.uab.cat\/nuevosdesarrollosao\/wp-json\/wp\/v2\/pages\/36\/revisions"}],"predecessor-version":[{"id":294,"href":"https:\/\/webs.uab.cat\/nuevosdesarrollosao\/wp-json\/wp\/v2\/pages\/36\/revisions\/294"}],"wp:attachment":[{"href":"https:\/\/webs.uab.cat\/nuevosdesarrollosao\/wp-json\/wp\/v2\/media?parent=36"}],"curies":[{"name":"wp","href":"https:\/\/api.w.org\/{rel}","templated":true}]}}