{"id":43,"date":"2022-10-05T14:17:28","date_gmt":"2022-10-05T12:17:28","guid":{"rendered":"https:\/\/webs.uab.cat\/nuevosdesarrollosao\/?page_id=43"},"modified":"2023-02-06T18:52:03","modified_gmt":"2023-02-06T16:52:03","slug":"publicaciones","status":"publish","type":"page","link":"https:\/\/webs.uab.cat\/nuevosdesarrollosao\/publicaciones\/","title":{"rendered":"Publicaciones"},"content":{"rendered":"\n<p>Como resultados del Proyecto \u00abNuevos desarrollos socioculturales, pol\u00edticos y econ\u00f3micos de Asia Oriental en el contexto global\u00bb se han realizado numerosas publicaciones cient\u00edficas. En los siguientes enlaces se pueden consultar:<\/p>\n\n\n\n<ul class=\"wp-block-list\"><li><a href=\"https:\/\/webs.uab.cat\/nuevosdesarrollosao\/libros-y-capitulos-de-libros\/\">Libros y cap\u00edtulos de libros<\/a><\/li><li><a href=\"https:\/\/webs.uab.cat\/nuevosdesarrollosao\/articulos-en-revistas-indexadas-2\/\">Art\u00edculos en revistas<\/a><\/li><\/ul>\n","protected":false},"excerpt":{"rendered":"<p>Como resultados del Proyecto \u00abNuevos desarrollos socioculturales, pol\u00edticos y econ\u00f3micos de Asia Oriental en el contexto global\u00bb se han realizado numerosas publicaciones cient\u00edficas. En los siguientes enlaces se pueden consultar: Libros y cap\u00edtulos de libros Art\u00edculos en revistas<\/p>\n","protected":false},"author":304,"featured_media":0,"parent":0,"menu_order":0,"comment_status":"closed","ping_status":"closed","template":"","meta":{"footnotes":""},"class_list":["post-43","page","type-page","status-publish","hentry"],"_links":{"self":[{"href":"https:\/\/webs.uab.cat\/nuevosdesarrollosao\/wp-json\/wp\/v2\/pages\/43","targetHints":{"allow":["GET"]}}],"collection":[{"href":"https:\/\/webs.uab.cat\/nuevosdesarrollosao\/wp-json\/wp\/v2\/pages"}],"about":[{"href":"https:\/\/webs.uab.cat\/nuevosdesarrollosao\/wp-json\/wp\/v2\/types\/page"}],"author":[{"embeddable":true,"href":"https:\/\/webs.uab.cat\/nuevosdesarrollosao\/wp-json\/wp\/v2\/users\/304"}],"replies":[{"embeddable":true,"href":"https:\/\/webs.uab.cat\/nuevosdesarrollosao\/wp-json\/wp\/v2\/comments?post=43"}],"version-history":[{"count":2,"href":"https:\/\/webs.uab.cat\/nuevosdesarrollosao\/wp-json\/wp\/v2\/pages\/43\/revisions"}],"predecessor-version":[{"id":236,"href":"https:\/\/webs.uab.cat\/nuevosdesarrollosao\/wp-json\/wp\/v2\/pages\/43\/revisions\/236"}],"wp:attachment":[{"href":"https:\/\/webs.uab.cat\/nuevosdesarrollosao\/wp-json\/wp\/v2\/media?parent=43"}],"curies":[{"name":"wp","href":"https:\/\/api.w.org\/{rel}","templated":true}]}}