{"id":57,"date":"2022-10-05T14:20:25","date_gmt":"2022-10-05T12:20:25","guid":{"rendered":"https:\/\/webs.uab.cat\/nuevosdesarrollosao\/?page_id=57"},"modified":"2023-04-06T18:55:55","modified_gmt":"2023-04-06T16:55:55","slug":"actividades","status":"publish","type":"page","link":"https:\/\/webs.uab.cat\/nuevosdesarrollosao\/actividades\/","title":{"rendered":"Actividades"},"content":{"rendered":"\n<h2 class=\"wp-block-heading\">2023<\/h2>\n\n\n\n<p><strong>Gustavo Pita C\u00e9spedes<\/strong>. Conferencia: \u00abEl Samur\u00e1i, su imagen e historia, mitos y realidades\u00bb. Viernes 10 de marzo de 2023. Lugar: Palacio de la Madraza \u2013 Gabinete de Teatro. Organiza: La Madraza. Centro de Cultura Contempor\u00e1nea de la Universidad de Granada \u2013 Seminario de Estudios Asi\u00e1ticos. M\u00e1s informaci\u00f3n: enlace al evento en web <a rel=\"noreferrer noopener\" href=\"https:\/\/lamadraza.ugr.es\/evento\/el-samurai-su-imagen-e-historia-mitos-y-realidades\/\" target=\"_blank\">La Madraza<\/a>.<\/p>\n\n\n\n<p><strong>Roberto Figliulo.<\/strong> February 23. \u201cPor donde caen las hojas: po\u00e9ticas del retorno en la reci\u00e9n producci\u00f3n fotogr\u00e1fica china\u201d, with Sylvia Hottinger Craig as speaker and Filippo Costantini as moderator. In \u201cCiclo de conferencias virtuales internacionales sobre China\u201d organized by the\u00a0<a rel=\"noreferrer noopener\" href=\"https:\/\/urldefense.com\/v3\/__http:\/\/www.redsinolatina.ucr.ac.cr\/*20__;JQ!!D9dNQwwGXtA!VOU7TPh3NmHnEb71rXcBForN5yAOLVNe8fyri5wi_YuRC98zdPbRlE4xJIFPDTpIlcHyquPvCOkzntjy6pCV-nmRdZuJ7Gobx6M$\" target=\"_blank\">Red Acad\u00e9mica Latino (e Hispano) Americanista sobre Estudios Sinol\u00f3gicos \u62c9\u7f8e\u6c49\u5b66\u7814\u7a76\u5b66\u672f\u7f51<\/a>, Universidad de Costa Rica.<\/p>\n\n\n\n<p><strong>Irene Masdeu Torruella.<\/strong> February 2.\u00a0The journalist Javier Borr\u00e0s and the researchers\u00a0Irene Masdeu Torruella, Xavier Ortells and Maialen Mar\u00edn speak about China\u2019s evolution in recent years, its present, and the future we share with it. In \u00ab<a href=\"https:\/\/www.cccb.org\/es\/ciclos\/ficha\/la-china-del-presente-el-mundo-del-futuro\/240899\" target=\"_blank\" rel=\"noreferrer noopener\">China of the Present, the World of the Future<\/a>\u00ab, at the CCCB, Barcelona.<\/p>\n\n\n\n<h2 class=\"wp-block-heading\">2022<\/h2>\n\n\n\n<p><strong>Loriguillo-L\u00f3pez, Antonio.<\/strong> Conferencia Invitada: \u201cRutas Geemu: espacios, comunidades y experiencias en el turismo otaku\u00bb Fundaci\u00f3n Jap\u00f3n, Madrid, 25 de noviembre de 2022.<\/p>\n\n\n\n<p><strong>Joaqu\u00edn Beltr\u00e1n Antol\u00edn.<\/strong> 30 de octubre.<strong><strong>\u00a0<\/strong><\/strong>En el marco de las \u201cII Jornadas sobre el Mundo Chino\u201d, organizadas por\u00a0<a href=\"https:\/\/fundacionqili.org\/\">Fundaci\u00f3n Qili<\/a>,\u00a0Joaqu\u00edn Beltr\u00e1n\u00a0presenta \u201c<a href=\"https:\/\/www.youtube.com\/watch?v=astv5KSSM4w&amp;ab_channel=Fundaci%C3%B3nQiliFundazioa\" target=\"_blank\" rel=\"noreferrer noopener\">El Partido Comunista Chino y su XX Congreso<\/a>\u201d, modera Mart\u00edn de Rada.<\/p>\n\n\n\n<p><strong>Loriguillo-L\u00f3pez, Antonio. <\/strong>Conferencia Invitada: \u201cAnime contempor\u00e1neo y complejidad narrativa\u00bb Instituto Universitario del Cine Espa\u00f1ol, Universidad Carlos III de Madrid, octubre 2022.<\/p>\n\n\n\n<p><strong>Laura Montero.<\/strong> Universidad Carlos 3 de Madrid (Madrid, Espa\u00f1a). Los inicios del anime: los pioneros que dieron forma a la animaci\u00f3n como industria (1910-1956). Clase magistral presencial dentro del marco del curso \u00abReflexiones sobre la cultura asi\u00e1tica\u00bb. 14 de octubre de 2022<\/p>\n\n\n\n<p><strong>Laura Montero.<\/strong> Japan Foundation New Delhi (India). Hayao Miyazaki: Tradition and Storytelling Innovation. Conferencia online. 8 de septiembre de 2022.<\/p>\n\n\n\n<p><strong>Just Castillo Iglesias<\/strong>. 16 de junio.\u00a0El webinar \u201c<a rel=\"noreferrer noopener\" href=\"https:\/\/www.youtube.com\/watch?v=hjMw39a8n5s&amp;ab_channel=casaasia\" target=\"_blank\">Las relaciones de la Uni\u00f3n Europea con China y Jap\u00f3n: retos ante un contexto geopol\u00edtico<\/a>\u201d impartido por\u00a0Just Castillo Iglesias\u00a0dentro del \u201cII Ciclo de Conferencias: Estudios Globales de Asia Oriental\u201d, organizado por el\u00a0<a href=\"https:\/\/www.uab.cat\/web\/estudiar\/la-oferta-de-masteres-oficiales\/informacion-general\/estudios-globales-de-asia-oriental-1096480309770.html?param1=1345803183017\">M\u00e1ster Oficial en Estudios Globales de Asia Oriental<\/a>\u00a0\u00a0de la Universidad Aut\u00f3noma de Barcelona (UAB) y por Casa Asia. Presenta Rafael Bueno, director de Pol\u00edtica, Sociedad y Programas Educativos, Casa Asia, y modera David Saur\u00ed,\u00a0coordinador M\u00e1ster Oficial en Estudios Globales de Asia Oriental (UAB).<\/p>\n\n\n\n<p><strong>Roberto Figliulo<\/strong>. 2 de junio. El webinar \u201c<a rel=\"noreferrer noopener\" href=\"https:\/\/www.youtube.com\/watch?v=D8zldBvQr3o&amp;ab_channel=casaasia\" target=\"_blank\">Sinofuturismos: Imaginarios de ciencia ficci\u00f3n y nuevas tecnolog\u00edas en la producci\u00f3n art\u00edstica en China<\/a>\u201d impartido por\u00a0Roberto Figliulo\u00a0dentro del \u201cII Ciclo de Conferencias: Estudios Globales de Asia Oriental\u201d, organizado por el M\u00e1ster Oficial en Estudios Globales de Asia Oriental de la Universidad Aut\u00f3noma de Barcelona (UAB) y por Casa Asia. Presenta Rafael Bueno, director de Pol\u00edtica, Sociedad y Programas Educativos, Casa Asia, y modera Ester Torres-Sim\u00f3n, lectora Serra H\u00fanter UAB.<\/p>\n\n\n\n<h2 class=\"wp-block-heading\">2021<\/h2>\n\n\n\n<p>Navarro-Remesal, V\u00edctor y <strong>Loriguillo-L\u00f3pez, Antonio.<\/strong> Curso online invitado: \u201cUn recorrido por el videojuego japon\u00e9s\u00bb Casa Asia, mayo-junio 2021.<\/p>\n\n\n\n<p><strong>Laura Montero. <\/strong>Fundaci\u00f3n Jap\u00f3n Madrid (Madrid, Espa\u00f1a). Ready to play? Cinem\u00e1tica vs jugabilidad: interactividad y animaci\u00f3n en el g\u00eamu. Conferencia online. 14 de julio de 2021.<\/p>\n\n\n\n<p><\/p>\n","protected":false},"excerpt":{"rendered":"<p>2023 Gustavo Pita C\u00e9spedes. Conferencia: \u00abEl Samur\u00e1i, su imagen e historia, mitos y realidades\u00bb. Viernes 10 de marzo de 2023. Lugar: Palacio de la Madraza \u2013 Gabinete de Teatro. Organiza: La Madraza. Centro de Cultura Contempor\u00e1nea de la Universidad de Granada \u2013 Seminario de Estudios Asi\u00e1ticos. M\u00e1s informaci\u00f3n: enlace al evento en web La Madraza. [&hellip;]<\/p>\n","protected":false},"author":304,"featured_media":0,"parent":0,"menu_order":0,"comment_status":"closed","ping_status":"closed","template":"","meta":{"footnotes":""},"class_list":["post-57","page","type-page","status-publish","hentry"],"_links":{"self":[{"href":"https:\/\/webs.uab.cat\/nuevosdesarrollosao\/wp-json\/wp\/v2\/pages\/57","targetHints":{"allow":["GET"]}}],"collection":[{"href":"https:\/\/webs.uab.cat\/nuevosdesarrollosao\/wp-json\/wp\/v2\/pages"}],"about":[{"href":"https:\/\/webs.uab.cat\/nuevosdesarrollosao\/wp-json\/wp\/v2\/types\/page"}],"author":[{"embeddable":true,"href":"https:\/\/webs.uab.cat\/nuevosdesarrollosao\/wp-json\/wp\/v2\/users\/304"}],"replies":[{"embeddable":true,"href":"https:\/\/webs.uab.cat\/nuevosdesarrollosao\/wp-json\/wp\/v2\/comments?post=57"}],"version-history":[{"count":7,"href":"https:\/\/webs.uab.cat\/nuevosdesarrollosao\/wp-json\/wp\/v2\/pages\/57\/revisions"}],"predecessor-version":[{"id":306,"href":"https:\/\/webs.uab.cat\/nuevosdesarrollosao\/wp-json\/wp\/v2\/pages\/57\/revisions\/306"}],"wp:attachment":[{"href":"https:\/\/webs.uab.cat\/nuevosdesarrollosao\/wp-json\/wp\/v2\/media?parent=57"}],"curies":[{"name":"wp","href":"https:\/\/api.w.org\/{rel}","templated":true}]}}