{"id":63,"date":"2022-10-05T14:22:33","date_gmt":"2022-10-05T12:22:33","guid":{"rendered":"https:\/\/webs.uab.cat\/nuevosdesarrollosao\/?page_id=63"},"modified":"2024-01-22T19:19:25","modified_gmt":"2024-01-22T17:19:25","slug":"participaciones","status":"publish","type":"page","link":"https:\/\/webs.uab.cat\/nuevosdesarrollosao\/participaciones\/","title":{"rendered":"Participaciones"},"content":{"rendered":"\n<h2 class=\"wp-block-heading\">2023<\/h2>\n\n\n\n<p><strong>Figliulo, Roberto<\/strong>&nbsp;(2023). El retorno es el movimiento del curso: fotograf\u00eda de lo no-humano en el contexto del Antropoceno chino.&nbsp;<strong>III Congreso Asociaci\u00f3n Espa\u00f1ola de Estudios de Asia Oriental<\/strong>, Universidad de Salamanca, del 7 al 9 de junio.<\/p>\n\n\n\n<p><strong>Garc\u00eda, Oscar<\/strong>&nbsp;(2023). \u201cMutual influences and artistic transformations in RPG character designs: the case of Kaneko Kazuma and Soejima Shigenori in Atlus RPG franchises\u201d.&nbsp;<strong>MECHADEMIA International Conference<\/strong>, a la Kyoto Seika University and Kyoto International Manga Museum, del 27 al 29 de mayo.<\/p>\n\n\n\n<p><strong>Garc\u00eda Aranda, Oscar<\/strong>. (2023). \u201cArtista, g\u00e9nero y p\u00fablico en la transformaci\u00f3n art\u00edstica del dise\u00f1o de personajes\u201d. <strong><em>Estudios de Anime: del objeto a las humanidades digitales<\/em>.<\/strong> (presencial, workshop internacional). Grupo de Investigaci\u00f3n dx5 Digital &amp; Graphic Research Art. Pontevedra. 15\/09\/2023<\/p>\n\n\n\n<p><strong>Loriguillo L\u00f3pez, Antonio<\/strong>. (2023). &nbsp;Conferencia invitada: \u201c Consecuencias del tercer impacto: Evangelion y el anime complejo\u201d. <strong>Reflexiones sobre la cultura asi\u00e1tica: la cultura audiovisual en Asia, cine, anime, videojuegos<\/strong> \u2013&nbsp; Instituto Universitario de Cine Espa\u00f1ol, Universidad Carlos III de Madrid. 20\/10\/2023<\/p>\n\n\n\n<p><strong>Masdeu, Irene<\/strong>&nbsp;(2023). Panel: Collective Memories, Representations and Actions of Asian Minorities.&nbsp;<strong>Asian Minorities in Europe and in North America A transatlantic dialogue on memories, representations, and recognition<\/strong>, 12 de junio. This symposium has been financed by Sciences Po Transatlantic Research Fund, Institut Convergences Migrations and ANR PolAsie.<\/p>\n\n\n\n<p><strong>Masdeu Torruella, Irene<\/strong>; Peres-Neto, Luiz; Huertas Bail\u00e9n, Amparo. (2023).  Percepci\u00f3, recepci\u00f3 i reacci\u00f3 davant del discurs d\u2019odi: la comunitat xinesa a Barcelona en el marc de la Covid-19. <strong>VI Congr\u00e9s Internacional de Recerca en Comunicaci\u00f3 Societat Catalana de Comunicaci\u00f3 (SCC)<\/strong>. Julio 2023. <\/p>\n\n\n\n<p><strong>Pita, Gustavo<\/strong>&nbsp;(2023). Marcialidad y carisma en el mundo del bushi: Tokugawa Ieyasu y Tosh\u014d Daigongen.&nbsp;<strong>III Congreso Asociaci\u00f3n Espa\u00f1ola de Estudios de Asia Oriental<\/strong>, Universidad de Salamanca, del 7 al 9 de junio.<\/p>\n\n\n\n<p><strong>Shimoyoshi, Ayumi<\/strong> (2023). \u201cTypological contrast between Japanese and Spanish psychological verbs and its effects on Japanese language learning and teaching\u201d. <strong>17th International Conference of the European Association for Japanese Studies (EAJS),<\/strong> Section: Japanese Language Teaching (26th Japanese Language Education Symposium in Europe). Agosto 2023. <\/p>\n\n\n\n<p><strong>Terol, Gabriel&nbsp;<\/strong>(2023). La religiosidad China. Perspectivas actuales.&nbsp;<strong>III Congreso Asociaci\u00f3n Espa\u00f1ola de Estudios de Asia Oriental<\/strong>, Universidad de Salamanca, del 7 al 9 de junio.<\/p>\n\n\n\n<p><strong>Torrents, Alba<\/strong>&nbsp;(2023). \u201cJapan\u2019s media ecology and the Antropocene: materiality and non-human agency in anime\u201d.&nbsp;<strong>MECHADEMIA International Conference<\/strong>, a la Kyoto Seika University and Kyoto International Manga Museum, del 27 al 29 de mayo.<\/p>\n\n\n\n<p><strong>Zhang, Qi <\/strong>(2023). \u201cCOVID Risk Level Dataset and Zero Covid Policy in China\u201d. 9<strong>8<sup>th<\/sup> Western Economic Association International Annual Conference (WEAI)<\/strong>. Marriott Marquis San Diego Marina, San Diego, California, July 1, 2023.<\/p>\n\n\n\n<p><strong>Zhang, Qi<\/strong> (2023). \u201cRound table discussant\u201d of the <strong>SUNY Press\/NYCAS Fall 2023<\/strong> book event featuring Dr. Albert Welter\u2019s text,&nbsp;<em>The Future of China\u2019s Past: Reflections on the Meaning of China\u2019s Rise<\/em>, New York Conference on Asian Studies Announces. October 15, 2023.<\/p>\n\n\n\n<p><strong>Zhang, Qi <\/strong>(2023). \u201cThe Economic Impact of China in Latin America and the Caribbean: Evidence from China\u2019s Belt and Road Initiative\u201d. <strong>The 7th World Conference of Chinese Studies<\/strong>. Pozn\u00e1n, Poland &amp; Berlin, Germany, August 25-31, 2023.<\/p>\n\n\n\n<p><strong>Zhang, Qi<\/strong> (2023). \u201cThe Bilateral Agreements between China and Latin America and the Caribbean and its Mutual Impact in the 21<sup>st<\/sup> Century\u201d.&nbsp; <strong>China-Workshop<\/strong>, Iserlohn 2023. Iserlohn, Germany, July 22-23, 2023.<\/p>\n\n\n\n<p><strong>Zhang, Qi<\/strong> (2023). \u201cChina\u2019s Zero Covid Policy and Data an\u00e1lisis during 2021 and 2022\u201d. <strong>XIII Simposio Internacional de Investigaci\u00f3n Joven en Traducci\u00f3n, Interpretaci\u00f3n, Estudios Interculturales y Estudios de Asia Oriental<\/strong>. Barcelona, Spain, June 30, 2023.<\/p>\n\n\n\n<h2 class=\"wp-block-heading\">2022<\/h2>\n\n\n\n<p><strong>Beltr\u00e1n<\/strong>,<strong>&nbsp;Joaqu\u00edn<\/strong>&nbsp;(2022) How many Chinese are in Europe? Demographic (de)construction.&nbsp; Panel: Chinese Migration to Europe, 12 de noviembre 2022.&nbsp;<strong>30th Anniversary Conference of the founding of the International Society for the Study of Chinese Overseas (ISSCO): \u201cDiasporic Futures: Sinophobia, Techno-Political Strife, and the Politics of Care\u201d<\/strong>.&nbsp; San Francisco, 11-12 Noviembre 2022.<\/p>\n\n\n\n<p><strong>Colom-Ja\u00e9n, Artur&nbsp;<\/strong>(2022) \u201cChina en \u00c1frica: econom\u00eda pol\u00edtica de una relaci\u00f3n pragm\u00e1tica\u201d. Ponencia presentada al <strong>II Congreso Internacional Din\u00e1micas de las Relaciones Sur-Sur. <\/strong>Universidad Aut\u00f3noma de Madrid, 22 y 23 de febrero 2022, conferencia invitada.<\/p>\n\n\n\n<p><strong>Fang<\/strong>, <strong>Shuxin<\/strong> (2022).&nbsp;\u00abEstudio de la coproducci\u00f3n internacional y el cine transnacional desde la perspectiva de la globalizaci\u00f3n cultural\u00bb. Ponencia presentada al &nbsp;<strong>High-end Academic Forum Forum for Postgraduates Students of Foreign Languages and Literature of Beijing Foreign Studies University<\/strong>.&nbsp;Beijing, 26 de noviembre de 2022.&nbsp;<\/p>\n\n\n\n<p><strong>Fang, <strong>Shuxin <\/strong><\/strong> (2022).&nbsp;\u00abLa coproducci\u00f3n internacional a partir del cine transnacional y la globalizaci\u00f3n cultural. Estudios de caso de China con Francia e Italia.\u00bb Conferencia presentada al&nbsp;<strong>Congreso Internacional Latina de Comunicaci\u00f3n social<\/strong>.&nbsp;Madrid,&nbsp;24 y 25 de noviembre 2022.<\/p>\n\n\n\n<p><strong>Garc\u00eda Aranda, Oscar<\/strong>. (2022). \u201cLa abstracci\u00f3n ic\u00f3nica en el dise\u00f1o de personajes del manga juvenil\u201d. <em>XII Simposi Internacional de Recerca Jove en Traducci\u00f3, Interpretaci\u00f3, Estudis Interculturals i Estudis de l\u2019\u00c0sia Oriental <\/em>(presencial, congreso internacional). Departament de Traducci\u00f3, Interpretaci\u00f3 i Estudis d\u2019\u00c0sia Oriental, Universitat Aut\u00f2noma de Barcelona. Cerdanyola del Vall\u00e9s. 01\/07\/2022<\/p>\n\n\n\n<p><strong><strong>Garc\u00eda Aranda<\/strong><\/strong>, <strong>Oscar.<\/strong> (2022) \u201cRealist drawing styles in manga: an overview of formal solutions according to demography and period\u201d. Ponencia presentada al&nbsp;<strong>15th National and 6th International Conference of the Associaci\u00f3n for Japanese Studies in Spain \u201cJapan: Health and Environment\u201d<\/strong><em>.&nbsp;<\/em>Universidad de Salamanca (Salamanca). 26 &#8211; 28 octubre 2022.<\/p>\n\n\n\n<p><strong><strong>Garc\u00eda Aranda<\/strong><\/strong>, <strong>Oscar. <\/strong>(2022) \u201cLo mangaesco y su extensi\u00f3n en el dise\u00f1o de personajes de manga juvenil: los casos de Toriyama Akira y Takahashi Rumiko\u201d. Ponencia presentada al&nbsp;<strong>V Jornadas de J\u00f3venes Investigadores Predoctorales: la Historia del Arte desde Arag\u00f3n<\/strong><em>.&nbsp;<\/em>Universidad de Zaragoza (Tarazona). 25 y 26 de noviembre 2022.&nbsp;<\/p>\n\n\n\n<p><strong>Lamas-Abraira, Laura<\/strong>&nbsp;(2022) 10,000 km away in a 2.0 pandemic: Rethinking care in Chinese transnational families in Covid-19 times. Panel: COVID-19 and the Chinese Diaspora, 12 de noviembre 2022.&nbsp;<strong>30th Anniversary Conference of the founding of the International Society for the Study of Chinese Overseas (ISSCO): \u201cDiasporic Futures: Sinophobia, Techno-Political Strife, and the Politics of Care\u201d<\/strong>.&nbsp; San Francisco, 11-12 Noviembre 2022<\/p>\n\n\n\n<p><strong>Loriguillo L\u00f3pez, Antonio<\/strong>. (2022). Conferencia invitada: \u201cAnime contempor\u00e1neo y complejidad narrativa\u201d. <strong>Reflexiones sobre la cultura asi\u00e1tica: la cultura audiovisual en Asia, cine, anime, videojuegos<\/strong> \u2013 Instituto Universitario de Cine Espa\u00f1ol, Universidad Carlos III de Madrid. 21\/10\/2022<\/p>\n\n\n\n<p><strong>Lozano M\u00e9ndez, Artur<\/strong>&nbsp;(2022) \u201cAlone in the end?: projections of humanity in the literature by Mitsuse Ry\u016b and Liu Cixin.\u201d <strong>EACS Conference: Chinese Popular Culture in Translation and Transmission.<\/strong> 22 \u2013 23 July 2021, University of Leicester.<\/p>\n\n\n\n<p><strong>Lozano M\u00e9ndez, Artur<\/strong>&nbsp;(2022) \u201cTechno-Orientalism and its prescriptive intersections with other discourses\u201d. 2022-04-20. <strong>Guest lecturer at \u201cSeminar: Oddities in Asia\u201d Uninversity of Central Lancashire.<\/strong> International Institute of Korean Studies (IKSU). Organiser: Queralt Boadella Prunell.<\/p>\n\n\n\n<p><strong>Masdeu, Irene<\/strong>&nbsp;y Simeng Wang (2022) Entrepreneurial and transnational socialization among descendants of Chinese migrants: study on new mobilities from Europe to China. Panel: Socialization, Inequalities and Living Conditions: Chinese Migrants and their Descendants in Europe, 12 de noviembre 2022.&nbsp;<strong>30th Anniversary Conference of the founding of the International Society for the Study of Chinese Overseas (ISSCO): \u201cDiasporic Futures: Sinophobia, Techno-Political Strife, and the Politics of Care\u201d.<\/strong>&nbsp; San Francisco, 11-12 Noviembre 2022<\/p>\n\n\n\n<p><strong>Terol, Gabriel.<\/strong> (2023) \u201cFilosof\u00eda, intelectualidad y sinidad. Reflexiones sobre la religiosidad de China\u201d. Panel: China \u2013 Religiosidad y monacato. Ponencia presentada en el <strong>II Congreso Internacional Complutense de Asia Oriental <\/strong>\u2013 \u201cAsia Sobrenatural: Religi\u00f3n, ritualidad y folclore en Asia\u201d, Madrid, 28 Noviembre-2 Diciembre de 2022. Universidad Complutense de Madrid.<\/p>\n\n\n\n<p><strong>Zhang, Qi<\/strong> (2022). \u201cExploring the Types and Purpose of Translation and Interpreting Pedagogy&nbsp;Video Publishers on TikTok\u201d. <strong>APTIS 2022 4th Annual Conference<\/strong>. Leeds, UK, November 17-19, 2022.<\/p>\n\n\n\n<p><strong>Zhang, Qi<\/strong> (2022). <a>\u201c<\/a>COVID Risk Level Dataset and Zero Covid Policy in China\u201d. <strong>China Economic Annual (CEA) (UK &amp; Europe) Conference<\/strong>. Durham, UK, November 12-13, 2022.<\/p>\n\n\n\n<p><strong>Zhang, Qi<\/strong> (2022). \u201cThe Disputes between China and the European Union in the 21st Century\u201d. <strong>XII Simposio Internacional de Investigaci\u00f3n Joven en Traducci\u00f3n, Interpretaci\u00f3n, Estudios Interculturales y Estudios de Asia Oriental<\/strong>. Barcelona, Spain, June 30, 2022.<\/p>\n\n\n\n<p><strong>Zhang, Qi <\/strong>(2022). \u201cThe Disputes between China and the European Union in the 21st Century\u201d. <strong>XI Interdisciplinary Student and Doctoral Conference: Between East and West, Between North and South<\/strong>. Warsaw, Poland, June 2022.<\/p>\n\n\n\n<p><strong>Zhang, Qi <\/strong>(2022). \u201cThe Impact of Chinese-English Translation on China&#8217;s National Image\u2014From A Perspective of International Relations\u201d. <strong>X Congresso AIETI\/AIETI International Conference)<\/strong>. Braga, Portugal, June 15-17, 2022.<\/p>\n\n\n\n<h2 class=\"wp-block-heading\">2021<\/h2>\n\n\n\n<p><strong>Beltr\u00e1n Antol\u00edn, Joaqu\u00edn<\/strong> (2021) De Lao She (Erma, 1929) a Guo Xiaolu (A Concise Chinese-English Dictionary for Lovers, 2007) Narrativas de la migraci\u00f3n china en Europa. <strong>Jornada Internacional Re-escribir la historia: la producci\u00f3n cultural china en un contexto transnacional<\/strong>. Fundaci\u00f3n Instituto Confucio de Barcelona, Universitat de Barcelona, Barcelona, 12\/05\/2021.<\/p>\n\n\n\n<p><strong>Beltr\u00e1n Antol\u00edn, Joaqu\u00edn<\/strong> (2021) Of newcomers and of settled down. Socio-demographic trends of Chinese in Spain. <strong>4th CERPE Workshop \u201cChinese Migrations in Europe: Between Continuity and Renewal\u201d<\/strong>, French National Centre for Scientific Research (CNRS) Paris, 19 de Noviembre, 2021.<\/p>\n\n\n\n<p><strong>Beltr\u00e1n Antol\u00edn, Joaqu\u00edn<\/strong> (2021) y <strong>Amelia S\u00e1iz L\u00f3pez<\/strong>, Economic consequences of Covid-19 pandemic on Chinese population in Spain and Anti-racist movement. <strong>2021 International Society for the Study of Chinese Overseas (ISSCO) Regional Workshop: Effects of COVID on the Chinese Diaspora in Europe and Africa<\/strong>, 5 de diciembre de 2021(on-line workshop)<\/p>\n\n\n\n<p><strong>Castillo Iglesias, Just <\/strong>(2021) Las relaciones pol\u00edticas Espa\u00f1a-Jap\u00f3n, ponencia presentada al<strong> Seminario Internacional \u201cEuropean Union member states\u2019 relations with Japan\u201d<\/strong>, organizado por el&nbsp; Romanian Institute for the Study of the Asia-Pacific (RISAP) (Online). Julio 2021<\/p>\n\n\n\n<p><strong>Colom-Ja\u00e9n, Artur<\/strong> y Mateos, \u00d3. (2021) \u00abSouth-South co-operation without social contract? Assessing China&#8217;s engagement in Africa&#8217;s regional integration agenda\u201d. Ponencia presentada a las <strong>XV Jornadas Internacionales de Pol\u00edtica Econ\u00f3mica (Universidad de Valencia)<\/strong>, 27 y 28 mayo 2021, comunicaci\u00f3n<\/p>\n\n\n\n<p><strong>Fang Shuxin<\/strong>, Coproducci\u00f3n cinematogr\u00e1fica sino-europea en el siglo XXI.<strong>Simposio Internacional de Investigaci\u00f3n Joven en Traducci\u00f3n, Interpretaci\u00f3n, Estudios Interculturales y Estudios de Asia Oriental.<\/strong> Lugar: Barcelona. Fecha: 2 de julio de 2021. <\/p>\n\n\n\n<p><strong>Figliulo, Roberto<\/strong> (2021) \u201cA New Ontological Approach to Photography for the Anthropocene: Nature and Nonhuman in Contemporary East Asian Photography\u201d, ponencia presentada a <strong>Envisage: International Forum on Internet Morphology &amp;Sociology of Internet Art &#8211; Chongqing<\/strong>\u201d, 18\/12\/2021.<\/p>\n\n\n\n<p><strong>Figliulo, Roberto <\/strong>(2021) \u201cReturn Home: Photographic Report of a Journey\u201d, ponencia presentada al <strong>European Association for Asian Art and Archaeology Online Panels<\/strong>. 05\/10\/2021- 30\/112021<\/p>\n\n\n\n<p><strong>Figliulo, Roberto<\/strong> (2021) \u201c\u201cPor donde caen las hojas: po\u00e9ticas del retorno en la reci\u00e9n producci\u00f3n fotogr\u00e1fica china\u201d, ponencia presentada al<strong> Primer Congreso Fotocinema<\/strong>. Mal\u00e1ga 29-30\/09\/2021<\/p>\n\n\n\n<p><strong>Figliulo, Roberto<\/strong> (2021) \u201cLa imagen latente: elementos del pensamiento tradicional en la reciente producci\u00f3n fotogr\u00e1fica en China\u201d, ponencia presentada a la Jornada <strong>Re-escribir la historia: la producci\u00f3n cultural china en un contexto transnacional. Fundaci\u00f3n Instituto Confucio de Barcelona, Universitat de Barcelona<\/strong>, Barcelona, 12\/05\/2021<\/p>\n\n\n\n<p><strong>Flores Paz, Rafael Antonio <\/strong>(2021) Ponencia presentada al <strong>XI Simposio Internacional de Investigaci\u00f3n Joven en Traducci\u00f3n, Interpretaci\u00f3n, Estudios Interculturales y Estudios de Asia Oriental.<\/strong> Universidad Aut\u00f3noma de Barcelona, 01\/07\/2021<\/p>\n\n\n\n<p><strong>Flores Paz, Rafael Antonio<\/strong> (2021) Ponencia presentada al <strong>XVII Congreso Internacional de la Asociaci\u00f3n Latinoamericana de Estudios de Asia y \u00c1frica (ALADAA)<\/strong> 2021, Quito, Ecuador, comunicaci\u00f3n oral<\/p>\n\n\n\n<p><strong>Loriguillo-L\u00f3pez, Antonio.<\/strong> \u00abMedia literacy in otaku\u2019s tourism: the case of butaitanbou practitioners\u00bb, <strong>16th International Conference of the EAJS<\/strong>, 27 de agosto de 2021.<\/p>\n\n\n\n<p><strong>Loriguillo-L\u00f3pez, Antonio. <\/strong>\u00abEl anime como contenido perif\u00e9rico de consumo en la rea de las plataformas digitales\u00bb, <strong>II Congreso Internacional de la AEEAO<\/strong>, 2-4 de junio de 2021, Universidad Aut\u00f3noma de Madrid.<\/p>\n\n\n\n<p><strong>S\u00e1iz L\u00f3pez, Amelia<\/strong> (2021) \u201cLas mujeres fuera y dentro del relato\u201d. Ponencia presentada a la <strong>Jornada internacional Re-escribir la historia: la producci\u00f3n cultural china en un contexto transnacional. Fundaci\u00f3 Institut Confuci de Barcelona<\/strong> 12\/05\/2021<\/p>\n\n\n\n<p><strong>S\u00e1iz L\u00f3pez, Amelia <\/strong>(2021). Gender and social class in the Chinese flow to Spain. Ponencia presentada al <strong>4th CERPE Wokshop in Paris \u201cChinese Migrations in Europe: Between Continuity and Renewal\u201d<\/strong>, Paris, 18-19\/11\/2021<\/p>\n\n\n\n<p><strong>S\u00e1iz L\u00f3pez, Amelia<\/strong> (2021). Economic consequences of Covid-19 pandemic on Chinese population in Spain and Anti-racist movement. Ponencia presentada al 2021 <strong>International Society for the Study of Chinese Overseas (ISSCO) Regional Workshop: Effects of COVID on the Chinese Diaspora in Europe and Africa. <\/strong>5\/12\/2021 (online concference)<\/p>\n\n\n\n<p><strong>Shimoyoshi, Ayumi<\/strong>&nbsp;(2021) \u201cJapanese aspect marker -te i- and its multiple interpretations in an aspectual analysis of psych verbs.\u201d Ponencia presentada al <strong>16th International Conference of the European Association for Japanese Studies (EAJS)<\/strong>. 28\/08\/2021. Online Conference.<\/p>\n\n\n\n<p>Soldevila, Victoria, <strong>Jordi Rosell<\/strong>, Lourdes Viladomiu y Karen Hoberg Rosell (2021) Experiencias de agricultura circular, ponencia presentada al <strong>XIII Congreso de Economia Agroalimentaria, Cartagena<\/strong> 01-03\/07\/2021<\/p>\n\n\n\n<p><strong>Torrents, Alba<\/strong>. (2021) Agotamiento de las fuerzas y agencia colectiva en el Antropoceno. <strong>Jornada Internacional Online \u201cCuerpo, Capitalismo y Anarqu\u00eda: El agotamiento como forma de dominaci\u00f3n\u201d.<\/strong> Comunicaci\u00f3n oral. 19\/11\/2021<\/p>\n\n\n\n<p><strong>Torrents, Alba<\/strong> (2021) Interlinking Technical Objects: Media Mix as a milieu for meaning-producing.&nbsp; <strong>Mechademia International Conference-Kyoto 2021<\/strong>. Comunicaci\u00f3n oral. 06\/06\/2021. Online Conference.<\/p>\n\n\n\n<p><strong>Zhang, Qi <\/strong>(2021). \u201cLa Influencia de las Traducciones de Material Publicitario en la Imagen del Propio pa\u00eds\u2014\u2014Tomando como Ejemplo a China\u201d. <strong>XI Simposio Internacional de Investigaci\u00f3n Joven en Traducci\u00f3n, Interpretaci\u00f3n, Estudios Interculturales y Estudios de Asia Oriental.<\/strong> Barcelona, Spain, 30 June 2021.<\/p>\n\n\n\n<h2 class=\"wp-block-heading\">2020<\/h2>\n\n\n\n<p><strong>Colom, Artur<\/strong>; Bidaurratzaga, E.; Mar\u00edn, A (2020) <strong>V Congreso Internacional de Estudios de Desarrollo, Bilbao.<\/strong> Integraci\u00f3n y transformaci\u00f3n econ\u00f3mica en \u00c1frica: potencial y limitaciones del \u00c1rea de Libre Comercio Continental Africana<\/p>\n\n\n\n<p><strong>Loriguillo-L\u00f3pez, Antonio <\/strong>y Sorolla-Romero, T. \u00ab\u00bfDel videojuego a la \u00abvideonovela\u00bb? La representaci\u00f3n de la interactividad en el media mix japon\u00e9s\u00bb, VII Congreso Internacional de la AE-IC \u00abComunicaci\u00f3n y Diversidad\u00bb, Valencia, 28-30 de octubre de 2020.<\/p>\n\n\n\n<p><strong>Lozano-M\u00e9ndez, Artur<\/strong> (2020) \u201cViajes singulares y circulares: traves\u00eda y compa\u00f1\u00eda en la literatura de Mitsuse Ry\u016b y Liu Cixin\u201d. Ponencia presentada al <strong>XIV Congreso Nacional y V Internacional de la Asociaci\u00f3n de Estudios Japoneses en Espa\u00f1a<\/strong>. Universidad de Zaragoza 28, 29 y 30 de octubre de 2020.<\/p>\n\n\n\n<h2 class=\"wp-block-heading\">2019<\/h2>\n\n\n\n<p><strong>Beltr\u00e1n Antol\u00edn, Joaqu\u00edn<\/strong>&nbsp;(2019) \u201cCrimen y castigo. Mujeres chinas en teleseries espa\u00f1olas contempor\u00e1neas\u201d Sesi\u00f3n F6.1 Simposio: La presencia china en la producci\u00f3n cultural espa\u00f1ola. <strong>IX Congreso de Migraciones 2019 \u201cFronteras, exclusiones y movilidades\u201d. <\/strong>Universitat Aut\u00f3noma de Barcelona, 6 de septiembre de 2019.<\/p>\n\n\n\n<p><strong>Beltr\u00e1n Antol\u00edn, Joaqu\u00edn<\/strong>&nbsp;(2019) La metamorfosis de China. A la b\u00fasqueda de nuevos paradigmas pol\u00edticos y sociales. Seminario internacional Asia Oriental: paradigmas emergentes, pol\u00edtica(s), din\u00e1micas socioculturales y sus consecuencias. <strong>Seminario internacional Asia Oriental: paradigmas emergentes, pol\u00edtica(s), din\u00e1micas socioculturales y sus consecuencias. Fundacion CIDOB, Barcelona<\/strong>, 17 de diciembre de 2019.<\/p>\n\n\n\n<p><strong>Colom, Artur<\/strong> (2019) Congress China in Africa and Africa in China: Impact on local societies, economies and cultures, Ghent (B\u00e9lgica). Emerging approaches to economic development in Africa: The Chinese factor<\/p>\n\n\n\n<p><strong>Cubeiro, D\u00eddac <\/strong>(2019) xxxx Ponencia en Wokshop Building the New Silk Road: China&#8217;s Belt and Road Initiative in Context, Trade Routes Section, <strong>International Institute for Asian Studies (IIAS), Leiden University<\/strong>, ICASS Workshop, 16th &#8211; 19th July 2019<\/p>\n\n\n\n<p><strong>Lozano M\u00e9ndez, Artur<\/strong>&nbsp;(2019) \u201cLa est\u00e9tica kawaii como agenciamiento colectivo y su proyecci\u00f3n en el tecno-orientalismo\u201d. <strong>Seminario internacional \u201cAsia Oriental: paradigmas emergentes, pol\u00edtica(s), din\u00e1micas socioculturales y sus consecuencias\u201d, Grupo de Investigaci\u00f3n InterAsia, Barcelona<\/strong>, 17 de diciembre de 2019, CIDOB (Barcelona Centre for International Affairs) Elisabets 12, 08001 Barcelona.<\/p>\n\n\n\n<p><strong>Masdeu Irene<\/strong>&nbsp;and Wang Simeng, \u201cNew mobilities and entrepreneurship trajectories among descendants of Chinese migrants in Europe: a comparative of perspective between Spain and France\u201d,<strong> ISSCO Conference<\/strong> 2019, November 11 \u2013 19, Jinan University, PR China.<\/p>\n\n\n\n<p><strong>Masdeu Torruella, Irene<\/strong>&nbsp;\u201cIm\u00e1genes de la movilidad: experiencias y representaciones de la&nbsp; migraci\u00f3n china\u201d, <strong>IX Congreso de migraciones 2019 Fronteras, exclusiones y movilidades. Universidad Aut\u00f2noma de Barcelona<\/strong>, 4 \u2013 6 de septiembre de 2019.<\/p>\n\n\n\n<p><strong>Masdeu Torruella, Irene<\/strong>&nbsp;\u201cNuevas movilidades y trayectorias laborales entre los j\u00f3venes de&nbsp;&nbsp; origen chino en Espa\u00f1a\u201d, <strong>IX Congreso de migraciones 2019 Fronteras, exclusiones y movilidades. Universidad Aut\u00f2noma de Barcelona<\/strong>, 4 \u2013 6 de septiembre de 2019.<\/p>\n\n\n\n<p><strong>Pita C\u00e9spedes, Gustavo<\/strong>&nbsp;(2019). \u201cEl bushido en el marco de la cultura bushi\u201d en el <strong>seminario \u201cLa cultura pico de Jap\u00f3n: el teatro No, el camino del t\u00e9, el shinto y la poes\u00eda waka\u201d, Universidad de Tsukuba<\/strong> (Dr. Tsushiro Hirofumi) 6 y el 9 de septiembre de 2019. Campus de Tokio de la Universidad de Tsukuba. 7 de septiembre de 2019<\/p>\n\n\n\n<p><strong>S\u00e1iz L\u00f3pez, Amelia<\/strong>&nbsp;21\/03\/2019. Conferencia. \u201cActividad laboral femenina en Jap\u00f3n. Mas all\u00e1 de la ideolog\u00eda de la \u2018buena esposa y sabia madre\u2019\u201d. <strong>Simposio: Mujeres y avance social en Jap\u00f3n, organizado por la Universidad Aut\u00f3noma de Barcelona y el Consulado General del Jap\u00f3n en Barcelona. Universitat Aut\u00f3noma de Barcelona<\/strong>. Barcelona<\/p>\n\n\n\n<p><strong>S\u00e1iz L\u00f3pez, Amelia<\/strong>&nbsp;06\/09\/2019. Ponencia. \u201cMestizaje y adopci\u00f3n en el cine espa\u00f1ol con protagonismo femenino chino\u201d. Sesi\u00f3n F6.1 <strong>Simposio: La presencia china en la producci\u00f3n cultural espa\u00f1ola. IX Congreso de Migraciones 2019 \u201cFronteras, exclusiones y movilidades\u201d. Universitat Aut\u00f3noma de Barcelona<\/strong>, Barcelona.<\/p>\n\n\n\n<p><strong>S\u00e1iz L\u00f3pez, Amelia<\/strong>&nbsp;17\/12\/2019. Ponencia. \u201cEconom\u00eda y g\u00e9nero en China. Nuevos desarrollos de la desigualdad\u201d. <strong>Seminario internacional Asia Oriental: paradigmas emergentes, pol\u00edtica(s), din\u00e1micas socioculturales y sus consecuencias. Fundacion CIDOB, Barcelona.<\/strong><\/p>\n","protected":false},"excerpt":{"rendered":"<p>2023 Figliulo, Roberto&nbsp;(2023). El retorno es el movimiento del curso: fotograf\u00eda de lo no-humano en el contexto del Antropoceno chino.&nbsp;III Congreso Asociaci\u00f3n Espa\u00f1ola de Estudios de Asia Oriental, Universidad de Salamanca, del 7 al 9 de junio. Garc\u00eda, Oscar&nbsp;(2023). \u201cMutual influences and artistic transformations in RPG character designs: the case of Kaneko Kazuma and Soejima [&hellip;]<\/p>\n","protected":false},"author":304,"featured_media":0,"parent":0,"menu_order":0,"comment_status":"closed","ping_status":"closed","template":"","meta":{"footnotes":""},"class_list":["post-63","page","type-page","status-publish","hentry"],"_links":{"self":[{"href":"https:\/\/webs.uab.cat\/nuevosdesarrollosao\/wp-json\/wp\/v2\/pages\/63","targetHints":{"allow":["GET"]}}],"collection":[{"href":"https:\/\/webs.uab.cat\/nuevosdesarrollosao\/wp-json\/wp\/v2\/pages"}],"about":[{"href":"https:\/\/webs.uab.cat\/nuevosdesarrollosao\/wp-json\/wp\/v2\/types\/page"}],"author":[{"embeddable":true,"href":"https:\/\/webs.uab.cat\/nuevosdesarrollosao\/wp-json\/wp\/v2\/users\/304"}],"replies":[{"embeddable":true,"href":"https:\/\/webs.uab.cat\/nuevosdesarrollosao\/wp-json\/wp\/v2\/comments?post=63"}],"version-history":[{"count":25,"href":"https:\/\/webs.uab.cat\/nuevosdesarrollosao\/wp-json\/wp\/v2\/pages\/63\/revisions"}],"predecessor-version":[{"id":410,"href":"https:\/\/webs.uab.cat\/nuevosdesarrollosao\/wp-json\/wp\/v2\/pages\/63\/revisions\/410"}],"wp:attachment":[{"href":"https:\/\/webs.uab.cat\/nuevosdesarrollosao\/wp-json\/wp\/v2\/media?parent=63"}],"curies":[{"name":"wp","href":"https:\/\/api.w.org\/{rel}","templated":true}]}}