{"id":67,"date":"2022-10-05T14:24:05","date_gmt":"2022-10-05T12:24:05","guid":{"rendered":"https:\/\/webs.uab.cat\/nuevosdesarrollosao\/?page_id=67"},"modified":"2025-03-10T19:01:17","modified_gmt":"2025-03-10T17:01:17","slug":"organizacion","status":"publish","type":"page","link":"https:\/\/webs.uab.cat\/nuevosdesarrollosao\/organizacion\/","title":{"rendered":"Organizaci\u00f3n"},"content":{"rendered":"\n<h2 class=\"wp-block-heading\">I Ciclo de Seminarios de Avances de Investigaci\u00f3n InterAsia 2023 (online)<\/h2>\n\n\n\n<div class=\"wp-block-columns is-layout-flex wp-container-core-columns-is-layout-9d6595d7 wp-block-columns-is-layout-flex\">\n<div class=\"wp-block-column is-layout-flow wp-block-column-is-layout-flow\" style=\"flex-basis:33.33%\">\n<figure class=\"wp-block-image size-large\"><img loading=\"lazy\" decoding=\"async\" width=\"724\" height=\"1024\" src=\"https:\/\/webs.uab.cat\/nuevosdesarrollosao\/wp-content\/uploads\/sites\/222\/2023\/04\/Cartel-I-Ciclo-seminarios-InterAsia-_-vertical-724x1024.jpg\" alt=\"\" class=\"wp-image-314\" srcset=\"https:\/\/webs.uab.cat\/nuevosdesarrollosao\/wp-content\/uploads\/sites\/222\/2023\/04\/Cartel-I-Ciclo-seminarios-InterAsia-_-vertical-724x1024.jpg 724w, https:\/\/webs.uab.cat\/nuevosdesarrollosao\/wp-content\/uploads\/sites\/222\/2023\/04\/Cartel-I-Ciclo-seminarios-InterAsia-_-vertical-212x300.jpg 212w, https:\/\/webs.uab.cat\/nuevosdesarrollosao\/wp-content\/uploads\/sites\/222\/2023\/04\/Cartel-I-Ciclo-seminarios-InterAsia-_-vertical-768x1086.jpg 768w, https:\/\/webs.uab.cat\/nuevosdesarrollosao\/wp-content\/uploads\/sites\/222\/2023\/04\/Cartel-I-Ciclo-seminarios-InterAsia-_-vertical-1086x1536.jpg 1086w, https:\/\/webs.uab.cat\/nuevosdesarrollosao\/wp-content\/uploads\/sites\/222\/2023\/04\/Cartel-I-Ciclo-seminarios-InterAsia-_-vertical-1448x2048.jpg 1448w, https:\/\/webs.uab.cat\/nuevosdesarrollosao\/wp-content\/uploads\/sites\/222\/2023\/04\/Cartel-I-Ciclo-seminarios-InterAsia-_-vertical-1200x1697.jpg 1200w, https:\/\/webs.uab.cat\/nuevosdesarrollosao\/wp-content\/uploads\/sites\/222\/2023\/04\/Cartel-I-Ciclo-seminarios-InterAsia-_-vertical-1980x2801.jpg 1980w, https:\/\/webs.uab.cat\/nuevosdesarrollosao\/wp-content\/uploads\/sites\/222\/2023\/04\/Cartel-I-Ciclo-seminarios-InterAsia-_-vertical-scaled.jpg 1810w\" sizes=\"auto, (max-width: 724px) 100vw, 724px\" \/><\/figure>\n\n\n\n<p>Organizado por Joaqu\u00edn Beltr\u00e1n Antol\u00edn y Amelia S\u00e1iz L\u00f3pez, co-Investigadores Principales del proyecto I+D de InterAsia<\/p>\n\n\n\n<p>&#8212;&#8212;&#8212;&#8212;&#8212;&#8212;&#8212;&#8212;&#8212;&#8212;-<\/p>\n\n\n\n<p>\u201cInter\u00c0sia i el nou sistema internacional: Societat, pol\u00edtica i cultura\u201d (2021 SGR 01028) Grupo de Investigaci\u00f3n Consolidado (GRC) de la Generalitat de Catalunya<\/p>\n\n\n\n<p>Proyecto de Investigaci\u00f3n I+D+i del Ministerio de Ciencia e Innovaci\u00f3n, \u201cNew socio-cultural, political and economic developments in East Asia in the global context\u201d (NSPED-EAGC) (PID2019-107861GB-I00, Project id.: 4765107861-107861-4-19)<\/p>\n\n\n\n<p><strong>MCIN\/AEI\/10.13039\/501100011033<\/strong><\/p>\n<\/div>\n\n\n\n<div class=\"wp-block-column is-layout-flow wp-block-column-is-layout-flow\" style=\"flex-basis:66.66%\">\n<p><strong>Primavera<\/strong><\/p>\n\n\n\n<p><strong>24 abril 2023<\/strong> &#8211; <strong>Pensamiento Asia Oriental<\/strong>: Gabriel Terol, Gustavo Pita, Filippo Costantini, Rafael Flores<\/p>\n\n\n\n<p><strong>22 de mayo 2023<\/strong> &#8211;<strong>Arte chino:<\/strong> Laia Manonelles, Mei Huang, Roberto Figliulo<\/p>\n\n\n\n<p><strong>12 de junio 2023<\/strong> &#8211; <strong>Impacto producci\u00f3n cultural Asia Oriental en el exterior<\/strong>: Fang Shuxin, Huang Junyu, Maria del Valle Guerra, Javiera Reyes<\/p>\n\n\n\n<p><strong>26 de junio 2023<\/strong> &#8211; <strong>Sociedad china (1): Transformaciones socioecon\u00f3micas<\/strong>: Buhamo Budi, Marina Shafir<\/p>\n\n\n\n<p>&#8212;&#8212;&#8212;&#8212;&#8212;&#8212;&#8212;&#8212;&#8212;&#8212;&#8212;&#8212;&#8212;&#8212;&#8212;&#8212;&#8212;&#8212;&#8212;&#8212;&#8212;<\/p>\n\n\n\n<p><strong>Oto\u00f1o<\/strong><\/p>\n\n\n\n<p><strong>18 de septiembre 2023<\/strong> &#8211; <strong>Sociedad china (2): Consumo y clase media<\/strong>: Amelia S\u00e1iz, Alfonso S\u00e1nchez, Sun Xuewei<\/p>\n\n\n\n<p><strong>2 de octubre 2023<\/strong> &#8211; <strong>Migraci\u00f3n china<\/strong>: Joaqu\u00edn Beltr\u00e1n, Irene Masdeu, Laura Lamas, Wang Zigang<\/p>\n\n\n\n<p><strong>9 de octubre 2023<\/strong> &#8211; <strong>Din\u00e1micas de la industria de la cultura popular japonesa<\/strong>: Antonio Loriguillo, Minerva Terradas, Oscar Garc\u00eda<\/p>\n\n\n\n<p><strong>16 de octubre 2023<\/strong> &#8211; <strong>Intersecciones de pensamiento y sociedad en la cultura popular japonesa<\/strong>: Alba Torrents, Ivette Abul\u00ed, Laura Montero<\/p>\n\n\n\n<p><strong>30 de octubre 2023<\/strong> &#8211; <strong>Econom\u00eda china: <\/strong>Artur Colom, D\u00eddac Cubeiro<\/p>\n\n\n\n<p><strong>8 de mayo 2023<\/strong> &#8211; <strong>Relaciones China-Las Am\u00e9ricas y la Iniciativa de la Franja y la Ruta<\/strong>: Qi Zhang, Nora Sainz, Alejandra Pe\u00f1a &nbsp;<\/p>\n\n\n\n<p><strong>13 de noviembre 2023<\/strong> &#8211; <strong>Interpretaciones de la lengua y literatura japonesa:<\/strong> Maite Rodr\u00edguez, Ayumi Shimoyoshi, Artur Lozano<\/p>\n\n\n\n<p><strong>27 de noviembre 2023<\/strong> &#8211; <strong>Geopol\u00edtica china<\/strong>:  Minkang Zhou, Just Castillo, Andr\u00e9s Herrera, Francesc Serra<\/p>\n\n\n\n<p><\/p>\n<\/div>\n<\/div>\n\n\n\n<h2 class=\"wp-block-heading\">III Seminario internacional sobre migraciones chinas en Espa\u00f1a<\/h2>\n\n\n\n<p>15 y 16 de diciembre de 2022<br>Universitat Aut\u00f2noma de Barcelona<\/p>\n\n\n\n<p>Desde la \u00faltima edici\u00f3n de este seminario internacional de 2017, la investigaci\u00f3n sobre las migraciones chinas en Espa\u00f1a ha aumentado significativamente, al mismo tiempo que hemos sido testigos de nuevos fen\u00f3menos de gran impacto como la pandemia Covid-19 y el aumento de la tensi\u00f3n internacional con amplias repercusiones sobre China y su posici\u00f3n en el mundo, y todas las consecuencias que afectan a la globalizaci\u00f3n y al imaginario establecido sobre China. La migraci\u00f3n internacional china y su presencia en Espa\u00f1a no han sido ajenas a estas nuevas circunstancias que se\u00f1alan un cambio de ciclo en su evoluci\u00f3n y en los v\u00ednculos transnacionales entre ambos pa\u00edses.<br>En este contexto, el seminario tiene como objetivo dar a conocer las investigaciones que se est\u00e1n desarrollando en la actualidad para examinar los cambios y las continuidades en el \u00e1mbito de la migraci\u00f3n china en Espa\u00f1a y detectar las necesidades investigadoras para orientar las pol\u00edticas p\u00fablicas actuales.<\/p>\n\n\n\n<p><strong>MCIN\/AEI\/10.13039\/501100011033<\/strong><\/p>\n\n\n\n<p>Web del seminario: <a href=\"https:\/\/webs.uab.cat\/migracioneschinas\/\">https:\/\/webs.uab.cat\/migracioneschinas\/<\/a><\/p>\n","protected":false},"excerpt":{"rendered":"<p>I Ciclo de Seminarios de Avances de Investigaci\u00f3n InterAsia 2023 (online) Organizado por Joaqu\u00edn Beltr\u00e1n Antol\u00edn y Amelia S\u00e1iz L\u00f3pez, co-Investigadores Principales del proyecto I+D de InterAsia &#8212;&#8212;&#8212;&#8212;&#8212;&#8212;&#8212;&#8212;&#8212;&#8212;- \u201cInter\u00c0sia i el nou sistema internacional: Societat, pol\u00edtica i cultura\u201d (2021 SGR 01028) Grupo de Investigaci\u00f3n Consolidado (GRC) de la Generalitat de Catalunya Proyecto de Investigaci\u00f3n I+D+i [&hellip;]<\/p>\n","protected":false},"author":304,"featured_media":0,"parent":0,"menu_order":0,"comment_status":"closed","ping_status":"closed","template":"","meta":{"footnotes":""},"class_list":["post-67","page","type-page","status-publish","hentry"],"_links":{"self":[{"href":"https:\/\/webs.uab.cat\/nuevosdesarrollosao\/wp-json\/wp\/v2\/pages\/67","targetHints":{"allow":["GET"]}}],"collection":[{"href":"https:\/\/webs.uab.cat\/nuevosdesarrollosao\/wp-json\/wp\/v2\/pages"}],"about":[{"href":"https:\/\/webs.uab.cat\/nuevosdesarrollosao\/wp-json\/wp\/v2\/types\/page"}],"author":[{"embeddable":true,"href":"https:\/\/webs.uab.cat\/nuevosdesarrollosao\/wp-json\/wp\/v2\/users\/304"}],"replies":[{"embeddable":true,"href":"https:\/\/webs.uab.cat\/nuevosdesarrollosao\/wp-json\/wp\/v2\/comments?post=67"}],"version-history":[{"count":5,"href":"https:\/\/webs.uab.cat\/nuevosdesarrollosao\/wp-json\/wp\/v2\/pages\/67\/revisions"}],"predecessor-version":[{"id":445,"href":"https:\/\/webs.uab.cat\/nuevosdesarrollosao\/wp-json\/wp\/v2\/pages\/67\/revisions\/445"}],"wp:attachment":[{"href":"https:\/\/webs.uab.cat\/nuevosdesarrollosao\/wp-json\/wp\/v2\/media?parent=67"}],"curies":[{"name":"wp","href":"https:\/\/api.w.org\/{rel}","templated":true}]}}