{"id":101,"date":"2014-02-14T12:47:29","date_gmt":"2014-02-14T12:47:29","guid":{"rendered":"http:\/\/blogs.uab.cat\/observatoriconvivenciaicivisme\/?page_id=101"},"modified":"2014-02-14T12:47:29","modified_gmt":"2014-02-14T12:47:29","slug":"noticies-sobre-civisme","status":"publish","type":"page","link":"https:\/\/webs.uab.cat\/observatoriconvivenciaicivisme\/noticies-sobre-civisme\/","title":{"rendered":"Noticies sobre civisme"},"content":{"rendered":"<p>Aquest \u00e9s un espai per penjar not\u00edcies relacionades amb el &#8220;Civisme i la Conviv\u00e8ncia&#8221; a Catalunya. Posteriorment anirem realitzant petites reflexions sobre el cas.<\/p>\n<p>La finalitat de penjar not\u00edcies, \u00e9s la de proporcionar una visi\u00f3 real del que succeeix en l&#8217;espai p\u00fablic de les nostres ciutats i amb aix\u00f2 aportar solucions viables i efectives .<\/p>\n<li><a href=\"http:\/\/www.elperiodico.com\/es\/noticias\/mas-barcelona\/limpieza-pintadas-sera-mas-sostenible-ambiental-socialmente-5361223\">La limpieza de pintadas ser\u00e1 m\u00e1s sostenible ambiental y socialmente<\/a><\/li>\n<li><a href=\"http:\/\/www.lavanguardia.com\/local\/barcelona\/20141124\/54420656983\/sarria-sant-gervasi-distrito-barcelona-mejor-vive.html\" title=\"Sarri\u00e0-Sant Gervasi, el distrito de Barcelona donde mejor se vive\">Sarri\u00e0-Sant Gervasi, el districte de Barcelona on millor es viu<\/a><\/li>\n<li><a href=\"http:\/\/ccaa.elpais.com\/ccaa\/2015\/12\/14\/catalunya\/1450082607_652541.html\" title=\"La S\u00edndica de Barcelona alerta de la privatizaci\u00f3n del espacio p\u00fablico\">La S\u00edndica de Barcelona alerta de la privatizaci\u00f3n del espacio p\u00fablico<\/a><\/li>\n<li><a href=\"http:\/\/www.elperiodico.com\/es\/noticias\/sociedad\/mirones-aprovechan-impunidad-legal-para-robar-imagenes-desnudos-playas-barcelona-5333863\">Mirons a l&#8217;espai p\u00fablic<\/a><\/li>\n<li><a href=\"http:\/\/www.lavanguardia.com\/internacional\/20160822\/404123793916\/yihadista-pide-perdon-primer-juicio-destruccion-patrimonio-cultural.html\">Primer judici a un gihadista per la destrucci\u00f3 patrimoni cultural<\/a><\/li>\n","protected":false},"excerpt":{"rendered":"<p>Aquest \u00e9s un espai per penjar not\u00edcies relacionades amb el &#8220;Civisme i la Conviv\u00e8ncia&#8221; a Catalunya. Posteriorment anirem realitzant petites reflexions sobre el cas. La finalitat de penjar not\u00edcies, \u00e9s la de proporcionar una visi\u00f3 real del que succeeix en l&#8217;espai p\u00fablic de les nostres ciutats i amb aix\u00f2 aportar solucions viables i efectives . [&hellip;]<\/p>\n","protected":false},"author":1630,"featured_media":0,"parent":0,"menu_order":0,"comment_status":"open","ping_status":"open","template":"","meta":{"footnotes":""},"class_list":["post-101","page","type-page","status-publish","hentry"],"_links":{"self":[{"href":"https:\/\/webs.uab.cat\/observatoriconvivenciaicivisme\/wp-json\/wp\/v2\/pages\/101","targetHints":{"allow":["GET"]}}],"collection":[{"href":"https:\/\/webs.uab.cat\/observatoriconvivenciaicivisme\/wp-json\/wp\/v2\/pages"}],"about":[{"href":"https:\/\/webs.uab.cat\/observatoriconvivenciaicivisme\/wp-json\/wp\/v2\/types\/page"}],"author":[{"embeddable":true,"href":"https:\/\/webs.uab.cat\/observatoriconvivenciaicivisme\/wp-json\/wp\/v2\/users\/1630"}],"replies":[{"embeddable":true,"href":"https:\/\/webs.uab.cat\/observatoriconvivenciaicivisme\/wp-json\/wp\/v2\/comments?post=101"}],"version-history":[{"count":0,"href":"https:\/\/webs.uab.cat\/observatoriconvivenciaicivisme\/wp-json\/wp\/v2\/pages\/101\/revisions"}],"wp:attachment":[{"href":"https:\/\/webs.uab.cat\/observatoriconvivenciaicivisme\/wp-json\/wp\/v2\/media?parent=101"}],"curies":[{"name":"wp","href":"https:\/\/api.w.org\/{rel}","templated":true}]}}