{"id":1029,"date":"2013-11-13T11:37:11","date_gmt":"2013-11-13T11:37:11","guid":{"rendered":"http:\/\/blogs.uab.cat\/observatoriconvivenciaicivisme\/?page_id=2"},"modified":"2013-11-13T11:37:11","modified_gmt":"2013-11-13T11:37:11","slug":"pagina-exemple","status":"publish","type":"page","link":"https:\/\/webs.uab.cat\/observatoriconvivenciaicivisme\/pagina-exemple\/","title":{"rendered":"Presentaci\u00f3 de l&#8217;OBSERVATORI DE LA CONVIV\u00c8NCIA I EL CIVISME A CATALUNYA."},"content":{"rendered":"<h1 style=\"text-align: justify\"><strong style=\"font-size: 16px\"><span style=\"color: #ff6600\">La necessitat d&#8217;un \u201cObservatori de la conviv\u00e8ncia i el civisme a Catalunya\u00a0<\/span><\/strong><\/h1>\n<p style=\"text-align: justify\">\u00c9s important analitzar els elements jur\u00eddics que es desenvolupen a l&#8217;Espai P\u00fablic, que es fonament en ra\u00f3 a la conviv\u00e8ncia c\u00edvica dels ciutadans, principis i valors com s\u00f3n la toler\u00e0ncia, la reciprocitat i el respecte, sota el resguard d&#8217;una moral col\u00b7lectivament reconeguda i acceptada que permet crear lla\u00e7os del que Arist\u00f2til va dir &#8220;l&#8217;Amistat c\u00edvica&#8221;. Aquests elements s\u00f3n clarament generals i inspiradors dels drets fonamentals en ra\u00f3 de garantir una protecci\u00f3 de l&#8217;individu front la intervenci\u00f3 de l&#8217;estat, per\u00f2 tamb\u00e9 hi ha elements que s&#8217;originarien en ra\u00f3 de la intervenci\u00f3 de l&#8217;Estat i la seva potestat per intervenir i regular els comportaments dels seus ciutadans amb la finalitat de preservar i fer efectius els drets fonamentals, anteposant com la seva fi el \u201cben com\u00fa\u201d. De tal forma, que l&#8217;Estat \u00e9s el salvaguarda encarregat de la realitzaci\u00f3 dels valors necessaris per a la conviv\u00e8ncia c\u00edvica, tals com la llibertat, la just\u00edcia, la seguretat i els serveis p\u00fablics.<\/p>\n<p style=\"text-align: justify\">Aquests elements de l&#8217;espai p\u00fablic pertanyen als valors que es constitueixen a la base de les finalitats que l&#8217;\u00e9sser hum\u00e0 pret\u00e9n aconseguir en viure en societat, finalitats que no aconseguiria a\u00efllat de la vida comuna; tal com assenyala *Isaiah Berlin \u201cla llibertat d&#8217;alguns ha de dependre de les restriccions d&#8217;uns altres\u201d.<\/p>\n<p style=\"text-align: justify\">A m\u00e9s \u00e9s important considerar els canvis constants en la nostra societat plural, canvis que impliquen noves formes d&#8217;organitzaci\u00f3 social i pol\u00edtica, entre ells cal canvis generats arran de la crisi econ\u00f2mica i els diversos moviments ciutadans que ha desencadenat, els canvis culturals producte de la immigraci\u00f3 i pel que fa al m\u00f3n jur\u00eddic la propera entrada en vigor de la nova \u201cLlei de Seguretat Ciutadana\u201d, tot aix\u00f2 s\u00f3n canvis importants que requereixen de l&#8217;an\u00e0lisi jur\u00eddica i social.<\/p>\n<p style=\"text-align: justify\">Per aix\u00f2, l&#8217; \u201cObservatori de conviv\u00e8ncia i civisme a Catalunya\u201d neix com una eina d&#8217;an\u00e0lisi social i principalment jur\u00eddic dels m\u00faltiples comportaments que es manifesta en els \u201cEspais P\u00fablics\u201d amb motiu de la conviv\u00e8ncia ciutadana del dia a dia.<\/p>\n<p style=\"text-align: justify\"><strong><span style=\"color: #ff6600\">La nostra finalitat.<\/span><\/strong><\/p>\n<p style=\"text-align: justify\">La finalitat de l&#8217; \u201cObservatori de Conviv\u00e8ncia i Civisme a Catalunya\u201d \u00e9s ser un referent en el diagn\u00f2stic de l&#8217;estat de la conviv\u00e8ncia en els espais p\u00fablics de Catalunya, en el que refereix a l&#8217;an\u00e0lisi de les \u201cOrdenances de Civisme i conviv\u00e8ncia\u201d i aportar possibles millores de forma efica\u00e7 i senzilla per ser propers al ciutad\u00e0 usuari dels Espais P\u00fablics i a qui s&#8217;ha de donar protecci\u00f3 i assegurar el compliment dels seus Drets Fonamentals.<\/p>\n<p style=\"text-align: justify\"><strong><span style=\"color: #ff6600\">Objectius:<\/span><\/strong><\/p>\n<p style=\"text-align: justify\">1) An\u00e0lisi sistem\u00e0tica de les ordenances de civisme, amb la intenci\u00f3 de fer un balan\u00e7 de conductes c\u00edviques i inc\u00edviques, i els valors socials dominants.<\/p>\n<p style=\"text-align: justify\">\u00a02) Explicitar la import\u00e0ncia de l&#8217;espai p\u00fablic en una societat democr\u00e0tica. Estudiar aix\u00ed els conflictes que es donen amb els diferents drets fonamentals de les persones.<\/p>\n<p style=\"text-align: justify\">\u00a03) Fer propostes normatives per al futur (Codi de\u00a0bones\u00a0pr\u00e0ctiques civiques).<\/p>\n<p style=\"text-align: justify\">\u00a04) Desenvolupar aplicatius per denuncies,\u00a0facilitar\u00a0les funciones dels agents c\u00edvcs i la pol\u00edcia, i en el seu cas sancions o mediacions. En col.laboraci\u00f3 amb l&#8217;IDT.<\/p>\n<p style=\"text-align: justify\">\u00a0<strong>Equip hum\u00e0<\/strong><\/p>\n<p style=\"text-align: justify\"><a href=\"https:\/\/webs.uab.cat\/observatoriconvivenciaicivisme\/wp-content\/uploads\/sites\/290\/2013\/11\/JOAN-LLUIS.jpg\"><img loading=\"lazy\" decoding=\"async\" class=\"alignnone size-medium wp-image-70\" src=\"https:\/\/webs.uab.cat\/observatoriconvivenciaicivisme\/wp-content\/uploads\/sites\/290\/2013\/11\/JOAN-LLUIS-219x300.jpg\" alt=\"JOAN LLUIS\" width=\"219\" height=\"300\" srcset=\"https:\/\/webs.uab.cat\/observatoriconvivenciaicivisme\/wp-content\/uploads\/sites\/290\/2013\/11\/JOAN-LLUIS-219x300.jpg 219w, https:\/\/webs.uab.cat\/observatoriconvivenciaicivisme\/wp-content\/uploads\/sites\/290\/2013\/11\/JOAN-LLUIS.jpg 614w\" sizes=\"auto, (max-width: 219px) 100vw, 219px\" \/><\/a><\/p>\n<p style=\"text-align: justify\">\u00a0Director: Dr. Joan Llu\u00eds P\u00e9rez Francesch<\/p>\n<p style=\"text-align: justify\"><a href=\"https:\/\/webs.uab.cat\/observatoriconvivenciaicivisme\/wp-content\/uploads\/sites\/290\/2013\/11\/272363_1664372628116_4948908_o.jpg\"><img loading=\"lazy\" decoding=\"async\" class=\"alignnone size-medium wp-image-69\" src=\"https:\/\/webs.uab.cat\/observatoriconvivenciaicivisme\/wp-content\/uploads\/sites\/290\/2013\/11\/272363_1664372628116_4948908_o-215x300.jpg\" alt=\"272363_1664372628116_4948908_o\" width=\"215\" height=\"300\" srcset=\"https:\/\/webs.uab.cat\/observatoriconvivenciaicivisme\/wp-content\/uploads\/sites\/290\/2013\/11\/272363_1664372628116_4948908_o-215x300.jpg 215w, https:\/\/webs.uab.cat\/observatoriconvivenciaicivisme\/wp-content\/uploads\/sites\/290\/2013\/11\/272363_1664372628116_4948908_o-734x1024.jpg 734w, https:\/\/webs.uab.cat\/observatoriconvivenciaicivisme\/wp-content\/uploads\/sites\/290\/2013\/11\/272363_1664372628116_4948908_o-768x1071.jpg 768w, https:\/\/webs.uab.cat\/observatoriconvivenciaicivisme\/wp-content\/uploads\/sites\/290\/2013\/11\/272363_1664372628116_4948908_o.jpg 1028w\" sizes=\"auto, (max-width: 215px) 100vw, 215px\" \/><\/a><\/p>\n<p style=\"text-align: justify\">\u00a0Col.laborador: Dr. Tom\u00e1s Gil M\u00e1rquez<\/p>\n<p style=\"text-align: justify\"><a href=\"https:\/\/webs.uab.cat\/observatoriconvivenciaicivisme\/wp-content\/uploads\/sites\/290\/2013\/11\/404519_10151414198362162_786563417_n.jpg\"><img loading=\"lazy\" decoding=\"async\" class=\"alignnone size-full wp-image-71\" src=\"https:\/\/webs.uab.cat\/observatoriconvivenciaicivisme\/wp-content\/uploads\/sites\/290\/2013\/11\/404519_10151414198362162_786563417_n.jpg\" alt=\"404519_10151414198362162_786563417_n\" width=\"207\" height=\"255\" \/><\/a><\/p>\n<p style=\"text-align: justify\">\u00a0Col.laboradora: Sra. Paula Esther Ruiz Alfaro<\/p>\n","protected":false},"excerpt":{"rendered":"<p>La necessitat d&#8217;un \u201cObservatori de la conviv\u00e8ncia i el civisme a Catalunya\u00a0 \u00c9s important analitzar els elements jur\u00eddics que es desenvolupen a l&#8217;Espai P\u00fablic, que es fonament en ra\u00f3 a la conviv\u00e8ncia c\u00edvica dels ciutadans, principis i valors com s\u00f3n la toler\u00e0ncia, la reciprocitat i el respecte, sota el resguard d&#8217;una moral col\u00b7lectivament reconeguda i [&hellip;]<\/p>\n","protected":false},"author":1630,"featured_media":0,"parent":0,"menu_order":1,"comment_status":"open","ping_status":"open","template":"","meta":{"footnotes":""},"class_list":["post-1029","page","type-page","status-publish","hentry"],"_links":{"self":[{"href":"https:\/\/webs.uab.cat\/observatoriconvivenciaicivisme\/wp-json\/wp\/v2\/pages\/1029","targetHints":{"allow":["GET"]}}],"collection":[{"href":"https:\/\/webs.uab.cat\/observatoriconvivenciaicivisme\/wp-json\/wp\/v2\/pages"}],"about":[{"href":"https:\/\/webs.uab.cat\/observatoriconvivenciaicivisme\/wp-json\/wp\/v2\/types\/page"}],"author":[{"embeddable":true,"href":"https:\/\/webs.uab.cat\/observatoriconvivenciaicivisme\/wp-json\/wp\/v2\/users\/1630"}],"replies":[{"embeddable":true,"href":"https:\/\/webs.uab.cat\/observatoriconvivenciaicivisme\/wp-json\/wp\/v2\/comments?post=1029"}],"version-history":[{"count":0,"href":"https:\/\/webs.uab.cat\/observatoriconvivenciaicivisme\/wp-json\/wp\/v2\/pages\/1029\/revisions"}],"wp:attachment":[{"href":"https:\/\/webs.uab.cat\/observatoriconvivenciaicivisme\/wp-json\/wp\/v2\/media?parent=1029"}],"curies":[{"name":"wp","href":"https:\/\/api.w.org\/{rel}","templated":true}]}}