{"id":118,"date":"2014-02-14T13:03:25","date_gmt":"2014-02-14T13:03:25","guid":{"rendered":"http:\/\/blogs.uab.cat\/observatoriconvivenciaicivisme\/?page_id=118"},"modified":"2014-02-14T13:03:25","modified_gmt":"2014-02-14T13:03:25","slug":"bones-practiques","status":"publish","type":"page","link":"https:\/\/webs.uab.cat\/observatoriconvivenciaicivisme\/pagina-exemple\/bones-practiques\/","title":{"rendered":"Bones practiques"},"content":{"rendered":"<p style=\"text-align: justify\">Amb &#8220;bones pr\u00e0ctiques&#8221; volem una s\u00e8rie de &#8220;Dec\u00e0legs&#8221; sobre el comportament c\u00edvic en realitzar determinades activitats o funcions, amb la finalitat d&#8217;aportar una eina que sigui primordial ment senzilla per tenir un llenguatge com\u00fa i no abstracte que permet identificar-se amb el ciutad\u00e0 dempeus i les seves activitats comunes, per\u00f2 a m\u00e9s una eina pr\u00e0ctica quan el nostre dec\u00e0legs estan pensats per i per als ciutadans, \u00e9s a dir, s\u00f3n basats en pr\u00e0ctiques quotidianes i situacions del dia a dia i s\u00f3n de f\u00e0cil \u00fas.<\/p>\n<p style=\"text-align: justify\"><a href=\"https:\/\/webs.uab.cat\/observatoriconvivenciaicivisme\/wp-content\/uploads\/sites\/290\/2014\/02\/incivismo.jpg\"><img loading=\"lazy\" decoding=\"async\" class=\"alignnone size-medium wp-image-54\" alt=\"incivismo\" src=\"https:\/\/webs.uab.cat\/observatoriconvivenciaicivisme\/wp-content\/uploads\/sites\/290\/2014\/02\/incivismo-300x141.jpg\" width=\"300\" height=\"141\" \/><\/a><\/p>\n","protected":false},"excerpt":{"rendered":"<p>Amb &#8220;bones pr\u00e0ctiques&#8221; volem una s\u00e8rie de &#8220;Dec\u00e0legs&#8221; sobre el comportament c\u00edvic en realitzar determinades activitats o funcions, amb la finalitat d&#8217;aportar una eina que sigui primordial ment senzilla per tenir un llenguatge com\u00fa i no abstracte que permet identificar-se amb el ciutad\u00e0 dempeus i les seves activitats comunes, per\u00f2 a m\u00e9s una eina pr\u00e0ctica [&hellip;]<\/p>\n","protected":false},"author":1630,"featured_media":0,"parent":1029,"menu_order":1,"comment_status":"open","ping_status":"open","template":"","meta":{"footnotes":""},"class_list":["post-118","page","type-page","status-publish","hentry"],"_links":{"self":[{"href":"https:\/\/webs.uab.cat\/observatoriconvivenciaicivisme\/wp-json\/wp\/v2\/pages\/118","targetHints":{"allow":["GET"]}}],"collection":[{"href":"https:\/\/webs.uab.cat\/observatoriconvivenciaicivisme\/wp-json\/wp\/v2\/pages"}],"about":[{"href":"https:\/\/webs.uab.cat\/observatoriconvivenciaicivisme\/wp-json\/wp\/v2\/types\/page"}],"author":[{"embeddable":true,"href":"https:\/\/webs.uab.cat\/observatoriconvivenciaicivisme\/wp-json\/wp\/v2\/users\/1630"}],"replies":[{"embeddable":true,"href":"https:\/\/webs.uab.cat\/observatoriconvivenciaicivisme\/wp-json\/wp\/v2\/comments?post=118"}],"version-history":[{"count":0,"href":"https:\/\/webs.uab.cat\/observatoriconvivenciaicivisme\/wp-json\/wp\/v2\/pages\/118\/revisions"}],"up":[{"embeddable":true,"href":"https:\/\/webs.uab.cat\/observatoriconvivenciaicivisme\/wp-json\/wp\/v2\/pages\/1029"}],"wp:attachment":[{"href":"https:\/\/webs.uab.cat\/observatoriconvivenciaicivisme\/wp-json\/wp\/v2\/media?parent=118"}],"curies":[{"name":"wp","href":"https:\/\/api.w.org\/{rel}","templated":true}]}}