{"id":230,"date":"2014-03-03T12:39:18","date_gmt":"2014-03-03T12:39:18","guid":{"rendered":"http:\/\/blogs.uab.cat\/observatoriconvivenciaicivisme\/?page_id=230"},"modified":"2014-03-03T12:39:18","modified_gmt":"2014-03-03T12:39:18","slug":"accio-humana-i-responsabilitat-social-de-la-persona-deu-proposicions","status":"publish","type":"page","link":"https:\/\/webs.uab.cat\/observatoriconvivenciaicivisme\/materials\/accio-humana-i-responsabilitat-social-de-la-persona-deu-proposicions\/","title":{"rendered":"Acci\u00f3 humana i responsabilitat social de la persona.Deu proposicions"},"content":{"rendered":"<p>&nbsp;<\/p>\n<p>L\u2019acci\u00f3 humana s\u2019ha d\u2019orientar a \u201cfer el b\u00e9\u201d als altres, i a un mateix, la qual cosa comporta saber qu\u00e8 \u00e9s el b\u00e9 com\u00fa, que no \u00e9s la suma dels interessos particulars sin\u00f3 un inter\u00e8s general, del cos social, de la comunitat. Tampoc \u00e9s necess\u00e0riament un b\u00e9 determinat per la majoria i prou, at\u00e8s que caldr\u00e0 respectar l\u2019exist\u00e8ncia de minories, \u00f2bviament com a tals minories. D\u2019altra banda, l\u2019acci\u00f3 humana s\u2019orienta molt sovint al \u201ctenir\u201d i no sempre a l\u2019\u201d\u00e9sser\u201d, i sembla \u00fatil reorientar la seva prioritat envers el \u201cben\u00e9sser\u201d m\u00e9s que el benestar. A m\u00e9s \u00e9s important l\u2019omissi\u00f3, orientada a no molestar, a deixar fer, o fins i tot la \u201ccomissi\u00f3 per omissi\u00f3\u201d en casos d\u2019especial vinculaci\u00f3 d\u2019una persona amb un altra.<\/p>\n<p>Per veure tot l&#8217;article d\u00f3na clic aqu\u00ed:<\/p>\n<p><a href=\"http:\/\/http:\/\/issuu.com\/mouniercatalunya\/docs\/revista_33\">Revista Calidoscopi 33<\/a><\/p>\n","protected":false},"excerpt":{"rendered":"<p>&nbsp; L\u2019acci\u00f3 humana s\u2019ha d\u2019orientar a \u201cfer el b\u00e9\u201d als altres, i a un mateix, la qual cosa comporta saber qu\u00e8 \u00e9s el b\u00e9 com\u00fa, que no \u00e9s la suma dels interessos particulars sin\u00f3 un inter\u00e8s general, del cos social, de la comunitat. Tampoc \u00e9s necess\u00e0riament un b\u00e9 determinat per la majoria i prou, at\u00e8s [&hellip;]<\/p>\n","protected":false},"author":1630,"featured_media":0,"parent":217,"menu_order":0,"comment_status":"open","ping_status":"open","template":"","meta":{"footnotes":""},"class_list":["post-230","page","type-page","status-publish","hentry"],"_links":{"self":[{"href":"https:\/\/webs.uab.cat\/observatoriconvivenciaicivisme\/wp-json\/wp\/v2\/pages\/230","targetHints":{"allow":["GET"]}}],"collection":[{"href":"https:\/\/webs.uab.cat\/observatoriconvivenciaicivisme\/wp-json\/wp\/v2\/pages"}],"about":[{"href":"https:\/\/webs.uab.cat\/observatoriconvivenciaicivisme\/wp-json\/wp\/v2\/types\/page"}],"author":[{"embeddable":true,"href":"https:\/\/webs.uab.cat\/observatoriconvivenciaicivisme\/wp-json\/wp\/v2\/users\/1630"}],"replies":[{"embeddable":true,"href":"https:\/\/webs.uab.cat\/observatoriconvivenciaicivisme\/wp-json\/wp\/v2\/comments?post=230"}],"version-history":[{"count":0,"href":"https:\/\/webs.uab.cat\/observatoriconvivenciaicivisme\/wp-json\/wp\/v2\/pages\/230\/revisions"}],"up":[{"embeddable":true,"href":"https:\/\/webs.uab.cat\/observatoriconvivenciaicivisme\/wp-json\/wp\/v2\/pages\/217"}],"wp:attachment":[{"href":"https:\/\/webs.uab.cat\/observatoriconvivenciaicivisme\/wp-json\/wp\/v2\/media?parent=230"}],"curies":[{"name":"wp","href":"https:\/\/api.w.org\/{rel}","templated":true}]}}