{"id":249,"date":"2014-03-03T12:58:00","date_gmt":"2014-03-03T12:58:00","guid":{"rendered":"http:\/\/blogs.uab.cat\/observatoriconvivenciaicivisme\/?page_id=249"},"modified":"2014-03-03T12:58:00","modified_gmt":"2014-03-03T12:58:00","slug":"revisar-lordenanca-de-civisme-xavier-trias","status":"publish","type":"page","link":"https:\/\/webs.uab.cat\/observatoriconvivenciaicivisme\/noticies-sobre-civisme\/revisar-lordenanca-de-civisme-xavier-trias\/","title":{"rendered":"Revisar l&#8217;ordenan\u00e7a de civisme a BCN"},"content":{"rendered":"<p>L&#8217;alcalde de Barcelona, Xavier Trias, ha obert la porta a revisar l&#8217;ordenan\u00e7a de civisme si hi ha un &#8220;consens important&#8221;, despr\u00e9s de la sol\u00b7licitud que va fer sobre aquesta q\u00fcesti\u00f3 aquest dimarts la S\u00edndica de Greuges de la capital catalana, Maria Assumpci\u00f3 Vil\u00e0, durant la presentaci\u00f3 del seu informe anual d&#8217;actuacions.<\/p>\n<p>Per veure le noticie:<a href=\"http:\/\/www.europapress.cat\/societat\/noticia-trias-obre-porta-revisar-lordenanca-civisme-si-hi-ampli-consens-20140212161731.html\">http:\/\/www.europapress.cat\/societat\/noticia-trias-obre-porta-revisar-lordenanca-civisme-si-hi-ampli-consens-20140212161731.html<\/a><\/p>\n","protected":false},"excerpt":{"rendered":"<p>L&#8217;alcalde de Barcelona, Xavier Trias, ha obert la porta a revisar l&#8217;ordenan\u00e7a de civisme si hi ha un &#8220;consens important&#8221;, despr\u00e9s de la sol\u00b7licitud que va fer sobre aquesta q\u00fcesti\u00f3 aquest dimarts la S\u00edndica de Greuges de la capital catalana, Maria Assumpci\u00f3 Vil\u00e0, durant la presentaci\u00f3 del seu informe anual d&#8217;actuacions. Per veure le noticie:http:\/\/www.europapress.cat\/societat\/noticia-trias-obre-porta-revisar-lordenanca-civisme-si-hi-ampli-consens-20140212161731.html<\/p>\n","protected":false},"author":1630,"featured_media":0,"parent":101,"menu_order":0,"comment_status":"open","ping_status":"open","template":"","meta":{"footnotes":""},"class_list":["post-249","page","type-page","status-publish","hentry"],"_links":{"self":[{"href":"https:\/\/webs.uab.cat\/observatoriconvivenciaicivisme\/wp-json\/wp\/v2\/pages\/249","targetHints":{"allow":["GET"]}}],"collection":[{"href":"https:\/\/webs.uab.cat\/observatoriconvivenciaicivisme\/wp-json\/wp\/v2\/pages"}],"about":[{"href":"https:\/\/webs.uab.cat\/observatoriconvivenciaicivisme\/wp-json\/wp\/v2\/types\/page"}],"author":[{"embeddable":true,"href":"https:\/\/webs.uab.cat\/observatoriconvivenciaicivisme\/wp-json\/wp\/v2\/users\/1630"}],"replies":[{"embeddable":true,"href":"https:\/\/webs.uab.cat\/observatoriconvivenciaicivisme\/wp-json\/wp\/v2\/comments?post=249"}],"version-history":[{"count":0,"href":"https:\/\/webs.uab.cat\/observatoriconvivenciaicivisme\/wp-json\/wp\/v2\/pages\/249\/revisions"}],"up":[{"embeddable":true,"href":"https:\/\/webs.uab.cat\/observatoriconvivenciaicivisme\/wp-json\/wp\/v2\/pages\/101"}],"wp:attachment":[{"href":"https:\/\/webs.uab.cat\/observatoriconvivenciaicivisme\/wp-json\/wp\/v2\/media?parent=249"}],"curies":[{"name":"wp","href":"https:\/\/api.w.org\/{rel}","templated":true}]}}