{"id":275,"date":"2014-03-03T13:22:16","date_gmt":"2014-03-03T13:22:16","guid":{"rendered":"http:\/\/blogs.uab.cat\/observatoriconvivenciaicivisme\/?page_id=275"},"modified":"2014-03-03T13:22:16","modified_gmt":"2014-03-03T13:22:16","slug":"quina-relacio-hi-ha-entre-els-drets-fonamentals-el-civisme-la-convivencia-i-lespai-public","status":"publish","type":"page","link":"https:\/\/webs.uab.cat\/observatoriconvivenciaicivisme\/quina-relacio-hi-ha-entre-els-drets-fonamentals-el-civisme-la-convivencia-i-lespai-public\/","title":{"rendered":"Quina relaci\u00f3 hi ha entre els Drets fonamentals, el civisme, la conviv\u00e8ncia i l\u2019espai p\u00fablic?"},"content":{"rendered":"<p>Considerant el doble car\u00e0cter dels drets fonamentals segons el Tribunal Constitucional en la seva sent\u00e8ncia de 14 de juliol de 1981, que al\u00b7ludeix a el \u201cdoble car\u00e0cter\u201d que tenen els drets fonamentals, cal recordar el seg\u00fcent: en primer lloc,\u00a0<b>els drets fonamentals s\u00f3n drets subjectius, drets dels individus no nom\u00e9s en quan drets dels ciutadans en sentit estricte, sin\u00f3 quan garanteixen un status jur\u00eddic o la llibertat en un \u00e0mbit de l\u2019exist\u00e8ncia. Per\u00f2, al propi temps, s\u00f3n elements essencials d\u2019un ordenament objectiu de la comunitat nacional, quan aquesta es configura com a marc d\u2019una conviv\u00e8ncia<\/b><span style=\"text-decoration: underline\">humana<\/span><b>\u00a0justa i pac\u00edfica, plasmada hist\u00f2ricament en l\u2019Estat de Dret i , m\u00e9s tard, en l\u2019Estat social de Dret o l\u2019Estat social i democr\u00e0tic de Dret, segons la f\u00f3rmula la Constituci\u00f3 (<\/b><span style=\"text-decoration: underline\">art<\/span><b>\u00a01,1.).<\/b><b>\u00a0<\/b>\u00c9s a dir, en ser els drets fonamentals el\u00a0<span style=\"text-decoration: underline\">resultat<\/span>\u00a0dels acords socials, com a fruit de la superaci\u00f3 de les relacions de tensi\u00f3 entre diversos ens socials, superats a partir de la idea d\u2019una cooperaci\u00f3 entre els individus per aconseguir una fi comuna que benefici\u00ef a tots. Per aix\u00f2, els drets fonamentals s\u00f3n importants per a l\u2019an\u00e0lisi jur\u00eddica de l\u2019espai p\u00fablic, en primer lloc en ser el lloc on aquests es materialitzen (acompanyen a la persona per ser inalienables i inviolables ), per\u00f2 tamb\u00e9 perqu\u00e8 la seva finalitat i el seu l\u00edmit est\u00e0 en el be com\u00fa, que considerem \u00e9s un dels elements que ha de\u00a0 subsistir en aquest espai com\u00fa, obert, visible i manifest a tots, que li diem \u201cEspai p\u00fablic\u201d.<\/p>\n","protected":false},"excerpt":{"rendered":"<p>Considerant el doble car\u00e0cter dels drets fonamentals segons el Tribunal Constitucional en la seva sent\u00e8ncia de 14 de juliol de 1981, que al\u00b7ludeix a el \u201cdoble car\u00e0cter\u201d que tenen els drets fonamentals, cal recordar el seg\u00fcent: en primer lloc,\u00a0els drets fonamentals s\u00f3n drets subjectius, drets dels individus no nom\u00e9s en quan drets dels ciutadans en [&hellip;]<\/p>\n","protected":false},"author":1630,"featured_media":0,"parent":0,"menu_order":0,"comment_status":"open","ping_status":"open","template":"","meta":{"footnotes":""},"class_list":["post-275","page","type-page","status-publish","hentry"],"_links":{"self":[{"href":"https:\/\/webs.uab.cat\/observatoriconvivenciaicivisme\/wp-json\/wp\/v2\/pages\/275","targetHints":{"allow":["GET"]}}],"collection":[{"href":"https:\/\/webs.uab.cat\/observatoriconvivenciaicivisme\/wp-json\/wp\/v2\/pages"}],"about":[{"href":"https:\/\/webs.uab.cat\/observatoriconvivenciaicivisme\/wp-json\/wp\/v2\/types\/page"}],"author":[{"embeddable":true,"href":"https:\/\/webs.uab.cat\/observatoriconvivenciaicivisme\/wp-json\/wp\/v2\/users\/1630"}],"replies":[{"embeddable":true,"href":"https:\/\/webs.uab.cat\/observatoriconvivenciaicivisme\/wp-json\/wp\/v2\/comments?post=275"}],"version-history":[{"count":0,"href":"https:\/\/webs.uab.cat\/observatoriconvivenciaicivisme\/wp-json\/wp\/v2\/pages\/275\/revisions"}],"wp:attachment":[{"href":"https:\/\/webs.uab.cat\/observatoriconvivenciaicivisme\/wp-json\/wp\/v2\/media?parent=275"}],"curies":[{"name":"wp","href":"https:\/\/api.w.org\/{rel}","templated":true}]}}