{"id":145,"date":"2015-04-15T11:58:00","date_gmt":"2015-04-15T11:58:00","guid":{"rendered":"https:\/\/webs.uab.cat\/occita\/exposicions\/"},"modified":"2024-03-22T12:43:31","modified_gmt":"2024-03-22T12:43:31","slug":"exposicions","status":"publish","type":"page","link":"https:\/\/webs.uab.cat\/occita\/exposicions\/","title":{"rendered":"Exposicions"},"content":{"rendered":"<ul>\n<li><strong><a href=\"https:\/\/webs.uab.cat\/occita\/wp-content\/uploads\/sites\/196\/2017\/05\/bibliografia_sobre_lamor_2.pdf\" target=\"_blank\" rel=\"noopener\">Exposici\u00f3 Bibliogr\u00e0fica <\/a><em><a href=\"https:\/\/webs.uab.cat\/occita\/wp-content\/uploads\/sites\/196\/2017\/05\/bibliografia_sobre_lamor_2.pdf\" target=\"_blank\" rel=\"noopener\">Omnia vincit amor. El discurs acad\u00e8mic sobre l&#8217;amor<\/a> (maig 2017). \u00a0 \u00a0 \u00a0 \u00a0 \u00a0 \u00a0 \u00a0[<\/em><\/strong><strong><a href=\"http:\/\/grupsderecerca.uab.cat\/occita\/sites\/grupsderecerca.uab.cat.occita\/files\/fotos_expo.pdf\" target=\"_blank\" rel=\"noopener\">Galeria d&#8217;imatges de l&#8217;exposici\u00f3<\/a>]<\/strong><\/li>\n<li><em><strong><a href=\"http:\/\/grupsderecerca.uab.cat\/occita\/node\/202\">Exposici\u00f3 Literatura i M\u00fasica (maig 2016)<\/a><\/strong><\/em><\/li>\n<li><em><a href=\"http:\/\/ddd.uab.cat\/record\/127556\" target=\"_blank\" rel=\"noopener\"><strong>Exposici\u00f3 de Paco Ib\u00e1\u00f1ez a la UAB<\/strong><\/a><br \/>\n[<strong><a href=\"http:\/\/www.uab.cat\/web\/sala-de-premsa\/detall-de-noticia-1345667174054.html?noticiaid=1345676343889\" target=\"_blank\" rel=\"noopener\">Not\u00edcia de l&#8217;acte Acad\u00e8mic amb Paco Ib\u00e1\u00f1ez<\/a><\/strong>]<\/em><\/li>\n<li><em><a title=\"L'occit\u00e0 i Catalunya\" href=\"http:\/\/ddd.uab.cat\/record\/11470?ln=ca\" target=\"_blank\" rel=\"noopener\"><strong>L&#8217;occit\u00e0 i Catalunya: fons bibliogr\u00e0fic i documental de la Biblioteca d&#8217;Humanitats i de l&#8217;Arxiu Occit\u00e0 de la UAB<\/strong><\/a><strong>. <\/strong>Exposici\u00f3 sobre l&#8217;occit\u00e0 organitzada amb motiu de la Setmana Occitana que se celebr\u00e0 a la UAB del 10 al 15 de gener de 2000.<\/em><\/li>\n<li><em><a title=\"Robert Lafont\" href=\"http:\/\/ddd.uab.cat\/record\/12309?ln=ca\" target=\"_blank\" rel=\"noopener\"><strong>Robert Lafont<\/strong><\/a><strong>: <\/strong><\/em>exposici\u00f3 sobre Robert Lafont amb motiu de les Xes Jornadas Catalano-occitanas, celebrades el maig del 2005 a la UAB.<\/li>\n<li><em><a title=\"\u00c8pica\" href=\"http:\/\/ddd.uab.cat\/record\/12321?ln=ca\" target=\"_blank\" rel=\"noopener\"><strong>\u00c8pica<\/strong><\/a><strong>: <\/strong><\/em>exposici\u00f3 bibliogr\u00e0fica sobre el g\u00e8nere \u00e8pic, que no ha de ser ent\u00e8s nom\u00e9s com a g\u00e8nere literari, sin\u00f3 tamb\u00e9 com una realitat cultural que no t\u00e9 fronteres.<\/li>\n<li class=\"rtejustify\"><em><a title=\"Bernard Lesfargues\" href=\"http:\/\/ddd.uab.cat\/record\/36032?ln=ca\" target=\"_blank\" rel=\"noopener\"><strong>Bernard Lesfargues<\/strong><\/a><strong>: <\/strong><\/em>exposici\u00f3 en homenatge a Bernard Lesfargues, escriptor i traductor occit\u00e0, que l&#8217;any 2006 va signar un conveni amb la Universitat Aut\u00f2noma de Barcelona per cedir part del seu fons epistolar i bibliogr\u00e0fic.<\/li>\n<li class=\"rtejustify\"><em><a title=\"Occit\u00e0 2010\" href=\"http:\/\/ddd.uab.cat\/record\/56687?ln=ca\" target=\"_blank\" rel=\"noopener\"><strong>Occit\u00e0 2010: estatut legal i reivindicaci\u00f3<\/strong><\/a><strong>. <\/strong><\/em>Aquesta exposici\u00f3 respon a la voluntat de mostrar dues realitats de la pol\u00edtica al voltant de l\u2019occit\u00e0: per una banda un moviment pol\u00edtic jove i revolucionari, i, per l\u2019altra, les compareixences i opinions d\u2019acad\u00e8mics, pol\u00edtics, i juristes, sobre el Projecte de llei de l\u2019aran\u00e8s, que s\u2019ha discutit recentment a la Comissi\u00f3 de Pol\u00edtica Cultural de la Generalitat de Catalunya (7 i 21 d\u2019abril 2010).<\/li>\n<li class=\"rtejustify\"><em><a title=\"L\u00edrica trobadoresca occitana\" href=\"http:\/\/ddd.uab.cat\/record\/107112?ln=ca\" target=\"_blank\" rel=\"noopener\"><strong>L\u00edrica trobadoresca occitana: els trobadors<\/strong><\/a><strong>. <\/strong><\/em>Exposici\u00f3 amb motiu de la celebraci\u00f3 de les 18es Jornades Occitanes a la UAB al maig de 2013 organitzades per l&#8217;Arxiu Occit\u00e0.<\/li>\n<li class=\"rtejustify\"><a title=\"Frederic Mistral\" href=\"http:\/\/ddd.uab.cat\/record\/117937?ln=ca\" target=\"_blank\" rel=\"noopener\"><strong>Frederic Mistral<\/strong><\/a><strong>: <\/strong>exposici\u00f3 feta en col\u00b7laboraci\u00f3 amb l&#8217;Arxiu Occit\u00e0, amb motiu de la celebraci\u00f3 de les 19es Jornades Occitanes a la UAB al maig de 2014.<\/li>\n<li class=\"rtejustify\"><em><a title=\"Mart\u00ed de Riquer\" href=\"http:\/\/ddd.uab.cat\/record\/117938?ln=ca\" target=\"_blank\" rel=\"noopener\"><strong>Mart\u00ed de Riquer: una vida dedicada a la recerca<\/strong><\/a><strong>. <\/strong><\/em>Exposici\u00f3 feta en col\u00b7laboraci\u00f3 amb l&#8217;Arxiu Occit\u00e0, amb motiu de la celebraci\u00f3 de les 19es Jornades Occitanes a la UAB al maig de 2014.<\/li>\n<\/ul>\n","protected":false},"excerpt":{"rendered":"<p>Exposici\u00f3 Bibliogr\u00e0fica Omnia vincit amor. El discurs acad\u00e8mic sobre l&#8217;amor (maig 2017). \u00a0 \u00a0 \u00a0 \u00a0 \u00a0 \u00a0 \u00a0[Galeria d&#8217;imatges de l&#8217;exposici\u00f3] Exposici\u00f3 Literatura i M\u00fasica (maig 2016) Exposici\u00f3 de Paco Ib\u00e1\u00f1ez a la UAB [Not\u00edcia de l&#8217;acte Acad\u00e8mic amb Paco Ib\u00e1\u00f1ez] L&#8217;occit\u00e0 i Catalunya: fons bibliogr\u00e0fic i documental de la Biblioteca d&#8217;Humanitats i de [&hellip;]<\/p>\n","protected":false},"author":20,"featured_media":0,"parent":0,"menu_order":0,"comment_status":"closed","ping_status":"closed","template":"","meta":{"footnotes":""},"class_list":["post-145","page","type-page","status-publish","hentry"],"_links":{"self":[{"href":"https:\/\/webs.uab.cat\/occita\/wp-json\/wp\/v2\/pages\/145","targetHints":{"allow":["GET"]}}],"collection":[{"href":"https:\/\/webs.uab.cat\/occita\/wp-json\/wp\/v2\/pages"}],"about":[{"href":"https:\/\/webs.uab.cat\/occita\/wp-json\/wp\/v2\/types\/page"}],"author":[{"embeddable":true,"href":"https:\/\/webs.uab.cat\/occita\/wp-json\/wp\/v2\/users\/20"}],"replies":[{"embeddable":true,"href":"https:\/\/webs.uab.cat\/occita\/wp-json\/wp\/v2\/comments?post=145"}],"version-history":[{"count":3,"href":"https:\/\/webs.uab.cat\/occita\/wp-json\/wp\/v2\/pages\/145\/revisions"}],"predecessor-version":[{"id":565,"href":"https:\/\/webs.uab.cat\/occita\/wp-json\/wp\/v2\/pages\/145\/revisions\/565"}],"wp:attachment":[{"href":"https:\/\/webs.uab.cat\/occita\/wp-json\/wp\/v2\/media?parent=145"}],"curies":[{"name":"wp","href":"https:\/\/api.w.org\/{rel}","templated":true}]}}