{"id":43,"date":"2010-01-21T13:43:18","date_gmt":"2010-01-21T13:43:18","guid":{"rendered":"https:\/\/webs.uab.cat\/occita\/inici-2\/"},"modified":"2024-11-26T10:36:53","modified_gmt":"2024-11-26T10:36:53","slug":"inici-2-3","status":"publish","type":"page","link":"https:\/\/webs.uab.cat\/occita\/","title":{"rendered":"Home"},"content":{"rendered":"\n<h2 class=\"wp-block-heading has-text-align-center\">Fredo Valla: premi Robert Lafont 2024<\/h2>\n\n\n\n<p class=\"has-text-align-center\"><\/p>\n\n\n\n<h4 class=\"wp-block-heading alignfull has-text-align-center\">La Generalitat de Catalunya ha concedit el Pr\u00e8mi Rob\u00e8rt Lafont de 2024 a Fredo Valla, cineasta de les valls occitanes del Piemont, dites les Valades, per la seva defensa, projecci\u00f3 i promoci\u00f3 de la llengua occitana.<br><\/h4>\n\n\n\n<p class=\"has-text-align-left\">Originari de Sant P\u00e8ire (Val Varaita) i ara instal\u00b7lat a Ostana (Val P\u00f2) Fredo Valla ha desenvolupat al llarg de la seva carrera en el cinema una obra marcada pel seu comprom\u00eds amb la cultura i les arrels, sovint en relaci\u00f3 amb les muntanyes que l\u2019han vist cr\u00e9ixer. Des dels anys noranta, Valla ha estat guionsta de pel\u00b7l\u00edcules i director de documentals sobre la vida i els valors occitans, amb un enfocament detallista i proper a la realitat hist\u00f2rica i cultural.<\/p>\n\n\n\n<p>Va iniciar-se a Ipotesi Cinema, l\u2019escola d\u2019Ermanno Olmi, on va comen\u00e7ar a treballar amb documentals que sovint exploraven la relaci\u00f3 entre l\u2019home i la natura, la muntanya i la hist\u00f2ria. Valla tamb\u00e9 ha col\u00b7laborat amb el director Giorgio Diritti en la creaci\u00f3 de guions que, com el film Il vento fa il suo giro, han deixat empremta en el cinema itali\u00e0, abordant la vida en comunitats muntanyenques amb autenticitat i profunditat. Reconegut per la seva traject\u00f2ria i premiat en diversos festivals, el seu treball reflecteix la complexitat i bellesa de les cultures minorit\u00e0ries i la lluita per la seva preservaci\u00f3.<\/p>\n\n\n\n<p>La seva traject\u00f2ria ha estat reconeguda amb diversos premis entre els quals destaquem tres David di Donatello i un Nastro d\u2019Argento.<\/p>\n\n\n\n<p>En la seva darrera obra \u2018Bogre\u2019 (2020) Fredo Valla i el seu equip emprenen un viatge de tres hores per Bulg\u00e0ria, Occit\u00e0nia, It\u00e0lia i B\u00f2snia per tal de reconstruir les relacions entre els bogomils i els c\u00e0tars, les dues grans heretgies que es van escampar per Europa durant l\u2019edat mitjana. El film \u00e9s el redescobriment d\u2019una hist\u00f2ria de persecuci\u00f3 i repressi\u00f3 que ofereix l\u2019oportunitat de reflexionar sobre les intoler\u00e0ncies del passat i del present.<\/p>\n\n\n\n<p><strong>Fredo Valla occitanista<\/strong><\/p>\n\n\n\n<p>Fredo Valla es defineix occitanista i somia una \u201crep\u00fablica occitana independent i socialista\u201d inspirat per les idees de Franc\u00e9s Fontan, fundador del Partit Nacionalista Occit\u00e0, a qui va con\u00e8ixer en el seu exili a les Valades Occitanes del Piemont. Per Valla Franc\u00e9s Fontan va inspirar un renaixement cultural a les Valades amb la seva defensa d\u2019una entitat nacional occitana basada en la llengua i la cultura.<\/p>\n\n\n\n<p class=\"has-text-align-left\">Per altra banda, Valla q\u00fcestiona la idealitzaci\u00f3 de la muntanya, remarcant-ne els desafiaments reals i la necessitat de respectar la identitat local en comptes de percebre-la com un espai id\u00edl\u00b7lic destinat a l&#8217;explotaci\u00f3 urbanita. Tamb\u00e9 denuncia el risc d\u2019un turisme que oblidi l\u2019ess\u00e8ncia cultural i hist\u00f2rica de les valls, i defensa una visi\u00f3 de la muntanya com a espai viu i divers, que requereix atenci\u00f3 i coneixement profund.<\/p>\n\n\n\n<p><a href=\"https:\/\/paisinvisible.cat\/Podcast\/T3\/E30\/Bogre-la-gran-heretgia\" target=\"_blank\" rel=\"noreferrer noopener\">Vegeu-ne l\u2019entrevista a l\u2019episodi 30: &#8220;Bogre, la gran heretgia&#8221;<\/a><\/p>\n","protected":false},"excerpt":{"rendered":"<p>Fredo Valla: premi Robert Lafont 2024 La Generalitat de Catalunya ha concedit el Pr\u00e8mi Rob\u00e8rt Lafont de 2024 a Fredo Valla, cineasta de les valls occitanes del Piemont, dites les Valades, per la seva defensa, projecci\u00f3 i promoci\u00f3 de la llengua occitana. Originari de Sant P\u00e8ire (Val Varaita) i ara instal\u00b7lat a Ostana (Val P\u00f2) [&hellip;]<\/p>\n","protected":false},"author":20,"featured_media":0,"parent":0,"menu_order":0,"comment_status":"closed","ping_status":"closed","template":"","meta":{"footnotes":""},"class_list":["post-43","page","type-page","status-publish","hentry"],"_links":{"self":[{"href":"https:\/\/webs.uab.cat\/occita\/wp-json\/wp\/v2\/pages\/43","targetHints":{"allow":["GET"]}}],"collection":[{"href":"https:\/\/webs.uab.cat\/occita\/wp-json\/wp\/v2\/pages"}],"about":[{"href":"https:\/\/webs.uab.cat\/occita\/wp-json\/wp\/v2\/types\/page"}],"author":[{"embeddable":true,"href":"https:\/\/webs.uab.cat\/occita\/wp-json\/wp\/v2\/users\/20"}],"replies":[{"embeddable":true,"href":"https:\/\/webs.uab.cat\/occita\/wp-json\/wp\/v2\/comments?post=43"}],"version-history":[{"count":12,"href":"https:\/\/webs.uab.cat\/occita\/wp-json\/wp\/v2\/pages\/43\/revisions"}],"predecessor-version":[{"id":634,"href":"https:\/\/webs.uab.cat\/occita\/wp-json\/wp\/v2\/pages\/43\/revisions\/634"}],"wp:attachment":[{"href":"https:\/\/webs.uab.cat\/occita\/wp-json\/wp\/v2\/media?parent=43"}],"curies":[{"name":"wp","href":"https:\/\/api.w.org\/{rel}","templated":true}]}}