{"id":490,"date":"2023-12-05T11:48:29","date_gmt":"2023-12-05T11:48:29","guid":{"rendered":"https:\/\/webs.uab.cat\/occita\/?page_id=490"},"modified":"2026-04-08T11:03:48","modified_gmt":"2026-04-08T11:03:48","slug":"historic","status":"publish","type":"page","link":"https:\/\/webs.uab.cat\/occita\/historic\/","title":{"rendered":"Hist\u00f2ric"},"content":{"rendered":"\n<p><\/p>\n\n\n\n<ul class=\"wp-block-list\">\n<li><a href=\"https:\/\/webs.uab.cat\/occita\/wp-content\/uploads\/sites\/196\/2026\/03\/TrobadorsCatalunya.jpg\" target=\"_blank\" rel=\"noreferrer noopener\">Presentaci\u00f3 a l&#8217;IEC: &#8220;Els Trobadors i Catalunya&#8221;, amb Antoni Rossell i Meritxell Sim\u00f3.<\/a><\/li>\n\n\n\n<li><a href=\"https:\/\/webs.uab.cat\/occita\/wp-content\/uploads\/sites\/196\/2026\/02\/IMG-20260210-WA0010.jpg\" target=\"_blank\" rel=\"noreferrer noopener\">Confer\u00e8ncia &#8220;El manuscrit musical catal\u00e0 de can\u00e7ons de trobadors: el manuscrit de Sant Joan de les Abadesses&#8221;, a c\u00e0rrec de Maria Incoronata Colantuono i d&#8217;Antoni Rossell<\/a>.<\/li>\n\n\n\n<li><a href=\"https:\/\/webs.uab.cat\/occita\/wp-content\/uploads\/sites\/196\/2025\/12\/Gener.jpg\" target=\"_blank\" rel=\"noreferrer noopener\">Presentaci\u00f3 del llibre &#8220;L\u00edrica trobadoresca medieval&#8221; d&#8217;Antoni Rossell, a c\u00e0rrec d&#8217;Adriana Camprub\u00edonfer\u00e8ncia &#8220;Catalunya i Occit\u00e0nia: un cam\u00ed compartit&#8221;, a c\u00e0rrec d&#8217;Antoni Rosell. Dimecres 12 de gener 2026<\/a>.<\/li>\n\n\n\n<li><a href=\"https:\/\/webs.uab.cat\/occita\/wp-content\/uploads\/sites\/196\/2025\/12\/Desembre.jpg\" target=\"_blank\" rel=\"noreferrer noopener\">Confer\u00e8ncia &#8220;Catalunya i Occit\u00e0nia: un cam\u00ed compartit&#8221;, a c\u00e0rrec d&#8217;Antoni Rossell. Dilluns 15 de desembre. Auditori del Museu d&#8217;Hist\u00f2ria de Catalunya.<\/a><\/li>\n\n\n\n<li><a href=\"https:\/\/webs.uab.cat\/occita\/wp-content\/uploads\/sites\/196\/2025\/11\/Matheus-Malagueta.jpeg\" target=\"_blank\" rel=\"noreferrer noopener\">Confer\u00e8ncia: &#8220;Troya en Portugal: la recepci\u00f3n del mito troyano en la literatura medieval portuguesa entre tradici\u00f3n y traducci\u00f3n&#8221;<\/a><\/li>\n\n\n\n<li><a href=\"https:\/\/webs.uab.cat\/occita\/wp-content\/uploads\/sites\/196\/2025\/11\/Jesus_Rodriguez.jpeg\" target=\"_blank\" rel=\"noreferrer noopener\">Confer\u00e8ncia a c\u00e0rrec de Jes\u00fas Rodr\u00edguez Velasco (Yale University)<\/a><\/li>\n\n\n\n<li><a href=\"https:\/\/webs.uab.cat\/occita\/wp-content\/uploads\/sites\/196\/2025\/10\/Captura-de-pantalla-2025-09-25-a-les-23.26.59.jpeg\" target=\"_blank\" rel=\"noreferrer noopener\">&#8220;Barcelona a trav\u00e9s de sus canciones&#8221;, amb Aur\u00e9lie Vialette i Antoni Rossell<\/a> <strong><a href=\"https:\/\/webs.uab.cat\/occita\/barcelona-a-traves-de-sus-canciones\/\">[Imatges de l&#8217;acte]<\/a><\/strong><\/li>\n\n\n\n<li><a href=\"https:\/\/www.jornalet.com\/nova\/23672\/barcelona-taula-redonda-sus-la-premsa-numerica-en-occitan-e-catalan\" target=\"_blank\" rel=\"noreferrer noopener\">Taula rodona: &#8220;La premsa digital en lleng\u00fces minoritzades: exemples occit\u00e0 i catal\u00e0, amb Ferriol Macip i Vicent Partal (2 d&#8217;octubre).<\/a> [<strong><a href=\"https:\/\/www.vilaweb.cat\/noticies\/vilaweb-taula-rodona-premsa-digital-occita-catala\/\" target=\"_blank\" rel=\"noreferrer noopener\">M\u00e9s info<\/a><\/strong>]<\/li>\n\n\n\n<li><a href=\"https:\/\/webs.uab.cat\/occita\/wp-content\/uploads\/sites\/196\/2025\/05\/PASCAL-UAB-25.jpeg\" target=\"_blank\" rel=\"noreferrer noopener\">Taller de cant occit\u00e0 (29 de maig).<\/a><\/li>\n\n\n\n<li><a href=\"https:\/\/webs.uab.cat\/occita\/wp-content\/uploads\/sites\/196\/2025\/05\/Llegendes.pdf\" target=\"_blank\" rel=\"noreferrer noopener\">Confer\u00e8ncia: La particularitat gascona: contes i llegendes de la Gascunya (12 de maig).<\/a><\/li>\n\n\n\n<li><a href=\"https:\/\/webs.uab.cat\/occita\/wp-content\/uploads\/sites\/196\/2025\/05\/ConferenciaRustaveli.jpg\" target=\"_blank\" rel=\"noreferrer noopener\">Confer\u00e8ncia: &#8220;El Caballero de la piel de leopardo de Shota Rutaveli y la literatura georgiana del siglo XIII&#8221;, a c\u00e0rrec d&#8217;Antonio Contrerasaller de cant occit\u00e0 (8 de maig).<\/a><\/li>\n\n\n\n<li><a href=\"https:\/\/webs.uab.cat\/occita\/wp-content\/uploads\/sites\/196\/2024\/10\/CDAntoniRossell.pdf\" target=\"_blank\" rel=\"noreferrer noopener\">Antoni Rossell &amp; Brasil Opus Musica Romances del amor y de la muerte \/ Ballads of Love and death.<\/a><\/li>\n\n\n\n<li><a href=\"https:\/\/webs.uab.cat\/occita\/wp-content\/uploads\/sites\/196\/2024\/12\/IntroduccioLlibreTrob.pdf\" target=\"_blank\" rel=\"noreferrer noopener\">L\u00edrica trobadoresca medieval: oralitat, emoci\u00f3, arqueologia intersist\u00e8mica, transmediaci\u00f3 i performance<\/a>.<\/li>\n\n\n\n<li><a rel=\"noreferrer noopener\" href=\"http:\/\/www.felco-creo.org\/09-04-21-la-loi-molac-adoptee-victoire-historique-de-lengagement-collectif\/\" target=\"_blank\">Communiqu\u00e9 FELCO : La loi Molac langues r\u00e9gionales adopt\u00e9e : victoire historique de l\u2019engagement collectif.<\/a><\/li>\n\n\n\n<li><a href=\"https:\/\/webs.uab.cat\/occita\/dictionnaire-des-noms-de-famille-en-pays-doc\/\" target=\"_blank\" rel=\"noreferrer noopener\">Nouvelle parution: Dictionnaire des noms de famille en Pays d\u2019Oc.<\/a><\/li>\n\n\n\n<li><a href=\"https:\/\/webs.uab.cat\/occita\/wp-content\/uploads\/sites\/196\/2022\/09\/bienvenido_2_de_maig.pdf\" target=\"_blank\" rel=\"noreferrer noopener\">Confer\u00e8ncia: &#8220;Los Amantes de Teruel: la leyenda de las leyendas&#8221;, a c\u00e0rrec del Dr. Bienvenido Morros.<\/a><\/li>\n\n\n\n<li><a href=\"https:\/\/webs.uab.cat\/occita\/wp-content\/uploads\/sites\/196\/2022\/09\/bogre_fredo_valla_27_abril.pdf\" target=\"_blank\" rel=\"noreferrer noopener\">Projecci\u00f3 de &#8220;Bogre: la grande eresia europea&#8221;, de Fredo Valla (2020).<\/a><\/li>\n\n\n\n<li><a href=\"https:\/\/www.vilaweb.cat\/noticies\/fredo-valla-director-del-film-sobre-el-catarisme-bogre-cal-ser-heretic-en-tots-els-aspectes-de-la-vida-bogre-catars\/\" target=\"_blank\" rel=\"noreferrer noopener\">Entrevista al cineasta occit\u00e0 Fredo Valla.<\/a><\/li>\n\n\n\n<li><a href=\"https:\/\/www.felco-creo.org\/23-05-21-le-conseil-constitutionnel-censure-la-loi-langues-regionales-la-felco-communique\/\" target=\"_blank\" rel=\"noreferrer noopener\">Le Conseil Constitutionnel censure la loi \u00ablangues r\u00e9gionales\u00bb.<\/a><\/li>\n<\/ul>\n\n\n\n<p><\/p>\n","protected":false},"excerpt":{"rendered":"","protected":false},"author":74,"featured_media":0,"parent":0,"menu_order":1,"comment_status":"closed","ping_status":"closed","template":"","meta":{"footnotes":""},"class_list":["post-490","page","type-page","status-publish","hentry"],"_links":{"self":[{"href":"https:\/\/webs.uab.cat\/occita\/wp-json\/wp\/v2\/pages\/490","targetHints":{"allow":["GET"]}}],"collection":[{"href":"https:\/\/webs.uab.cat\/occita\/wp-json\/wp\/v2\/pages"}],"about":[{"href":"https:\/\/webs.uab.cat\/occita\/wp-json\/wp\/v2\/types\/page"}],"author":[{"embeddable":true,"href":"https:\/\/webs.uab.cat\/occita\/wp-json\/wp\/v2\/users\/74"}],"replies":[{"embeddable":true,"href":"https:\/\/webs.uab.cat\/occita\/wp-json\/wp\/v2\/comments?post=490"}],"version-history":[{"count":30,"href":"https:\/\/webs.uab.cat\/occita\/wp-json\/wp\/v2\/pages\/490\/revisions"}],"predecessor-version":[{"id":780,"href":"https:\/\/webs.uab.cat\/occita\/wp-json\/wp\/v2\/pages\/490\/revisions\/780"}],"wp:attachment":[{"href":"https:\/\/webs.uab.cat\/occita\/wp-json\/wp\/v2\/media?parent=490"}],"curies":[{"name":"wp","href":"https:\/\/api.w.org\/{rel}","templated":true}]}}