{"id":67,"date":"2014-09-29T12:09:10","date_gmt":"2014-09-29T12:09:10","guid":{"rendered":"https:\/\/webs.uab.cat\/occita\/20e-aniversari\/"},"modified":"2014-09-29T12:09:10","modified_gmt":"2014-09-29T12:09:10","slug":"20e-aniversari","status":"publish","type":"page","link":"https:\/\/webs.uab.cat\/occita\/20e-aniversari\/","title":{"rendered":"20\u00e8 aniversari"},"content":{"rendered":"<p style=\"text-align: center;\"><span style=\",'serif'; font-size: 16.0pt;\"><span style=\",'serif'; font-size: 16.0pt;\"><a href=\"http:\/\/grupsderecerca.uab.cat\/occita\/sites\/grupsderecerca.uab.cat.occita\/files\/programa_22es_jjooc_2017.pdf\" target=\"_blank\" rel=\"noopener\">Programa de les 22es Jornades Occitanes<\/a><\/span><\/span><\/p>\n<p>&nbsp;<\/p>\n<p style=\"text-align: center;\"><a href=\"http:\/\/grupsderecerca.uab.cat\/occita\/sites\/grupsderecerca.uab.cat.occita\/files\/PROGRAMA%20definitiuf.pdf\" target=\"_blank\" rel=\"noopener\"><span style=\"line-height: 20.7999992370605px;\">Programa 21es Jornades<\/span><\/a><\/p>\n<p style=\"text-align: center;\"><a href=\"http:\/\/grupsderecerca.uab.cat\/occita\/sites\/grupsderecerca.uab.cat.occita\/files\/20es%20Jornades%20Occitanes%20a%20la%20UAB%20PROGRAMA%20DDD-1.pdf\" target=\"_blank\" rel=\"noopener\">Programa 20es Jornades<\/a><\/p>\n<p style=\"text-align: center;\">Consulteu el <a href=\"http:\/\/grupsderecerca.uab.cat\/occita\/sites\/grupsderecerca.uab.cat.occita\/files\/JORNADES%20\u00c8PIQUES%20A%20LA%20UAB%20IMPR.pdf\" target=\"_blank\" title=\"Programa\" rel=\"noopener\">programa<\/a> de les <strong>Jornades \u00c8piques a la UAB <\/strong><em>(6-27 de maig de 2015)<\/em><\/p>\n<p style=\"text-align: center;\">Consulteu l&#8217;<a href=\"http:\/\/ddd.uab.cat\/pub\/expbib\/2009\/epica\/presentacio.html\" target=\"_blank\" title=\"\u00c8pica\" rel=\"noopener\">exposici\u00f3 bibliogr\u00e0fica d&#8217;\u00c8pica<\/a><\/p>\n<p style=\"text-align: center;\">I aqu\u00ed teniu una introducci\u00f3 a les jornades d&#8217;aquest any:&nbsp;<a href=\"http:\/\/grupsderecerca.uab.cat\/occita\/sites\/grupsderecerca.uab.cat.occita\/files\/20%20anys%20d\u2019occit\u00e0%20a%20la%20UAB.pdf\" target=\"_blank\" rel=\"noopener\">Vint anys d&#8217;occit\u00e0 a la UAB<\/a><\/p>\n<p style=\"text-align: center;\">Confer\u00e8ncia de clausura de les 20es Jornades Occitanes:<br \/>\n<a href=\"https:\/\/www.youtube.com\/watch?v=VSMsHXfd-XA\" target=\"_blank\" rel=\"noopener\">Joan Bodon o l&#8217;art d&#8217;escriure en una llengua assassinada &#8211; Joan-Llu\u00eds Llu\u00eds<\/a><\/p>\n<table border=\"0\">\n<tbody>\n<tr>\n<td><span class=\"inline inline-none\"><a href=\"http:\/\/grupsderecerca.uab.cat\/occita\/sites\/grupsderecerca.uab.cat.occita\/files\/conf%20joan%20lluis%20CLAUSURA.pdf\" target=\"_blank\" rel=\"noopener\"><img loading=\"lazy\" decoding=\"async\" alt=\"\" class=\"image image-_original \" height=\"300\" src=\"http:\/\/grupsderecerca.uab.cat\/occita\/sites\/grupsderecerca.uab.cat.occita\/files\/images\/clausura.png\" style=\"border:1px solid black; margin-left:5px; margin-right:5px; float:right\" title=\"\" width=\"200\" \/><\/a><\/span><\/td>\n<td>&nbsp;<span class=\"inline inline-none\"><a href=\"http:\/\/grupsderecerca.uab.cat\/occita\/sites\/grupsderecerca.uab.cat.occita\/files\/cartell_20jornades(1).pdf\" target=\"_blank\" title=\"20es Jornades\" rel=\"noopener\"><img loading=\"lazy\" decoding=\"async\" alt=\"\" class=\"image image-_original \" height=\"300\" src=\"http:\/\/grupsderecerca.uab.cat\/occita\/sites\/grupsderecerca.uab.cat.occita\/files\/images\/20jornades.png\" style=\"border:1px solid black; margin-left:5px; margin-right:5px; float:left\" title=\"\" width=\"200\" \/><\/a><\/span><\/td>\n<\/tr>\n<tr>\n<td>&nbsp;<a href=\"http:\/\/grupsderecerca.uab.cat\/occita\/sites\/grupsderecerca.uab.cat.occita\/files\/Itinerari%20uab.png\" target=\"_blank\" title=\"Mirabel\" rel=\"noopener\"><span class=\"inline inline-none\"><img loading=\"lazy\" decoding=\"async\" alt=\"\" class=\"image image-_original\" height=\"200\" src=\"http:\/\/grupsderecerca.uab.cat\/occita\/sites\/grupsderecerca.uab.cat.occita\/files\/images\/mirabel.png\" style=\"border:1px solid black; margin-left:5px; margin-right:5px; float:right\" title=\"\" width=\"300\" \/><\/span><\/a><\/td>\n<td>&nbsp;<span class=\"inline inline-none\"><img loading=\"lazy\" decoding=\"async\" alt=\"\" class=\"image image-_original\" height=\"200\" src=\"http:\/\/grupsderecerca.uab.cat\/occita\/sites\/grupsderecerca.uab.cat.occita\/files\/images\/blanc.png\" style=\"margin-left: 5px; margin-right: 5px; vertical-align: middle;\" title=\"\" width=\"300\" \/><\/span><\/td>\n<\/tr>\n<tr>\n<td><span class=\"inline inline-none\"><img loading=\"lazy\" decoding=\"async\" alt=\"\" class=\"image image-_original\" height=\"200\" src=\"http:\/\/grupsderecerca.uab.cat\/occita\/sites\/grupsderecerca.uab.cat.occita\/files\/images\/cartell1occita.png\" style=\"border:1px solid black; margin-left:5px; margin-right:5px; float:right\" title=\"\" width=\"300\" \/><\/span><\/td>\n<td><span class=\"inline inline-none\"><img loading=\"lazy\" decoding=\"async\" alt=\"\" class=\"image image-_original\" height=\"200\" src=\"http:\/\/grupsderecerca.uab.cat\/occita\/sites\/grupsderecerca.uab.cat.occita\/files\/images\/cartell3occita.png\" style=\"vertical-align: middle; border: 1px solid black; margin-left: 5px; margin-right: 5px;\" title=\"\" width=\"300\" \/><\/span><\/td>\n<\/tr>\n<\/tbody>\n<\/table>\n","protected":false},"excerpt":{"rendered":"<p>Programa de les 22es Jornades Occitanes &nbsp; Programa 21es Jornades Programa 20es Jornades Consulteu el programa de les Jornades \u00c8piques a la UAB (6-27 de maig de 2015) Consulteu l&#8217;exposici\u00f3 bibliogr\u00e0fica d&#8217;\u00c8pica I aqu\u00ed teniu una introducci\u00f3 a les jornades d&#8217;aquest any:&nbsp;Vint anys d&#8217;occit\u00e0 a la UAB Confer\u00e8ncia de clausura de les 20es Jornades Occitanes: [&hellip;]<\/p>\n","protected":false},"author":20,"featured_media":0,"parent":0,"menu_order":0,"comment_status":"closed","ping_status":"closed","template":"","meta":{"footnotes":""},"class_list":["post-67","page","type-page","status-publish","hentry"],"_links":{"self":[{"href":"https:\/\/webs.uab.cat\/occita\/wp-json\/wp\/v2\/pages\/67","targetHints":{"allow":["GET"]}}],"collection":[{"href":"https:\/\/webs.uab.cat\/occita\/wp-json\/wp\/v2\/pages"}],"about":[{"href":"https:\/\/webs.uab.cat\/occita\/wp-json\/wp\/v2\/types\/page"}],"author":[{"embeddable":true,"href":"https:\/\/webs.uab.cat\/occita\/wp-json\/wp\/v2\/users\/20"}],"replies":[{"embeddable":true,"href":"https:\/\/webs.uab.cat\/occita\/wp-json\/wp\/v2\/comments?post=67"}],"version-history":[{"count":0,"href":"https:\/\/webs.uab.cat\/occita\/wp-json\/wp\/v2\/pages\/67\/revisions"}],"wp:attachment":[{"href":"https:\/\/webs.uab.cat\/occita\/wp-json\/wp\/v2\/media?parent=67"}],"curies":[{"name":"wp","href":"https:\/\/api.w.org\/{rel}","templated":true}]}}