{"id":309,"date":"2024-02-06T15:54:42","date_gmt":"2024-02-06T13:54:42","guid":{"rendered":"https:\/\/webs.uab.cat\/oficinasakura\/biblioteca\/"},"modified":"2024-04-26T14:03:26","modified_gmt":"2024-04-26T12:03:26","slug":"biblioteca","status":"publish","type":"page","link":"https:\/\/webs.uab.cat\/oficinasakura\/es\/biblioteca\/","title":{"rendered":"Biblioteca"},"content":{"rendered":"\n<p>\u00a1Bienvenido al rinc\u00f3n de la biblioteca de nuestra oficina de estudios japoneses! <\/p>\n\n<p>Sum\u00e9rgete en un universo de conocimiento y descubre una amplia gama de recursos cuidadosamente seleccionados para enriquecer tu comprensi\u00f3n de la cultura, historia y lengua japonesas. Nuestra colecci\u00f3n ofrece una ventana \u00fanica hacia Jap\u00f3n, invit\u00e1ndote a explorar sus tradiciones milenarias y su vibrante contemporaneidad. <\/p>\n\n<p>Ya seas un estudiante \u00e1vido de aprender japon\u00e9s o un entusiasta de la cultura nipona, aqu\u00ed encontrar\u00e1s un oasis intelectual para nutrir tu curiosidad y expandir tus horizontes. \u00a1Sum\u00e9rgete en nuestras estanter\u00edas virtuales y deja que el fascinante mundo de Jap\u00f3n te inspire!<\/p>\n\n<figure class=\"wp-block-image size-large\"><img loading=\"lazy\" decoding=\"async\" width=\"1024\" height=\"576\" src=\"https:\/\/webs.uab.cat\/oficinasakura\/wp-content\/uploads\/sites\/543\/2024\/04\/IMG_9191-1024x576.png\" alt=\"\" class=\"wp-image-471\" srcset=\"https:\/\/webs.uab.cat\/oficinasakura\/wp-content\/uploads\/sites\/543\/2024\/04\/IMG_9191-1024x576.png 1024w, https:\/\/webs.uab.cat\/oficinasakura\/wp-content\/uploads\/sites\/543\/2024\/04\/IMG_9191-300x169.png 300w, https:\/\/webs.uab.cat\/oficinasakura\/wp-content\/uploads\/sites\/543\/2024\/04\/IMG_9191-768x432.png 768w, https:\/\/webs.uab.cat\/oficinasakura\/wp-content\/uploads\/sites\/543\/2024\/04\/IMG_9191-1200x675.png 1200w, https:\/\/webs.uab.cat\/oficinasakura\/wp-content\/uploads\/sites\/543\/2024\/04\/IMG_9191.png 1334w\" sizes=\"auto, (max-width: 1024px) 100vw, 1024px\" \/><\/figure>\n","protected":false},"excerpt":{"rendered":"<p>\u00a1Bienvenido al rinc\u00f3n de la biblioteca de nuestra oficina de estudios japoneses! Sum\u00e9rgete en un universo de conocimiento y descubre una amplia gama de recursos cuidadosamente seleccionados para enriquecer tu comprensi\u00f3n de la cultura, historia y lengua japonesas. Nuestra colecci\u00f3n ofrece una ventana \u00fanica hacia Jap\u00f3n, invit\u00e1ndote a explorar sus tradiciones milenarias y su vibrante [&hellip;]<\/p>\n","protected":false},"author":2856,"featured_media":0,"parent":0,"menu_order":0,"comment_status":"closed","ping_status":"closed","template":"","meta":{"footnotes":""},"class_list":["post-309","page","type-page","status-publish","hentry"],"_links":{"self":[{"href":"https:\/\/webs.uab.cat\/oficinasakura\/es\/wp-json\/wp\/v2\/pages\/309","targetHints":{"allow":["GET"]}}],"collection":[{"href":"https:\/\/webs.uab.cat\/oficinasakura\/es\/wp-json\/wp\/v2\/pages"}],"about":[{"href":"https:\/\/webs.uab.cat\/oficinasakura\/es\/wp-json\/wp\/v2\/types\/page"}],"author":[{"embeddable":true,"href":"https:\/\/webs.uab.cat\/oficinasakura\/es\/wp-json\/wp\/v2\/users\/2856"}],"replies":[{"embeddable":true,"href":"https:\/\/webs.uab.cat\/oficinasakura\/es\/wp-json\/wp\/v2\/comments?post=309"}],"version-history":[{"count":2,"href":"https:\/\/webs.uab.cat\/oficinasakura\/es\/wp-json\/wp\/v2\/pages\/309\/revisions"}],"predecessor-version":[{"id":474,"href":"https:\/\/webs.uab.cat\/oficinasakura\/es\/wp-json\/wp\/v2\/pages\/309\/revisions\/474"}],"wp:attachment":[{"href":"https:\/\/webs.uab.cat\/oficinasakura\/es\/wp-json\/wp\/v2\/media?parent=309"}],"curies":[{"name":"wp","href":"https:\/\/api.w.org\/{rel}","templated":true}]}}