{"id":315,"date":"2024-02-06T15:10:32","date_gmt":"2024-02-06T13:10:32","guid":{"rendered":"https:\/\/webs.uab.cat\/oficinasakura\/organigrama\/"},"modified":"2026-05-04T15:04:18","modified_gmt":"2026-05-04T13:04:18","slug":"organigrama","status":"publish","type":"page","link":"https:\/\/webs.uab.cat\/oficinasakura\/es\/organigrama\/","title":{"rendered":"Organigrama"},"content":{"rendered":"\n<h2 class=\"wp-block-heading\">Qui\u00e9n somos<\/h2>\n\n\n\n<p><strong>Directora<\/strong><\/p>\n\n\n\n<p>-Tomoko Umemoto<\/p>\n\n\n\n<p>-Kei Matsushima (2022-02\/2025)<\/p>\n\n\n\n<p><strong>Profesorado del idioma japon\u00e9s<\/strong><\/p>\n\n\n\n<p>-Makiko Fukuda<\/p>\n\n\n\n<p>-Akiko Kawauchi<\/p>\n\n\n\n<p>-Yumi Shimizu<\/p>\n\n\n\n<p>-Sachiyo Takabe<\/p>\n\n\n\n<p><strong>Programa de Estudios de Asia Oriental<\/strong><\/p>\n\n\n\n<p>-Blai Guarn\u00e9<\/p>\n\n\n\n<p>-Alba Serra<\/p>\n\n\n\n<p><strong>Asistentes a la organizaci\u00f3n<\/strong><\/p>\n\n\n\n<p>-Africa Nadal<\/p>\n\n\n\n<p>-Esteve Gimeno Ezcurra<\/p>\n\n\n\n<p>-Aleix Burset Vil\u00e0<\/p>\n\n\n\n<p>-Pablo Tiz\u00f3n Cabero<\/p>\n","protected":false},"excerpt":{"rendered":"<p>Qui\u00e9n somos Directora -Tomoko Umemoto -Kei Matsushima (2022-02\/2025) Profesorado del idioma japon\u00e9s -Makiko Fukuda -Akiko Kawauchi -Yumi Shimizu -Sachiyo Takabe Programa de Estudios de Asia Oriental -Blai Guarn\u00e9 -Alba Serra Asistentes a la organizaci\u00f3n -Africa Nadal -Esteve Gimeno Ezcurra -Aleix Burset Vil\u00e0 -Pablo Tiz\u00f3n Cabero<\/p>\n","protected":false},"author":2856,"featured_media":0,"parent":0,"menu_order":0,"comment_status":"closed","ping_status":"closed","template":"","meta":{"footnotes":""},"class_list":["post-315","page","type-page","status-publish","hentry"],"_links":{"self":[{"href":"https:\/\/webs.uab.cat\/oficinasakura\/es\/wp-json\/wp\/v2\/pages\/315","targetHints":{"allow":["GET"]}}],"collection":[{"href":"https:\/\/webs.uab.cat\/oficinasakura\/es\/wp-json\/wp\/v2\/pages"}],"about":[{"href":"https:\/\/webs.uab.cat\/oficinasakura\/es\/wp-json\/wp\/v2\/types\/page"}],"author":[{"embeddable":true,"href":"https:\/\/webs.uab.cat\/oficinasakura\/es\/wp-json\/wp\/v2\/users\/2856"}],"replies":[{"embeddable":true,"href":"https:\/\/webs.uab.cat\/oficinasakura\/es\/wp-json\/wp\/v2\/comments?post=315"}],"version-history":[{"count":9,"href":"https:\/\/webs.uab.cat\/oficinasakura\/es\/wp-json\/wp\/v2\/pages\/315\/revisions"}],"predecessor-version":[{"id":795,"href":"https:\/\/webs.uab.cat\/oficinasakura\/es\/wp-json\/wp\/v2\/pages\/315\/revisions\/795"}],"wp:attachment":[{"href":"https:\/\/webs.uab.cat\/oficinasakura\/es\/wp-json\/wp\/v2\/media?parent=315"}],"curies":[{"name":"wp","href":"https:\/\/api.w.org\/{rel}","templated":true}]}}