{"id":331,"date":"2024-02-06T15:10:32","date_gmt":"2024-02-06T13:10:32","guid":{"rendered":"https:\/\/webs.uab.cat\/oficinasakura\/matriculacion\/"},"modified":"2026-03-02T15:55:11","modified_gmt":"2026-03-02T13:55:11","slug":"matriculacion","status":"publish","type":"page","link":"https:\/\/webs.uab.cat\/oficinasakura\/es\/matriculacion\/","title":{"rendered":"Matriculaci\u00f3n"},"content":{"rendered":"\n<p><strong>\u00a1Convocatoria abierta de cursos de japon\u00e9s (primavera 2026)!<\/strong><\/p>\n\n\n\n<p><strong>Oferta de cursos 2026<\/strong><\/p>\n\n\n\n<p>Ofrecemos cursos de japon\u00e9s de nivel inicial a avanzado, en modalidad presencial u online. Las clases se imparten dos veces por semana, con sesiones de dos horas. Se ofrecen cursos de primavera (de mediados de marzo a finales de junio) y de oto\u00f1o (de mediados de octubre a finales de enero). Las fechas, los horarios y la modalidad se establecer\u00e1n seg\u00fan la disponibilidad del alumnado y del profesorado.<\/p>\n\n\n\n<p>En estos cursos, aplicamos el nuevo m\u00e9todo de Marugoto, desarrollado por la propia Japan Foundation como instituci\u00f3n oficial responsable de la promoci\u00f3n de lengua japonesa en el exterior, permitiendo a cada estudiante mejorar sus destrezas comunicativas en una variedad de situaciones de la vida real japonesa.<\/p>\n\n\n\n<blockquote class=\"wp-block-quote is-layout-flow wp-block-quote-is-layout-flow\">\n<p>Sobre el m\u00e9todo Marugoto y los detalles de cada nivel, por favor, consulta la siguiente p\u00e1gina web (ingl\u00e9s):<\/p>\n<cite><a href=\"https:\/\/marugoto.jpf.go.jp\/en\/about\/marugoto\/\" target=\"_blank\" rel=\"noreferrer noopener\">https:\/\/marugoto.jpf.go.jp\/en\/about\/marugoto<\/a><\/cite><\/blockquote>\n\n\n\n<p><strong>Precio<\/strong><\/p>\n\n\n\n<figure class=\"wp-block-table\"><table class=\"has-fixed-layout\"><tbody><tr><td class=\"has-text-align-center\" data-align=\"center\"><strong>Curso<\/strong><\/td><td class=\"has-text-align-center\" data-align=\"center\"><strong>Alumnado y Personal<\/strong> <strong>UAB<\/strong><\/td><td class=\"has-text-align-center\" data-align=\"center\"><strong>Comunidad Universitaria Vinculada<\/strong><\/td><td class=\"has-text-align-center\" data-align=\"center\"><strong>Personas<\/strong><br><strong>Externas<\/strong><\/td><\/tr><tr><td class=\"has-text-align-center\" data-align=\"center\"><strong>A1-1 (44H)<\/strong>*<\/td><td class=\"has-text-align-center\" data-align=\"center\">422,40\u20ac<\/td><td class=\"has-text-align-center\" data-align=\"center\">448,80\u20ac<\/td><td class=\"has-text-align-center\" data-align=\"center\">528,00\u20ac<\/td><\/tr><tr><td class=\"has-text-align-center\" data-align=\"center\"><strong>A1-2 (40H)<\/strong>*<\/td><td class=\"has-text-align-center\" data-align=\"center\">384,00\u20ac<\/td><td class=\"has-text-align-center\" data-align=\"center\">408,00\u20ac<\/td><td class=\"has-text-align-center\" data-align=\"center\">480,00\u20ac<\/td><\/tr><tr><td class=\"has-text-align-center\" data-align=\"center\"><strong>A2-1 (44H)<\/strong>*<\/td><td class=\"has-text-align-center\" data-align=\"center\">422,40\u20ac<\/td><td class=\"has-text-align-center\" data-align=\"center\">448,80\u20ac<\/td><td class=\"has-text-align-center\" data-align=\"center\">528,00\u20ac<\/td><\/tr><tr><td class=\"has-text-align-center\" data-align=\"center\"><strong>A2-2 (40H)<\/strong>*<\/td><td class=\"has-text-align-center\" data-align=\"center\">384,00\u20ac<\/td><td class=\"has-text-align-center\" data-align=\"center\">408,00\u20ac<\/td><td class=\"has-text-align-center\" data-align=\"center\">480,00\u20ac<\/td><\/tr><tr><td class=\"has-text-align-center\" data-align=\"center\"><strong>A2-3 (40H)<\/strong>*<\/td><td class=\"has-text-align-center\" data-align=\"center\">384,00\u20ac<\/td><td class=\"has-text-align-center\" data-align=\"center\">408,00\u20ac<\/td><td class=\"has-text-align-center\" data-align=\"center\">480,00\u20ac<\/td><\/tr><tr><td class=\"has-text-align-center\" data-align=\"center\"><strong>A2-4 (40H)<\/strong>*<\/td><td class=\"has-text-align-center\" data-align=\"center\">384,00\u20ac<\/td><td class=\"has-text-align-center\" data-align=\"center\">408,00\u20ac<\/td><td class=\"has-text-align-center\" data-align=\"center\">480,00\u20ac<\/td><\/tr><tr><td class=\"has-text-align-center\" data-align=\"center\"><strong>A2-5 (40H)<\/strong>*<\/td><td class=\"has-text-align-center\" data-align=\"center\">384,00\u20ac<\/td><td class=\"has-text-align-center\" data-align=\"center\">408,00\u20ac<\/td><td class=\"has-text-align-center\" data-align=\"center\">480,00\u20ac<\/td><\/tr><\/tbody><\/table><\/figure>\n\n\n\n<p>*El precio del curso incluye la matricula y todos los materiales, incluido el libro de texto Marugoto (PDF).<\/p>\n\n\n\n<ul class=\"wp-block-list\">\n<li>Alumnado y Personal UAB: Alumnos (grado y posgrado), Personal Acad\u00e9mico y de centros propios de la UAB. El precio del curso para las personas en esta categor\u00eda incluye un descuento del 20% sobre el precio para las personas externas.<\/li>\n\n\n\n<li>Comunidad Universitaria Vinculada: Amigos UAB, Esfera UAB, Parque de Investigaci\u00f3n, de Escuelas Adscritas, Alumni UAB, Fundaci\u00f3n Aut\u00f3noma y antiguos alumnos del Servicio de Lenguas. El precio del curso para las personas de esta categor\u00eda incluye un descuento del 15% sobre el precio para las personas externas.<\/li>\n<\/ul>\n\n\n\n<p><strong>Periodos de preinscripci\u00f3n <\/strong><\/p>\n\n\n\n<p>Todos los interesados en la matricula tienen que realizar la preinscripci\u00f3n a trav\u00e9s del <a href=\"https:\/\/docs.google.com\/forms\/d\/1pLr-hnSvwJj3E2vsDTLIEsommYWOkLsoxj1xlH8DQ9c\/edit\">formulario digital<\/a>.<\/p>\n\n\n\n<ul class=\"wp-block-list\">\n<li>Debido a que el n\u00famero de plazas en el curso se limitado, las plazas se asignar\u00e1n por riguroso orden de preinscripci\u00f3n.<\/li>\n\n\n\n<li>Cuando se haya formalizado la preinscripci\u00f3n, nos pondremos en contacto contigo por que puedas oficializar la matricula.<\/li>\n<\/ul>\n\n\n\n<p><strong>Periodo de matr\u00edcula <strong>(primavera 2026)<\/strong><\/strong><\/p>\n\n\n\n<p>Matricula abierta hasta el 9 de marzo de 2026.<\/p>\n\n\n\n<ul class=\"wp-block-list\">\n<li>La formalizaci\u00f3n de la matricula no se puede hacer efectiva hasta que se comprueben que los requisitos para acceder sue\u00f1o los exigidos. <\/li>\n\n\n\n<li>Cuando se haya formalizado la matricula, nos pondremos en contacto contigo para hacer la confirmaci\u00f3n. <\/li>\n\n\n\n<li>La Oficina de Estudios Japoneses de la UAB &#8211; JF Sakura Network se reserva el derecho para cancelar cualquier grupo en el caso de que no haya un m\u00ednimo de alumnado matriculado, volviendo el dinero de la matricula a cada uno del alumnado inscrito.<\/li>\n\n\n\n<li>Una vez iniciada el curso, no se realizar\u00e1 ninguna devoluci\u00f3n de la matricula abonada. <\/li>\n<\/ul>\n\n\n\n<blockquote class=\"wp-block-quote is-layout-flow wp-block-quote-is-layout-flow\">\n<p>Sobre el m\u00e9todo Marugoto y los detalles de cada nivel, por favor, consulta la siguiente p\u00e1gina web (ingl\u00e9s):<\/p>\n<cite>&nbsp;<a href=\"https:\/\/marugoto.jpf.go.jp\/en\/about\/marugoto\/\" target=\"_blank\" rel=\"noreferrer noopener\">https:\/\/marugoto.jpf.go.jp\/en\/about\/marugoto\/<\/a><br><\/cite><\/blockquote>\n","protected":false},"excerpt":{"rendered":"<p>\u00a1Convocatoria abierta de cursos de japon\u00e9s (primavera 2026)! Oferta de cursos 2026 Ofrecemos cursos de japon\u00e9s de nivel inicial a avanzado, en modalidad presencial u online. Las clases se imparten dos veces por semana, con sesiones de dos horas. Se ofrecen cursos de primavera (de mediados de marzo a finales de junio) y de oto\u00f1o [&hellip;]<\/p>\n","protected":false},"author":2856,"featured_media":0,"parent":0,"menu_order":0,"comment_status":"closed","ping_status":"closed","template":"","meta":{"footnotes":""},"class_list":["post-331","page","type-page","status-publish","hentry"],"_links":{"self":[{"href":"https:\/\/webs.uab.cat\/oficinasakura\/es\/wp-json\/wp\/v2\/pages\/331","targetHints":{"allow":["GET"]}}],"collection":[{"href":"https:\/\/webs.uab.cat\/oficinasakura\/es\/wp-json\/wp\/v2\/pages"}],"about":[{"href":"https:\/\/webs.uab.cat\/oficinasakura\/es\/wp-json\/wp\/v2\/types\/page"}],"author":[{"embeddable":true,"href":"https:\/\/webs.uab.cat\/oficinasakura\/es\/wp-json\/wp\/v2\/users\/2856"}],"replies":[{"embeddable":true,"href":"https:\/\/webs.uab.cat\/oficinasakura\/es\/wp-json\/wp\/v2\/comments?post=331"}],"version-history":[{"count":30,"href":"https:\/\/webs.uab.cat\/oficinasakura\/es\/wp-json\/wp\/v2\/pages\/331\/revisions"}],"predecessor-version":[{"id":785,"href":"https:\/\/webs.uab.cat\/oficinasakura\/es\/wp-json\/wp\/v2\/pages\/331\/revisions\/785"}],"wp:attachment":[{"href":"https:\/\/webs.uab.cat\/oficinasakura\/es\/wp-json\/wp\/v2\/media?parent=331"}],"curies":[{"name":"wp","href":"https:\/\/api.w.org\/{rel}","templated":true}]}}