{"id":336,"date":"2024-02-06T15:52:37","date_gmt":"2024-02-06T13:52:37","guid":{"rendered":"https:\/\/webs.uab.cat\/oficinasakura\/jf-sakura-network\/"},"modified":"2024-04-18T15:08:01","modified_gmt":"2024-04-18T13:08:01","slug":"jf-sakura-network","status":"publish","type":"page","link":"https:\/\/webs.uab.cat\/oficinasakura\/es\/jf-sakura-network\/","title":{"rendered":"JF Sakura Network"},"content":{"rendered":"\n<p><strong>La <em>Oficina de Estudios Japoneses de la UAB \u2013 JF Sakura Network<\/em> trabaja en la mejora de la docencia y el estudio de la lengua y la cultura japonesas desde su sede al campus de la UAB.<\/strong><\/p>\n\n<p>La red <a href=\"https:\/\/www.jpf.go.jp\/e\/project\/japanese\/education\/network\/\"> Sakura Network<\/a> depende de la <a href=\"https:\/\/webs.uab.cat\/oficinasakura\/wp-admin\/post.php?post=43&amp;action=edit#:~:text=y%20de%20doctorado.-,The%20Japan%20Foundation,-(s%27obre%20en%20una\">Japan Foundation<\/a>, representada en el Estado por <a href=\"https:\/\/www.fundacionjapon.es\/es\/\">Fundaci\u00f3n Jap\u00f3n<\/a>, Madrid, la instituci\u00f3n gubernamental encargada de la promoci\u00f3n de la lengua y la cultura japonesas en todo el mundo, y est\u00e1 dedicada a la mejora constante de la ense\u00f1anza de los estudios japoneses.<\/p>\n\n<p>La Oficina de Estudios Japoneses de la UAB \u2013 JF Sakura Network es la \u00fanica en el Estado y forma parte de la Facultad de Traducci\u00f3n y de Interpretaci\u00f3n de la UAB, la universidad con m\u00e1s estudiantes de japon\u00e9s y la primera a acoger el Examen Oficial de Nivel de Lengua Japonesa <em>(<\/em>JLPT\/N\u014dken) en Espa\u00f1a. La UAB tiene convenios con las principales universidades japonesas para el intercambio acad\u00e9mico de estudiantes, y es la \u00fanica universidad catalana que ofrece estudios japoneses, en el marco de los estudios de Asia Oriental, tanto a nivel de grado, como de m\u00e1ster y de doctorado.<\/p>\n\n<h2 class=\"wp-block-heading\">Horarios<\/h2>\n\n<p>Nuestra oficina y nuestra biblioteca est\u00e1n abiertas para consultas y m\u00e1s informaci\u00f3n.<\/p>\n\n<p> A continuaci\u00f3n ten\u00e9is disponibles los horarios de este mes:<\/p>\n\n<figure class=\"wp-block-image size-large\"><img loading=\"lazy\" decoding=\"async\" width=\"1024\" height=\"725\" src=\"https:\/\/webs.uab.cat\/oficinasakura\/wp-content\/uploads\/sites\/543\/2024\/03\/calendar_tatsu_2024_dai_03_page-0001-1024x725.jpg\" alt=\"\" class=\"wp-image-196\" srcset=\"https:\/\/webs.uab.cat\/oficinasakura\/wp-content\/uploads\/sites\/543\/2024\/03\/calendar_tatsu_2024_dai_03_page-0001-1024x725.jpg 1024w, https:\/\/webs.uab.cat\/oficinasakura\/wp-content\/uploads\/sites\/543\/2024\/03\/calendar_tatsu_2024_dai_03_page-0001-300x212.jpg 300w, https:\/\/webs.uab.cat\/oficinasakura\/wp-content\/uploads\/sites\/543\/2024\/03\/calendar_tatsu_2024_dai_03_page-0001-768x543.jpg 768w, https:\/\/webs.uab.cat\/oficinasakura\/wp-content\/uploads\/sites\/543\/2024\/03\/calendar_tatsu_2024_dai_03_page-0001-1536x1087.jpg 1536w, https:\/\/webs.uab.cat\/oficinasakura\/wp-content\/uploads\/sites\/543\/2024\/03\/calendar_tatsu_2024_dai_03_page-0001-1200x849.jpg 1200w, https:\/\/webs.uab.cat\/oficinasakura\/wp-content\/uploads\/sites\/543\/2024\/03\/calendar_tatsu_2024_dai_03_page-0001.jpg 1754w\" sizes=\"auto, (max-width: 1024px) 100vw, 1024px\" \/><\/figure>\n\n<h2 class=\"wp-block-heading\">Calendario de Abril<\/h2>\n\n<p class=\"has-small-font-size\"><br\/>Para preguntas o para solicitar informaci\u00f3n, <strong>ponte en contacto con nosotros a trav\u00e9s de <a href=\"mailto:oficina.sakura@uab.cat\">oficina.sakura@uab.cat<\/a>.<\/strong><\/p>\n","protected":false},"excerpt":{"rendered":"<p>La Oficina de Estudios Japoneses de la UAB \u2013 JF Sakura Network trabaja en la mejora de la docencia y el estudio de la lengua y la cultura japonesas desde su sede al campus de la UAB. La red Sakura Network depende de la Japan Foundation, representada en el Estado por Fundaci\u00f3n Jap\u00f3n, Madrid, la [&hellip;]<\/p>\n","protected":false},"author":2856,"featured_media":0,"parent":0,"menu_order":0,"comment_status":"closed","ping_status":"closed","template":"","meta":{"footnotes":""},"class_list":["post-336","page","type-page","status-publish","hentry"],"_links":{"self":[{"href":"https:\/\/webs.uab.cat\/oficinasakura\/es\/wp-json\/wp\/v2\/pages\/336","targetHints":{"allow":["GET"]}}],"collection":[{"href":"https:\/\/webs.uab.cat\/oficinasakura\/es\/wp-json\/wp\/v2\/pages"}],"about":[{"href":"https:\/\/webs.uab.cat\/oficinasakura\/es\/wp-json\/wp\/v2\/types\/page"}],"author":[{"embeddable":true,"href":"https:\/\/webs.uab.cat\/oficinasakura\/es\/wp-json\/wp\/v2\/users\/2856"}],"replies":[{"embeddable":true,"href":"https:\/\/webs.uab.cat\/oficinasakura\/es\/wp-json\/wp\/v2\/comments?post=336"}],"version-history":[{"count":3,"href":"https:\/\/webs.uab.cat\/oficinasakura\/es\/wp-json\/wp\/v2\/pages\/336\/revisions"}],"predecessor-version":[{"id":339,"href":"https:\/\/webs.uab.cat\/oficinasakura\/es\/wp-json\/wp\/v2\/pages\/336\/revisions\/339"}],"wp:attachment":[{"href":"https:\/\/webs.uab.cat\/oficinasakura\/es\/wp-json\/wp\/v2\/media?parent=336"}],"curies":[{"name":"wp","href":"https:\/\/api.w.org\/{rel}","templated":true}]}}