{"id":375,"date":"2024-02-06T15:01:54","date_gmt":"2024-02-06T13:01:54","guid":{"rendered":"https:\/\/webs.uab.cat\/oficinasakura\/matriculacion-2\/"},"modified":"2024-04-26T13:21:25","modified_gmt":"2024-04-26T11:21:25","slug":"matriculacion-2","status":"publish","type":"page","link":"https:\/\/webs.uab.cat\/oficinasakura\/es\/matriculacion-2\/","title":{"rendered":"Matriculaci\u00f3n"},"content":{"rendered":"\n<p><strong><u>Oferta de cursos 2024<\/u><\/strong><\/p>\n\n<p>Impartimos cursos de japon\u00e9s de diferentes niveles en modalidad presencial o virtual desde febrero hasta mayo de 2024 (2 clases de 2 horas \/ semana: tanto las fechas y horas como la modalidad se determinar\u00e1n seg\u00fan la disponibilidad del alumnado y del profesorado).<\/p>\n\n<p>En estos cursos, aplicamos el nuevo m\u00e9todo de Marugoto, desarrollado por la propia Japan Foundation como instituci\u00f3n oficial responsable de la promoci\u00f3n de lengua japonesa en el exterior, permitiendo a cada estudiante mejorar sus destrezas comunicativas en una variedad de situaciones de la vida real japonesa.<\/p>\n\n<blockquote class=\"wp-block-quote is-layout-flow wp-block-quote-is-layout-flow\">\n<p>Sobre el m\u00e9todo Marugoto y los detalles de cada nivel, por favor, consulta la siguiente p\u00e1gina web (ingl\u00e9s):<\/p>\n<cite><a href=\"https:\/\/marugoto.jpf.go.jp\/en\/about\/marugoto\/\" target=\"_blank\" rel=\"noreferrer noopener\">https:\/\/marugoto.jpf.go.jp\/en\/about\/marugoto<\/a><\/cite><\/blockquote>\n\n<p><strong>Precio<\/strong><\/p>\n\n<figure class=\"wp-block-table\"><table><tbody><tr><td><strong>Categor\u00eda<\/strong><\/td><td><strong>Precio del Curso A1-1* (44H)<\/strong><\/td><td><strong><strong>Precio del Curso<\/strong><\/strong> <strong>A1-2* (40H)<\/strong><\/td><td><strong><strong>Precio del Curso<\/strong><\/strong> <strong>A2-1** (44H)<\/strong><\/td><\/tr><tr><td><strong>Alumnado y Personal UAB<\/strong><\/td><td>422,40\u20ac<\/td><td>384,00\u20ac<\/td><td>422,40\u20ac<\/td><\/tr><tr><td><strong>Comunidad Universitaria Vinculada<\/strong><\/td><td>448,80\u20ac<\/td><td>408,00\u20ac<\/td><td>448,80\u20ac<\/td><\/tr><tr><td><strong>Personas Externas<\/strong><\/td><td>528,00\u20ac<\/td><td>480,00\u20ac<\/td><td>528,00\u20ac<\/td><\/tr><\/tbody><\/table><\/figure>\n\n<p>El precio del curso incluye la matricula y todos los materiales, incluido el libro de texto Marugoto. <\/p>\n\n<ul class=\"wp-block-list\">\n<li>Alumnado y Personal UAB: Alumnos (grado y posgrado), Personal Acad\u00e9mico y de centros propios de la UAB. El precio del curso para las personas en esta categor\u00eda incluye un descuento del 20% sobre el precio para las personas externas.<\/li>\n\n\n\n<li>Comunidad Universitaria Vinculada: Amigos UAB, Esfera UAB, Parque de Investigaci\u00f3n, de Escuelas Adscritas, Alumni UAB, Fundaci\u00f3n Aut\u00f3noma y antiguos alumnos del Servicio de Lenguas. El precio del curso para las personas de esta categor\u00eda incluye un descuento del 15% sobre el precio para las personas externas.<\/li>\n<\/ul>\n\n<p><strong>Periodos de preinscripci\u00f3n <\/strong><\/p>\n\n<p>Todos los interesados en la matricula tienen que realizar la preinscripci\u00f3n a trav\u00e9s del formulario digital (<a href=\"https:\/\/forms.gle\/uiYmRCJXe9fEKZpr8\" target=\"_blank\" rel=\"noreferrer noopener\">https:\/\/forms.gle\/uiYmRCJXe9fEKZpr8<\/a> ) dentro de la disponibilidad del 1 de enero hasta el 15 de febrero de 2024.<\/p>\n\n<ul class=\"wp-block-list\">\n<li>Debido a que el n\u00famero de plazas en el curso se limitado, las plazas se asignar\u00e1n por riguroso orden de preinscripci\u00f3n.<\/li>\n\n\n\n<li>Cuando se haya formalizado la preinscripci\u00f3n, nos pondremos en contacto contigo por que puedas oficializar la matricula.<\/li>\n<\/ul>\n\n<p><strong>Periodo de matricula<\/strong>:Matricula abierta hasta partir del 1 de Enero de 2024 <\/p>\n\n<ul class=\"wp-block-list\">\n<li>La formalizaci\u00f3n de la matricula no se puede hacer efectiva hasta que se comprueben que los requisitos para acceder sue\u00f1o los exigidos. <\/li>\n\n\n\n<li>Cuando se haya formalizado la matricula, nos pondremos en contacto contigo para hacer la confirmaci\u00f3n. <\/li>\n\n\n\n<li>La Oficina de Estudios Japoneses de la UAB &#8211; JF Sakura Network se reserva el derecho para cancelar cualquier grupo en el caso de que no haya un m\u00ednimo de alumnado matriculado, volviendo el dinero de la matricula a cada uno del alumnado inscrito.<\/li>\n\n\n\n<li>Una vez iniciada el curso, no se realizar\u00e1 ninguna devoluci\u00f3n de la matricula abonada. <\/li>\n<\/ul>\n\n<blockquote class=\"wp-block-quote is-layout-flow wp-block-quote-is-layout-flow\">\n<p>Sobre el m\u00e9todo Marugoto y los detalles de cada nivel, por favor, consulta la siguiente p\u00e1gina web (ingl\u00e9s):<\/p>\n<cite>&nbsp;<a href=\"https:\/\/marugoto.jpf.go.jp\/en\/about\/marugoto\/\" target=\"_blank\" rel=\"noreferrer noopener\">https:\/\/marugoto.jpf.go.jp\/en\/about\/marugoto\/<\/a><br><\/cite><\/blockquote>\n","protected":false},"excerpt":{"rendered":"<p>Oferta de cursos 2024 Impartimos cursos de japon\u00e9s de diferentes niveles en modalidad presencial o virtual desde febrero hasta mayo de 2024 (2 clases de 2 horas \/ semana: tanto las fechas y horas como la modalidad se determinar\u00e1n seg\u00fan la disponibilidad del alumnado y del profesorado). En estos cursos, aplicamos el nuevo m\u00e9todo de [&hellip;]<\/p>\n","protected":false},"author":2856,"featured_media":0,"parent":0,"menu_order":0,"comment_status":"closed","ping_status":"closed","template":"","meta":{"footnotes":""},"class_list":["post-375","page","type-page","status-publish","hentry"],"_links":{"self":[{"href":"https:\/\/webs.uab.cat\/oficinasakura\/es\/wp-json\/wp\/v2\/pages\/375","targetHints":{"allow":["GET"]}}],"collection":[{"href":"https:\/\/webs.uab.cat\/oficinasakura\/es\/wp-json\/wp\/v2\/pages"}],"about":[{"href":"https:\/\/webs.uab.cat\/oficinasakura\/es\/wp-json\/wp\/v2\/types\/page"}],"author":[{"embeddable":true,"href":"https:\/\/webs.uab.cat\/oficinasakura\/es\/wp-json\/wp\/v2\/users\/2856"}],"replies":[{"embeddable":true,"href":"https:\/\/webs.uab.cat\/oficinasakura\/es\/wp-json\/wp\/v2\/comments?post=375"}],"version-history":[{"count":3,"href":"https:\/\/webs.uab.cat\/oficinasakura\/es\/wp-json\/wp\/v2\/pages\/375\/revisions"}],"predecessor-version":[{"id":378,"href":"https:\/\/webs.uab.cat\/oficinasakura\/es\/wp-json\/wp\/v2\/pages\/375\/revisions\/378"}],"wp:attachment":[{"href":"https:\/\/webs.uab.cat\/oficinasakura\/es\/wp-json\/wp\/v2\/media?parent=375"}],"curies":[{"name":"wp","href":"https:\/\/api.w.org\/{rel}","templated":true}]}}