{"id":24,"date":"2024-02-06T15:01:54","date_gmt":"2024-02-06T13:01:54","guid":{"rendered":"https:\/\/webs.uab.cat\/oficinasakura\/?page_id=24"},"modified":"2024-04-04T14:18:38","modified_gmt":"2024-04-04T12:18:38","slug":"noken","status":"publish","type":"page","link":"https:\/\/webs.uab.cat\/oficinasakura\/noken\/","title":{"rendered":"Noken"},"content":{"rendered":"\n<p class=\"has-text-align-left\">En la nostra dedicada instituci\u00f3, ens enorgulleix oferir un entorn educatiu enriquidor per a aquells apassionats per la llengua i la cultura japonesa. Encara que <strong>actualment no brindem assist\u00e8ncia ni acompanyament espec\u00edfic per a l&#8217;examen de Noken<\/strong>, ens complau informar-los que som especialistes a proporcionar classes de japon\u00e8s d&#8217;alta qualitat. Si us plau, contacta amb el C\u00f3mite organitzador de l&#8217;examen (<strong>noken@uab.cat<\/strong>) o el seu coordinador, el Prof. Takatoshi Hanawa (<strong>takatoshi.hanawa@uab.cat<\/strong>).<\/p>\n\n\n\n<p>El nostre equip d&#8217;instructors altament capacitats i experimentats es dedica a ajudar els estudiants a aconseguir les seves metes ling\u00fc\u00edstiques i culturals. Oferim un pla d&#8217;estudis complet i personalitzat que abasta des dels conceptes b\u00e0sics fins a nivells avan\u00e7ats, permetent als nostres alumnes desenvolupar habilitats s\u00f2lides en lectura, escriptura, comprensi\u00f3 auditiva i expressi\u00f3 oral en japon\u00e8s.<\/p>\n\n\n\n<p>A m\u00e9s de les nostres classes, fomentem un ambient d&#8217;aprenentatge interactiu i col\u00b7laboratiu que permet als estudiants submergir-se de manera efectiva en l&#8217;idioma i la cultura japonesa. Creiem que l&#8217;experi\u00e8ncia d&#8217;aprenentatge va m\u00e9s enll\u00e0 de la simple adquisici\u00f3 de coneixements; \u00e9s un viatge emocionant cap a la comprensi\u00f3 profunda i l&#8217;apreciaci\u00f3 de la riquesa cultural del Jap\u00f3.<\/p>\n\n\n\n<p>Si b\u00e9 no oferim assist\u00e8ncia espec\u00edfica per a l&#8217;examen de Noken, confiem que les nostres classes de japon\u00e8s brindaran una base s\u00f2lida per a aquells que busquen millorar les seves habilitats ling\u00fc\u00edstiques i culturals. Estem compromesos a fer costat als nostres estudiants en el seu viatge educatiu i esperem ser part del seu \u00e8xit en l&#8217;estudi del japon\u00e8s.<\/p>\n\n\n\n<p><strong>Gr\u00e0cies per considerar la nostra Oficina d&#8217;Estudis Japonesos com el seu dest\u00ed educatiu! Si t\u00e9 alguna pregunta o desitja obtenir m\u00e9s informaci\u00f3 sobre les nostres classes, no dubti a posar-se en contacte amb nosaltres. Som aqu\u00ed per a ajudar-lo a aconseguir els seus objectius d&#8217;aprenentatge de japon\u00e8s.<\/strong><\/p>\n","protected":false},"excerpt":{"rendered":"<p>En la nostra dedicada instituci\u00f3, ens enorgulleix oferir un entorn educatiu enriquidor per a aquells apassionats per la llengua i la cultura japonesa. Encara que actualment no brindem assist\u00e8ncia ni acompanyament espec\u00edfic per a l&#8217;examen de Noken, ens complau informar-los que som especialistes a proporcionar classes de japon\u00e8s d&#8217;alta qualitat. Si us plau, contacta amb [&hellip;]<\/p>\n","protected":false},"author":2856,"featured_media":0,"parent":0,"menu_order":0,"comment_status":"closed","ping_status":"closed","template":"","meta":{"footnotes":""},"class_list":["post-24","page","type-page","status-publish","hentry"],"_links":{"self":[{"href":"https:\/\/webs.uab.cat\/oficinasakura\/wp-json\/wp\/v2\/pages\/24","targetHints":{"allow":["GET"]}}],"collection":[{"href":"https:\/\/webs.uab.cat\/oficinasakura\/wp-json\/wp\/v2\/pages"}],"about":[{"href":"https:\/\/webs.uab.cat\/oficinasakura\/wp-json\/wp\/v2\/types\/page"}],"author":[{"embeddable":true,"href":"https:\/\/webs.uab.cat\/oficinasakura\/wp-json\/wp\/v2\/users\/2856"}],"replies":[{"embeddable":true,"href":"https:\/\/webs.uab.cat\/oficinasakura\/wp-json\/wp\/v2\/comments?post=24"}],"version-history":[{"count":5,"href":"https:\/\/webs.uab.cat\/oficinasakura\/wp-json\/wp\/v2\/pages\/24\/revisions"}],"predecessor-version":[{"id":208,"href":"https:\/\/webs.uab.cat\/oficinasakura\/wp-json\/wp\/v2\/pages\/24\/revisions\/208"}],"wp:attachment":[{"href":"https:\/\/webs.uab.cat\/oficinasakura\/wp-json\/wp\/v2\/media?parent=24"}],"curies":[{"name":"wp","href":"https:\/\/api.w.org\/{rel}","templated":true}]}}