{"id":25,"date":"2024-02-06T15:01:54","date_gmt":"2024-02-06T13:01:54","guid":{"rendered":"https:\/\/webs.uab.cat\/oficinasakura\/?page_id=25"},"modified":"2024-02-20T14:50:22","modified_gmt":"2024-02-20T12:50:22","slug":"contacte","status":"publish","type":"page","link":"https:\/\/webs.uab.cat\/oficinasakura\/contacte\/","title":{"rendered":"Contacte"},"content":{"rendered":"\n<h2 class=\"wp-block-heading\"><strong>Oficina de Estudios Japoneses de la UAB \u2013 JF Sakura Network&nbsp;<\/strong><\/h2>\n\n\n\n<p><strong>Direcci\u00f3:\u00a0<\/strong><a href=\"https:\/\/maps.app.goo.gl\/kNPfNtbGprhLpJw17\" data-type=\"link\" data-id=\"https:\/\/maps.app.goo.gl\/kNPfNtbGprhLpJw17\"><em>Avinguda de Serragalliners<\/em>,\u00a0<em>112<\/em>, Edifici MRA\/16, Campus de la UAB, 08193 Bellaterra (Cerdanyola del Vall\u00e8s)<\/a><\/p>\n\n\n\n<figure class=\"wp-block-image size-large\"><img loading=\"lazy\" decoding=\"async\" width=\"1024\" height=\"768\" src=\"https:\/\/webs.uab.cat\/oficinasakura\/wp-content\/uploads\/sites\/543\/2024\/02\/320055573_474189291400911_1687073685838451664_n-1024x768.jpg\" alt=\"\" class=\"wp-image-156\" srcset=\"https:\/\/webs.uab.cat\/oficinasakura\/wp-content\/uploads\/sites\/543\/2024\/02\/320055573_474189291400911_1687073685838451664_n-1024x768.jpg 1024w, https:\/\/webs.uab.cat\/oficinasakura\/wp-content\/uploads\/sites\/543\/2024\/02\/320055573_474189291400911_1687073685838451664_n-300x225.jpg 300w, https:\/\/webs.uab.cat\/oficinasakura\/wp-content\/uploads\/sites\/543\/2024\/02\/320055573_474189291400911_1687073685838451664_n-768x576.jpg 768w, https:\/\/webs.uab.cat\/oficinasakura\/wp-content\/uploads\/sites\/543\/2024\/02\/320055573_474189291400911_1687073685838451664_n-1200x900.jpg 1200w, https:\/\/webs.uab.cat\/oficinasakura\/wp-content\/uploads\/sites\/543\/2024\/02\/320055573_474189291400911_1687073685838451664_n.jpg 1440w\" sizes=\"auto, (max-width: 1024px) 100vw, 1024px\" \/><\/figure>\n\n\n\n<h2 class=\"wp-block-heading\">Correu<\/h2>\n\n\n\n<p><strong>Informaci\u00f3<\/strong>:&nbsp;<a href=\"blank\" target=\"_blank\" rel=\"noreferrer noopener\">oficina.sakura@uab.cat<\/a><\/p>\n\n\n\n<h2 class=\"wp-block-heading\">Xarxes Socials<\/h2>\n\n\n\n<p>S\u00edguenos en nuestras redes sociales&nbsp;<a href=\"https:\/\/www.instagram.com\/oficinasakura\/\" target=\"_blank\" rel=\"noreferrer noopener\">@oficinasakura<\/a>.<\/p>\n\n\n\n<ul class=\"wp-block-social-links has-normal-icon-size is-layout-flex wp-block-social-links-is-layout-flex\"><li class=\"wp-social-link wp-social-link-chain  wp-block-social-link\"><a href=\"https:\/\/www.instagram.com\/oficinasakura\/\" class=\"wp-block-social-link-anchor\"><svg width=\"24\" height=\"24\" viewBox=\"0 0 24 24\" version=\"1.1\" xmlns=\"http:\/\/www.w3.org\/2000\/svg\" aria-hidden=\"true\" focusable=\"false\"><path d=\"M15.6,7.2H14v1.5h1.6c2,0,3.7,1.7,3.7,3.7s-1.7,3.7-3.7,3.7H14v1.5h1.6c2.8,0,5.2-2.3,5.2-5.2,0-2.9-2.3-5.2-5.2-5.2zM4.7,12.4c0-2,1.7-3.7,3.7-3.7H10V7.2H8.4c-2.9,0-5.2,2.3-5.2,5.2,0,2.9,2.3,5.2,5.2,5.2H10v-1.5H8.4c-2,0-3.7-1.7-3.7-3.7zm4.6.9h5.3v-1.5H9.3v1.5z\"><\/path><\/svg><span class=\"wp-block-social-link-label screen-reader-text\">Enlla\u00e7<\/span><\/a><\/li><\/ul>\n","protected":false},"excerpt":{"rendered":"<p>Oficina de Estudios Japoneses de la UAB \u2013 JF Sakura Network&nbsp; Direcci\u00f3:\u00a0Avinguda de Serragalliners,\u00a0112, Edifici MRA\/16, Campus de la UAB, 08193 Bellaterra (Cerdanyola del Vall\u00e8s) Correu Informaci\u00f3:&nbsp;oficina.sakura@uab.cat Xarxes Socials S\u00edguenos en nuestras redes sociales&nbsp;@oficinasakura.<\/p>\n","protected":false},"author":2856,"featured_media":0,"parent":0,"menu_order":0,"comment_status":"closed","ping_status":"closed","template":"","meta":{"footnotes":""},"class_list":["post-25","page","type-page","status-publish","hentry"],"_links":{"self":[{"href":"https:\/\/webs.uab.cat\/oficinasakura\/wp-json\/wp\/v2\/pages\/25","targetHints":{"allow":["GET"]}}],"collection":[{"href":"https:\/\/webs.uab.cat\/oficinasakura\/wp-json\/wp\/v2\/pages"}],"about":[{"href":"https:\/\/webs.uab.cat\/oficinasakura\/wp-json\/wp\/v2\/types\/page"}],"author":[{"embeddable":true,"href":"https:\/\/webs.uab.cat\/oficinasakura\/wp-json\/wp\/v2\/users\/2856"}],"replies":[{"embeddable":true,"href":"https:\/\/webs.uab.cat\/oficinasakura\/wp-json\/wp\/v2\/comments?post=25"}],"version-history":[{"count":11,"href":"https:\/\/webs.uab.cat\/oficinasakura\/wp-json\/wp\/v2\/pages\/25\/revisions"}],"predecessor-version":[{"id":165,"href":"https:\/\/webs.uab.cat\/oficinasakura\/wp-json\/wp\/v2\/pages\/25\/revisions\/165"}],"wp:attachment":[{"href":"https:\/\/webs.uab.cat\/oficinasakura\/wp-json\/wp\/v2\/media?parent=25"}],"curies":[{"name":"wp","href":"https:\/\/api.w.org\/{rel}","templated":true}]}}