{"id":43,"date":"2024-02-06T15:10:32","date_gmt":"2024-02-06T13:10:32","guid":{"rendered":"https:\/\/webs.uab.cat\/oficinasakura\/?page_id=43"},"modified":"2024-02-06T15:37:56","modified_gmt":"2024-02-06T13:37:56","slug":"oficina","status":"publish","type":"page","link":"https:\/\/webs.uab.cat\/oficinasakura\/oficina\/","title":{"rendered":"Oficina"},"content":{"rendered":"\n<p><strong>L&#8217;<em>Oficina d&#8217;Estudis Japonesos de la UAB \u2013 JF Sakura Network<\/em> treballa en la millora de la doc\u00e8ncia i l&#8217;estudi de la llengua i la cultura japoneses des de la seva seu al campus de la UAB.<\/strong><\/p>\n\n\n\n<p>La xarxa <a href=\"https:\/\/www.jpf.go.jp\/e\/project\/japanese\/education\/network\/\" data-type=\"link\" data-id=\"https:\/\/www.jpf.go.jp\/e\/project\/japanese\/education\/network\/\">Sakura Network<\/a> dep\u00e8n de la <a href=\"https:\/\/webs.uab.cat\/oficinasakura\/wp-admin\/post.php?post=43&amp;action=edit#:~:text=y%20de%20doctorado.-,The%20Japan%20Foundation,-(s%27obre%20en%20una\" data-type=\"link\" data-id=\"https:\/\/webs.uab.cat\/oficinasakura\/wp-admin\/post.php?post=43&amp;action=edit#:~:text=y%20de%20doctorado.-,The%20Japan%20Foundation,-(s%27obre%20en%20una\">Japan Foundation<\/a>, representada en l&#8217;Estat per <a href=\"https:\/\/www.fundacionjapon.es\/es\/\" data-type=\"link\" data-id=\"https:\/\/www.fundacionjapon.es\/es\/\">Fundaci\u00f3 Jap\u00f3<\/a>, Madrid, la instituci\u00f3 governamental encarregada de la promoci\u00f3 de la llengua i la cultura japoneses a tot el m\u00f3n, i est\u00e0 dedicada a la millora constant de l&#8217;ensenyament dels estudis japonesos.<\/p>\n\n\n\n<p>L&#8217;Oficina d&#8217;Estudis Japonesos de la UAB \u2013 JF Sakura Network \u00e9s l&#8217;\u00fanica en l&#8217;Estat i forma part de la Facultat de Traducci\u00f3 i d&#8217;Interpretaci\u00f3 de la UAB, la universitat amb m\u00e9s estudiants de japon\u00e8s i la primera a acollir l&#8217;Examen Oficial de Nivell de Llengua Japonesa <em>(<\/em>JLPT\/N\u014dken) a Espanya. La UAB t\u00e9 convenis amb les principals universitats japoneses per a l&#8217;intercanvi acad\u00e8mic d&#8217;estudiants, i \u00e9s l&#8217;\u00fanica universitat catalana que ofereix estudis japonesos, en el marc dels estudis d&#8217;\u00c0sia Oriental, tant a nivell de grau, com de m\u00e0ster i de doctorat.<\/p>\n","protected":false},"excerpt":{"rendered":"<p>L&#8217;Oficina d&#8217;Estudis Japonesos de la UAB \u2013 JF Sakura Network treballa en la millora de la doc\u00e8ncia i l&#8217;estudi de la llengua i la cultura japoneses des de la seva seu al campus de la UAB. La xarxa Sakura Network dep\u00e8n de la Japan Foundation, representada en l&#8217;Estat per Fundaci\u00f3 Jap\u00f3, Madrid, la instituci\u00f3 governamental [&hellip;]<\/p>\n","protected":false},"author":2856,"featured_media":0,"parent":0,"menu_order":0,"comment_status":"closed","ping_status":"closed","template":"","meta":{"footnotes":""},"class_list":["post-43","page","type-page","status-publish","hentry"],"_links":{"self":[{"href":"https:\/\/webs.uab.cat\/oficinasakura\/wp-json\/wp\/v2\/pages\/43","targetHints":{"allow":["GET"]}}],"collection":[{"href":"https:\/\/webs.uab.cat\/oficinasakura\/wp-json\/wp\/v2\/pages"}],"about":[{"href":"https:\/\/webs.uab.cat\/oficinasakura\/wp-json\/wp\/v2\/types\/page"}],"author":[{"embeddable":true,"href":"https:\/\/webs.uab.cat\/oficinasakura\/wp-json\/wp\/v2\/users\/2856"}],"replies":[{"embeddable":true,"href":"https:\/\/webs.uab.cat\/oficinasakura\/wp-json\/wp\/v2\/comments?post=43"}],"version-history":[{"count":6,"href":"https:\/\/webs.uab.cat\/oficinasakura\/wp-json\/wp\/v2\/pages\/43\/revisions"}],"predecessor-version":[{"id":67,"href":"https:\/\/webs.uab.cat\/oficinasakura\/wp-json\/wp\/v2\/pages\/43\/revisions\/67"}],"wp:attachment":[{"href":"https:\/\/webs.uab.cat\/oficinasakura\/wp-json\/wp\/v2\/media?parent=43"}],"curies":[{"name":"wp","href":"https:\/\/api.w.org\/{rel}","templated":true}]}}